{"id":177,"date":"2020-10-16T11:56:26","date_gmt":"2020-10-16T09:56:26","guid":{"rendered":"http:\/\/gitelozerejavols.com\/mentions-legales\/"},"modified":"2020-10-18T23:21:21","modified_gmt":"2020-10-18T21:21:21","slug":"mentions-legales","status":"publish","type":"page","link":"http:\/\/gitelozerejavols.com\/en\/mentions-legales\/","title":{"rendered":"Legal Notice"},"content":{"rendered":"<div id=\"pl-gb177-69d6e82fd00d0\"  class=\"panel-layout\" ><div id=\"pg-gb177-69d6e82fd00d0-0\"  class=\"panel-grid panel-has-style\" ><div style=\"padding: 100px 0; \" data-overlay=\"true\" data-overlay-color=\"#000000\" class=\"panel-row-style panel-row-style-for-gb177-69d6e82fd00d0-0\" ><div id=\"pgc-gb177-69d6e82fd00d0-0-0\"  class=\"panel-grid-cell\" ><div id=\"panel-gb177-69d6e82fd00d0-0-0-0\" class=\"so-panel widget widget_sow-editor panel-first-child panel-last-child\" data-index=\"0\" ><div style=\"text-align: left;\" data-title-color=\"#443f3f\" data-headings-color=\"#443f3f\" class=\"panel-widget-style panel-widget-style-for-gb177-69d6e82fd00d0-0-0-0\" ><div\n\t\t\t\n\t\t\tclass=\"so-widget-sow-editor so-widget-sow-editor-base\"\n\t\t\t\n\t\t><h3 class=\"widget-title\">Mentions L\u00e9gales<\/h3>\n<div class=\"siteorigin-widget-tinymce textwidget\">\n\t<h3><strong>\u00c9dition\u00a0<\/strong><\/h3>\n<p>GRANIER Pascale<img loading=\"lazy\" decoding=\"async\" class=\"alignright wp-image-722 size-medium\" title=\"mentions l\u00e9gales So Conseils \" src=\"https:\/\/www.soconseils.fr\/wp-content\/uploads\/2016\/11\/Mentions-legales-so-conseils-300x300.jpg\" alt=\"Mentions l\u00e9gales de l'entreprise So conseils \" width=\"300\" height=\"300\" \/><\/p>\n<hr \/>\n<h4>D\u00e9claration \u00e0 la CNIL<\/h4>\n<p>Conform\u00e9ment \u00e0 la loi n\u00b0 78-17 du 6 janvier 1978 modifi\u00e9e, dite loi \u201d Informatique et libert\u00e9s \u201c, le pr\u00e9sent site a fait l\u2019objet d\u2019une d\u00e9claration \u00e0 la commission nationale de l\u2019informatique et des libert\u00e9s (CNIL).<\/p>\n<hr \/>\n<h4>Directrice de la publication<\/h4>\n<p>GRANIER Pascale<\/p>\n<p>T\u00e9l. : 04 66 42 87 67<\/p>\n<p>Email : benoit.granier950@orange.fr<\/p>\n<hr \/>\n<h4>Propri\u00e9t\u00e9 intellectuelle<\/h4>\n<p>L\u2019int\u00e9gralit\u00e9 de ce site est prot\u00e9g\u00e9e par les l\u00e9gislations fran\u00e7aises et internationales relatives \u00e0 la propri\u00e9t\u00e9 intellectuelle. Tous les droits de reproduction sont r\u00e9serv\u00e9s. L\u2019ensemble des textes composant les pages de ce site ne peut, conform\u00e9ment aux dispositions du code de la propri\u00e9t\u00e9 intellectuelle, faire l\u2019objet d\u2019une quelconque repr\u00e9sentation ou reproduction, int\u00e9grale ou partielle, sur quelque support que ce soit, sans l\u2019autorisation expresse et pr\u00e9alable de GRANIER Pascale. De m\u00eame, les marques, noms commerciaux et logos figurant sur ce site sont d\u00e9pos\u00e9s. Leur reproduction totale ou partielle, effectu\u00e9e \u00e0 partir des \u00e9l\u00e9ments du site est prohib\u00e9e.<\/p>\n<hr \/>\n<h4>H\u00e9b\u00e9rgement<\/h4>\n<p>ONLINE SAS BP<\/p>\n<p>438 75366<\/p>\n<p>PARIS CEDEX 08<\/p>\n<p>&nbsp;<\/p>\n<\/div>\n<\/div><\/div><\/div><\/div><\/div><\/div><\/div>","protected":false},"excerpt":{"rendered":"<p>\u00c9dition\u00a0 GRANIER Pascale D\u00e9claration \u00e0 la CNIL Conform\u00e9ment \u00e0 la loi n\u00b0 78-17 du 6 janvier 1978 modifi\u00e9e, dite loi \u201d Informatique et libert\u00e9s \u201c, le pr\u00e9sent site a fait l\u2019objet d\u2019une d\u00e9claration \u00e0 la commission nationale de l\u2019informatique et des libert\u00e9s (CNIL). Directrice de la publication GRANIER Pascale T\u00e9l. : 04 66 42 87 [&hellip;]<\/p>\n","protected":false},"author":2,"featured_media":0,"parent":0,"menu_order":0,"comment_status":"closed","ping_status":"closed","template":"page-templates\/page_front-page.php","meta":{"footnotes":""},"yoast_head":"<!-- This site is optimized with the Yoast SEO plugin v21.6 - https:\/\/yoast.com\/wordpress\/plugins\/seo\/ -->\n<title>Legal Notice -<\/title>\n<meta name=\"robots\" content=\"index, follow, max-snippet:-1, max-image-preview:large, max-video-preview:-1\" \/>\n<link rel=\"canonical\" href=\"http:\/\/gitelozerejavols.com\/en\/mentions-legales\/\" \/>\n<meta property=\"og:locale\" content=\"en_US\" \/>\n<meta property=\"og:type\" content=\"article\" \/>\n<meta property=\"og:title\" content=\"Legal Notice -\" \/>\n<meta property=\"og:description\" content=\"\u00c9dition\u00a0 GRANIER Pascale D\u00e9claration \u00e0 la CNIL Conform\u00e9ment \u00e0 la loi n\u00b0 78-17 du 6 janvier 1978 modifi\u00e9e, dite loi \u201d Informatique et libert\u00e9s \u201c, le pr\u00e9sent site a fait l\u2019objet d\u2019une d\u00e9claration \u00e0 la commission nationale de l\u2019informatique et des libert\u00e9s (CNIL). Directrice de la publication GRANIER Pascale T\u00e9l. : 04 66 42 87 [&hellip;]\" \/>\n<meta property=\"og:url\" content=\"http:\/\/gitelozerejavols.com\/en\/mentions-legales\/\" \/>\n<meta property=\"article:modified_time\" content=\"2020-10-18T21:21:21+00:00\" \/>\n<meta property=\"og:image\" content=\"https:\/\/www.soconseils.fr\/wp-content\/uploads\/2016\/11\/Mentions-legales-so-conseils-300x300.jpg\" \/>\n<meta name=\"twitter:card\" content=\"summary_large_image\" \/>\n<meta name=\"twitter:label1\" content=\"Est. reading time\" \/>\n\t<meta name=\"twitter:data1\" content=\"1 minute\" \/>\n<script type=\"application\/ld+json\" class=\"yoast-schema-graph\">{\"@context\":\"https:\/\/schema.org\",\"@graph\":[{\"@type\":\"WebPage\",\"@id\":\"http:\/\/gitelozerejavols.com\/en\/mentions-legales\/\",\"url\":\"http:\/\/gitelozerejavols.com\/en\/mentions-legales\/\",\"name\":\"Legal Notice -\",\"isPartOf\":{\"@id\":\"http:\/\/gitelozerejavols.com\/#website\"},\"datePublished\":\"2020-10-16T09:56:26+00:00\",\"dateModified\":\"2020-10-18T21:21:21+00:00\",\"breadcrumb\":{\"@id\":\"http:\/\/gitelozerejavols.com\/en\/mentions-legales\/#breadcrumb\"},\"inLanguage\":\"en-US\",\"potentialAction\":[{\"@type\":\"ReadAction\",\"target\":[\"http:\/\/gitelozerejavols.com\/en\/mentions-legales\/\"]}]},{\"@type\":\"BreadcrumbList\",\"@id\":\"http:\/\/gitelozerejavols.com\/en\/mentions-legales\/#breadcrumb\",\"itemListElement\":[{\"@type\":\"ListItem\",\"position\":1,\"name\":\"Accueil\",\"item\":\"https:\/\/gitelozerejavols.com\/en\/\"},{\"@type\":\"ListItem\",\"position\":2,\"name\":\"Legal Notice\"}]},{\"@type\":\"WebSite\",\"@id\":\"http:\/\/gitelozerejavols.com\/#website\",\"url\":\"http:\/\/gitelozerejavols.com\/\",\"name\":\"\",\"description\":\"\",\"potentialAction\":[{\"@type\":\"SearchAction\",\"target\":{\"@type\":\"EntryPoint\",\"urlTemplate\":\"http:\/\/gitelozerejavols.com\/?s={search_term_string}\"},\"query-input\":\"required name=search_term_string\"}],\"inLanguage\":\"en-US\"}]}<\/script>\n<!-- \/ Yoast SEO plugin. -->","yoast_head_json":{"title":"Legal Notice -","robots":{"index":"index","follow":"follow","max-snippet":"max-snippet:-1","max-image-preview":"max-image-preview:large","max-video-preview":"max-video-preview:-1"},"canonical":"http:\/\/gitelozerejavols.com\/en\/mentions-legales\/","og_locale":"en_US","og_type":"article","og_title":"Legal Notice -","og_description":"\u00c9dition\u00a0 GRANIER Pascale D\u00e9claration \u00e0 la CNIL Conform\u00e9ment \u00e0 la loi n\u00b0 78-17 du 6 janvier 1978 modifi\u00e9e, dite loi \u201d Informatique et libert\u00e9s \u201c, le pr\u00e9sent site a fait l\u2019objet d\u2019une d\u00e9claration \u00e0 la commission nationale de l\u2019informatique et des libert\u00e9s (CNIL). Directrice de la publication GRANIER Pascale T\u00e9l. : 04 66 42 87 [&hellip;]","og_url":"http:\/\/gitelozerejavols.com\/en\/mentions-legales\/","article_modified_time":"2020-10-18T21:21:21+00:00","og_image":[{"url":"https:\/\/www.soconseils.fr\/wp-content\/uploads\/2016\/11\/Mentions-legales-so-conseils-300x300.jpg"}],"twitter_card":"summary_large_image","twitter_misc":{"Est. reading time":"1 minute"},"schema":{"@context":"https:\/\/schema.org","@graph":[{"@type":"WebPage","@id":"http:\/\/gitelozerejavols.com\/en\/mentions-legales\/","url":"http:\/\/gitelozerejavols.com\/en\/mentions-legales\/","name":"Legal Notice -","isPartOf":{"@id":"http:\/\/gitelozerejavols.com\/#website"},"datePublished":"2020-10-16T09:56:26+00:00","dateModified":"2020-10-18T21:21:21+00:00","breadcrumb":{"@id":"http:\/\/gitelozerejavols.com\/en\/mentions-legales\/#breadcrumb"},"inLanguage":"en-US","potentialAction":[{"@type":"ReadAction","target":["http:\/\/gitelozerejavols.com\/en\/mentions-legales\/"]}]},{"@type":"BreadcrumbList","@id":"http:\/\/gitelozerejavols.com\/en\/mentions-legales\/#breadcrumb","itemListElement":[{"@type":"ListItem","position":1,"name":"Accueil","item":"https:\/\/gitelozerejavols.com\/en\/"},{"@type":"ListItem","position":2,"name":"Legal Notice"}]},{"@type":"WebSite","@id":"http:\/\/gitelozerejavols.com\/#website","url":"http:\/\/gitelozerejavols.com\/","name":"","description":"","potentialAction":[{"@type":"SearchAction","target":{"@type":"EntryPoint","urlTemplate":"http:\/\/gitelozerejavols.com\/?s={search_term_string}"},"query-input":"required name=search_term_string"}],"inLanguage":"en-US"}]}},"_links":{"self":[{"href":"http:\/\/gitelozerejavols.com\/en\/wp-json\/wp\/v2\/pages\/177"}],"collection":[{"href":"http:\/\/gitelozerejavols.com\/en\/wp-json\/wp\/v2\/pages"}],"about":[{"href":"http:\/\/gitelozerejavols.com\/en\/wp-json\/wp\/v2\/types\/page"}],"author":[{"embeddable":true,"href":"http:\/\/gitelozerejavols.com\/en\/wp-json\/wp\/v2\/users\/2"}],"replies":[{"embeddable":true,"href":"http:\/\/gitelozerejavols.com\/en\/wp-json\/wp\/v2\/comments?post=177"}],"version-history":[{"count":1,"href":"http:\/\/gitelozerejavols.com\/en\/wp-json\/wp\/v2\/pages\/177\/revisions"}],"predecessor-version":[{"id":178,"href":"http:\/\/gitelozerejavols.com\/en\/wp-json\/wp\/v2\/pages\/177\/revisions\/178"}],"wp:attachment":[{"href":"http:\/\/gitelozerejavols.com\/en\/wp-json\/wp\/v2\/media?parent=177"}],"curies":[{"name":"wp","href":"https:\/\/api.w.org\/{rel}","templated":true}]}}