{"id":203,"date":"2020-10-16T16:41:31","date_gmt":"2020-10-16T14:41:31","guid":{"rendered":"http:\/\/gitelozerejavols.com\/le-lac-de-charpal\/"},"modified":"2020-12-07T11:09:14","modified_gmt":"2020-12-07T10:09:14","slug":"lake-of-charpal-gite-chez-lea","status":"publish","type":"page","link":"http:\/\/gitelozerejavols.com\/en\/lake-of-charpal-gite-chez-lea\/","title":{"rendered":"Lake of Charpal"},"content":{"rendered":"\n<div class=\"wp-block-group\"><div class=\"wp-block-group__inner-container is-layout-flow wp-block-group-is-layout-flow\">\n<div class=\"wp-block-group\"><div class=\"wp-block-group__inner-container is-layout-flow wp-block-group-is-layout-flow\">\n<div class=\"wp-block-group alignwide\"><div class=\"wp-block-group__inner-container is-layout-flow wp-block-group-is-layout-flow\">\n<p><\/p>\n\n\n\n<h3 class=\"has-text-align-center wp-block-heading\">LAKE OF CHARPAL<\/h3>\n\n\n\n<p class=\"has-text-align-center\"><strong>Stroll on Lake of Charpal near the cottage in Javols, Lozere.<\/strong><\/p>\n\n\n\n<p>To begin with, the cottage Chez L\u00e9a in Javols, Loz\u00e8re is located near Lake Charpal. We invite you to discover it during your stay.<\/p>\n\n\n\n<p>Located in Margeride on the plateau of the Palais du Roi, Lake of Charpal is known to be the<strong> largest no-kill fishing lake<\/strong> in France. Indeed, all caught fish must immediately and compulsorily be released.<\/p>\n\n\n\n<p>Therefore, the three most caught types of fish are pike, perch and rudd. In addition, this body of water with an area of <strong>190 hectares<\/strong> is part of a magnificent landscape of Margeride.<\/p>\n<\/div><\/div>\n<\/div><\/div>\n\n\n\n<div class=\"wp-block-image\"><figure class=\"aligncenter is-resized\"><img loading=\"lazy\" decoding=\"async\" src=\"http:\/\/gitelozerejavols.com\/wp-content\/uploads\/2020\/11\/lac-de-charpal-a-proximite-du-gite-a-javols-en-lozere.jpg\" alt=\"D\u00e9couvrez le gite chaleureux chez lea en Loz\u00e8re \u00e0 Javols\" width=\"391\" height=\"260\"\/><\/figure><\/div>\n\n\n\n<p>In fact, fishermen and walkers will be able to replenishing their spirits and enjoy the approximately 9 km course, laid out and marked in an authentic setting in the heart of the nature.<\/p>\n\n\n\n<ul><li>Additional access: The lake is set back from the D1 departmental road between Rieutort-de-Randon and Ch\u00e2teauneuf-de-Randon<\/li><li>The seasons of practice are: Spring, summer and finally autumn<\/li><\/ul>\n\n\n\n<p>No difficulties for this walk, it is ideal for enjoying the beauty of the environment. However, be sure to adapt your equipment depending on the season and the climate.<\/p>\n\n\n\n<div class=\"wp-block-image\"><figure class=\"aligncenter is-resized\"><img loading=\"lazy\" decoding=\"async\" src=\"http:\/\/gitelozerejavols.com\/wp-content\/uploads\/2020\/11\/peche-au-lac-de-charpal-activite-aux-alentours-du-gite-a-javols-en-lozere-e1606385143885.jpg\" alt=\"Gite de charme \u00e0 Javols en Loz\u00e8re proche du lac de charpal\" width=\"375\" height=\"249\"\/><\/figure><\/div>\n\n\n\n<p class=\"has-text-align-center\"><span class=\"has-inline-color has-black-color\">Find more information on the lake<\/span><span class=\"has-inline-color has-vivid-green-cyan-color\"> <a href=\"https:\/\/www.lozere-tourisme.com\/tour-du-lac-de-charpal\/monts-de-randon\/itilar048v508i5n?fbclid=IwAR3MXW5gkESxXoQPCmUx1RsWcFQuWhDKDTpxKQd4RzJmJj5YZ9tyxyexbUQ\" target=\"_blank\" rel=\"noreferrer noopener\">here<\/a><\/span><\/p>\n\n\n\n<p class=\"has-text-align-center\"><span class=\"has-inline-color has-vivid-green-cyan-color\"><a href=\"http:\/\/gitelozerejavols.com\/en\/activites-saisonnieres\/\">More activities<\/a><\/span><\/p>\n<\/div><\/div>\n\n\n\n<p><\/p>\n","protected":false},"excerpt":{"rendered":"<p>LAKE OF CHARPAL Stroll on Lake of Charpal near the cottage in Javols, Lozere. To begin with, the cottage Chez L\u00e9a in Javols, Loz\u00e8re is located near Lake Charpal. We invite you to discover it during your stay. Located in Margeride on the plateau of the Palais du Roi, Lake of Charpal is known to [&hellip;]<\/p>\n","protected":false},"author":2,"featured_media":0,"parent":0,"menu_order":0,"comment_status":"closed","ping_status":"closed","template":"page-templates\/page_front-page.php","meta":{"footnotes":""},"yoast_head":"<!-- This site is optimized with the Yoast SEO plugin v21.6 - https:\/\/yoast.com\/wordpress\/plugins\/seo\/ -->\n<title>Lake of Charpal - Gite Chez Lea - disciver the landscape of Margeride<\/title>\n<meta name=\"description\" content=\"Located in Margeride on the plateau of the Palais du Roi, Lake of Charpal is known to be the largest no-kill fishing lake in France.\" \/>\n<meta name=\"robots\" content=\"index, follow, max-snippet:-1, max-image-preview:large, max-video-preview:-1\" \/>\n<link rel=\"canonical\" href=\"http:\/\/gitelozerejavols.com\/en\/lake-of-charpal-gite-chez-lea\/\" \/>\n<meta property=\"og:locale\" content=\"en_US\" \/>\n<meta property=\"og:type\" content=\"article\" \/>\n<meta property=\"og:title\" content=\"Lake of Charpal - Gite Chez Lea - disciver the landscape of Margeride\" \/>\n<meta property=\"og:description\" content=\"Located in Margeride on the plateau of the Palais du Roi, Lake of Charpal is known to be the largest no-kill fishing lake in France.\" \/>\n<meta property=\"og:url\" content=\"http:\/\/gitelozerejavols.com\/en\/lake-of-charpal-gite-chez-lea\/\" \/>\n<meta property=\"article:modified_time\" content=\"2020-12-07T10:09:14+00:00\" \/>\n<meta property=\"og:image\" content=\"http:\/\/gitelozerejavols.com\/wp-content\/uploads\/2020\/11\/lac-de-charpal-a-proximite-du-gite-a-javols-en-lozere.jpg\" \/>\n<meta name=\"twitter:card\" content=\"summary_large_image\" \/>\n<meta name=\"twitter:label1\" content=\"Est. reading time\" \/>\n\t<meta name=\"twitter:data1\" content=\"1 minute\" \/>\n<script type=\"application\/ld+json\" class=\"yoast-schema-graph\">{\"@context\":\"https:\/\/schema.org\",\"@graph\":[{\"@type\":\"WebPage\",\"@id\":\"http:\/\/gitelozerejavols.com\/en\/lake-of-charpal-gite-chez-lea\/\",\"url\":\"http:\/\/gitelozerejavols.com\/en\/lake-of-charpal-gite-chez-lea\/\",\"name\":\"Lake of Charpal - Gite Chez Lea - disciver the landscape of Margeride\",\"isPartOf\":{\"@id\":\"http:\/\/gitelozerejavols.com\/#website\"},\"datePublished\":\"2020-10-16T14:41:31+00:00\",\"dateModified\":\"2020-12-07T10:09:14+00:00\",\"description\":\"Located in Margeride on the plateau of the Palais du Roi, Lake of Charpal is known to be the largest no-kill fishing lake in France.\",\"breadcrumb\":{\"@id\":\"http:\/\/gitelozerejavols.com\/en\/lake-of-charpal-gite-chez-lea\/#breadcrumb\"},\"inLanguage\":\"en-US\",\"potentialAction\":[{\"@type\":\"ReadAction\",\"target\":[\"http:\/\/gitelozerejavols.com\/en\/lake-of-charpal-gite-chez-lea\/\"]}]},{\"@type\":\"BreadcrumbList\",\"@id\":\"http:\/\/gitelozerejavols.com\/en\/lake-of-charpal-gite-chez-lea\/#breadcrumb\",\"itemListElement\":[{\"@type\":\"ListItem\",\"position\":1,\"name\":\"Accueil\",\"item\":\"https:\/\/gitelozerejavols.com\/en\/\"},{\"@type\":\"ListItem\",\"position\":2,\"name\":\"Lake of Charpal\"}]},{\"@type\":\"WebSite\",\"@id\":\"http:\/\/gitelozerejavols.com\/#website\",\"url\":\"http:\/\/gitelozerejavols.com\/\",\"name\":\"\",\"description\":\"\",\"potentialAction\":[{\"@type\":\"SearchAction\",\"target\":{\"@type\":\"EntryPoint\",\"urlTemplate\":\"http:\/\/gitelozerejavols.com\/?s={search_term_string}\"},\"query-input\":\"required name=search_term_string\"}],\"inLanguage\":\"en-US\"}]}<\/script>\n<!-- \/ Yoast SEO plugin. -->","yoast_head_json":{"title":"Lake of Charpal - Gite Chez Lea - disciver the landscape of Margeride","description":"Located in Margeride on the plateau of the Palais du Roi, Lake of Charpal is known to be the largest no-kill fishing lake in France.","robots":{"index":"index","follow":"follow","max-snippet":"max-snippet:-1","max-image-preview":"max-image-preview:large","max-video-preview":"max-video-preview:-1"},"canonical":"http:\/\/gitelozerejavols.com\/en\/lake-of-charpal-gite-chez-lea\/","og_locale":"en_US","og_type":"article","og_title":"Lake of Charpal - Gite Chez Lea - disciver the landscape of Margeride","og_description":"Located in Margeride on the plateau of the Palais du Roi, Lake of Charpal is known to be the largest no-kill fishing lake in France.","og_url":"http:\/\/gitelozerejavols.com\/en\/lake-of-charpal-gite-chez-lea\/","article_modified_time":"2020-12-07T10:09:14+00:00","og_image":[{"url":"http:\/\/gitelozerejavols.com\/wp-content\/uploads\/2020\/11\/lac-de-charpal-a-proximite-du-gite-a-javols-en-lozere.jpg"}],"twitter_card":"summary_large_image","twitter_misc":{"Est. reading time":"1 minute"},"schema":{"@context":"https:\/\/schema.org","@graph":[{"@type":"WebPage","@id":"http:\/\/gitelozerejavols.com\/en\/lake-of-charpal-gite-chez-lea\/","url":"http:\/\/gitelozerejavols.com\/en\/lake-of-charpal-gite-chez-lea\/","name":"Lake of Charpal - Gite Chez Lea - disciver the landscape of Margeride","isPartOf":{"@id":"http:\/\/gitelozerejavols.com\/#website"},"datePublished":"2020-10-16T14:41:31+00:00","dateModified":"2020-12-07T10:09:14+00:00","description":"Located in Margeride on the plateau of the Palais du Roi, Lake of Charpal is known to be the largest no-kill fishing lake in France.","breadcrumb":{"@id":"http:\/\/gitelozerejavols.com\/en\/lake-of-charpal-gite-chez-lea\/#breadcrumb"},"inLanguage":"en-US","potentialAction":[{"@type":"ReadAction","target":["http:\/\/gitelozerejavols.com\/en\/lake-of-charpal-gite-chez-lea\/"]}]},{"@type":"BreadcrumbList","@id":"http:\/\/gitelozerejavols.com\/en\/lake-of-charpal-gite-chez-lea\/#breadcrumb","itemListElement":[{"@type":"ListItem","position":1,"name":"Accueil","item":"https:\/\/gitelozerejavols.com\/en\/"},{"@type":"ListItem","position":2,"name":"Lake of Charpal"}]},{"@type":"WebSite","@id":"http:\/\/gitelozerejavols.com\/#website","url":"http:\/\/gitelozerejavols.com\/","name":"","description":"","potentialAction":[{"@type":"SearchAction","target":{"@type":"EntryPoint","urlTemplate":"http:\/\/gitelozerejavols.com\/?s={search_term_string}"},"query-input":"required name=search_term_string"}],"inLanguage":"en-US"}]}},"_links":{"self":[{"href":"http:\/\/gitelozerejavols.com\/en\/wp-json\/wp\/v2\/pages\/203"}],"collection":[{"href":"http:\/\/gitelozerejavols.com\/en\/wp-json\/wp\/v2\/pages"}],"about":[{"href":"http:\/\/gitelozerejavols.com\/en\/wp-json\/wp\/v2\/types\/page"}],"author":[{"embeddable":true,"href":"http:\/\/gitelozerejavols.com\/en\/wp-json\/wp\/v2\/users\/2"}],"replies":[{"embeddable":true,"href":"http:\/\/gitelozerejavols.com\/en\/wp-json\/wp\/v2\/comments?post=203"}],"version-history":[{"count":10,"href":"http:\/\/gitelozerejavols.com\/en\/wp-json\/wp\/v2\/pages\/203\/revisions"}],"predecessor-version":[{"id":1002,"href":"http:\/\/gitelozerejavols.com\/en\/wp-json\/wp\/v2\/pages\/203\/revisions\/1002"}],"wp:attachment":[{"href":"http:\/\/gitelozerejavols.com\/en\/wp-json\/wp\/v2\/media?parent=203"}],"curies":[{"name":"wp","href":"https:\/\/api.w.org\/{rel}","templated":true}]}}