{"id":226,"date":"2020-10-20T15:42:13","date_gmt":"2020-10-20T13:42:13","guid":{"rendered":"http:\/\/gitelozerejavols.com\/les-burons\/"},"modified":"2020-12-07T11:12:07","modified_gmt":"2020-12-07T10:12:07","slug":"the-burons-restaurants-near-cottage-chez-le","status":"publish","type":"page","link":"http:\/\/gitelozerejavols.com\/en\/the-burons-restaurants-near-cottage-chez-le\/","title":{"rendered":"The Burons"},"content":{"rendered":"\n<h3 class=\"has-text-align-center wp-block-heading\"><strong>THE BURONS<\/strong><\/h3>\n\n\n\n<p class=\"has-text-align-center\"><strong>The restaurants around Gite chez L\u00e9a in Loz\u00e8re, Javols<\/strong><\/p>\n\n\n\n<div class=\"wp-block-image\"><figure class=\"aligncenter is-resized\"><img loading=\"lazy\" decoding=\"async\" src=\"http:\/\/gitelozerejavols.com\/wp-content\/uploads\/2020\/11\/burons-daubrac-restaurants-proche-du-gite-chez-lea-a-Javols-e1606496641917.png\" alt=\"Gite de charme en Loz\u00e8re proche d'Aumont Aubrac\" width=\"350\" height=\"316\"\/><\/figure><\/div>\n\n\n\n<p>To eat during your stay in Loz\u00e8re when in our cottage, we invite you to discover the region&#8217;s culinary specialties. The burons are known in the region for their authenticity and their local products of Loz\u00e8re. Therefore, these restaurants will know how to satisfy you during your stay.<\/p>\n\n\n\n<p>In addition, many of them are located near the gite.<\/p>\n\n\n\n<p>So, to begin with, what are burons? These are small stone houses that once served as a refuge for animals during summer. From then on, certain restaurateurs in Loz\u00e8re transformed these burons into typical restaurants. Indeed, the preparation of Aligot is done on site and has become one of the most popular specialties! However, many other typical Loz\u00e8re products such as Laguiole and all kinds of cold-cuts bring happiness to the buron tables.<\/p>\n\n\n\n<p>Finally, we must admit that it would be a loss not to be tempted by a good meal in a warm and totally typical environment of the region.<\/p>\n\n\n\n<p class=\"has-text-align-center\"><a href=\"http:\/\/gitelozerejavols.com\/en\/activites-saisonnieres\/\"><span class=\"has-inline-color has-vivid-green-cyan-color\">Returns to activities<\/span><\/a><\/p>\n\n\n\n<p class=\"has-text-align-center\"><a href=\"https:\/\/www.lozere-tourisme.com\/burons-aubrac\" target=\"_blank\" rel=\"noreferrer noopener\"><span class=\"has-inline-color has-vivid-green-cyan-color\">Find the main burons of Loz\u00e8re<\/span><\/a><\/p>\n","protected":false},"excerpt":{"rendered":"<p>THE BURONS The restaurants around Gite chez L\u00e9a in Loz\u00e8re, Javols To eat during your stay in Loz\u00e8re when in our cottage, we invite you to discover the region&#8217;s culinary specialties. The burons are known in the region for their authenticity and their local products of Loz\u00e8re. Therefore, these restaurants will know how to satisfy [&hellip;]<\/p>\n","protected":false},"author":2,"featured_media":0,"parent":0,"menu_order":0,"comment_status":"closed","ping_status":"closed","template":"page-templates\/page_front-page.php","meta":{"footnotes":""},"yoast_head":"<!-- This site is optimized with the Yoast SEO plugin v21.6 - https:\/\/yoast.com\/wordpress\/plugins\/seo\/ -->\n<title>The Burons - Restaurants in Javols near Gite Chez Lea<\/title>\n<meta name=\"description\" content=\"The burons restaurants: discover the region&#039;s culinary specialties during your stay at Gite chez L\u00e9a in Loz\u00e8re, Javols. These restaurants are known in the region for their authenticity and their local products of Loz\u00e8re. Come try the most popular specialties!\" \/>\n<meta name=\"robots\" content=\"index, follow, max-snippet:-1, max-image-preview:large, max-video-preview:-1\" \/>\n<link rel=\"canonical\" href=\"http:\/\/gitelozerejavols.com\/en\/the-burons-restaurants-near-cottage-chez-le\/\" \/>\n<meta property=\"og:locale\" content=\"en_US\" \/>\n<meta property=\"og:type\" content=\"article\" \/>\n<meta property=\"og:title\" content=\"The Burons - Restaurants in Javols near Gite Chez Lea\" \/>\n<meta property=\"og:description\" content=\"The burons restaurants: discover the region&#039;s culinary specialties during your stay at Gite chez L\u00e9a in Loz\u00e8re, Javols. These restaurants are known in the region for their authenticity and their local products of Loz\u00e8re. Come try the most popular specialties!\" \/>\n<meta property=\"og:url\" content=\"http:\/\/gitelozerejavols.com\/en\/the-burons-restaurants-near-cottage-chez-le\/\" \/>\n<meta property=\"article:modified_time\" content=\"2020-12-07T10:12:07+00:00\" \/>\n<meta property=\"og:image\" content=\"http:\/\/gitelozerejavols.com\/wp-content\/uploads\/2020\/11\/burons-daubrac-restaurants-proche-du-gite-chez-lea-a-Javols-e1606496641917.png\" \/>\n<meta name=\"twitter:card\" content=\"summary_large_image\" \/>\n<meta name=\"twitter:label1\" content=\"Est. reading time\" \/>\n\t<meta name=\"twitter:data1\" content=\"1 minute\" \/>\n<script type=\"application\/ld+json\" class=\"yoast-schema-graph\">{\"@context\":\"https:\/\/schema.org\",\"@graph\":[{\"@type\":\"WebPage\",\"@id\":\"http:\/\/gitelozerejavols.com\/en\/the-burons-restaurants-near-cottage-chez-le\/\",\"url\":\"http:\/\/gitelozerejavols.com\/en\/the-burons-restaurants-near-cottage-chez-le\/\",\"name\":\"The Burons - Restaurants in Javols near Gite Chez Lea\",\"isPartOf\":{\"@id\":\"http:\/\/gitelozerejavols.com\/#website\"},\"datePublished\":\"2020-10-20T13:42:13+00:00\",\"dateModified\":\"2020-12-07T10:12:07+00:00\",\"description\":\"The burons restaurants: discover the region's culinary specialties during your stay at Gite chez L\u00e9a in Loz\u00e8re, Javols. These restaurants are known in the region for their authenticity and their local products of Loz\u00e8re. Come try the most popular specialties!\",\"breadcrumb\":{\"@id\":\"http:\/\/gitelozerejavols.com\/en\/the-burons-restaurants-near-cottage-chez-le\/#breadcrumb\"},\"inLanguage\":\"en-US\",\"potentialAction\":[{\"@type\":\"ReadAction\",\"target\":[\"http:\/\/gitelozerejavols.com\/en\/the-burons-restaurants-near-cottage-chez-le\/\"]}]},{\"@type\":\"BreadcrumbList\",\"@id\":\"http:\/\/gitelozerejavols.com\/en\/the-burons-restaurants-near-cottage-chez-le\/#breadcrumb\",\"itemListElement\":[{\"@type\":\"ListItem\",\"position\":1,\"name\":\"Accueil\",\"item\":\"https:\/\/gitelozerejavols.com\/en\/\"},{\"@type\":\"ListItem\",\"position\":2,\"name\":\"The Burons\"}]},{\"@type\":\"WebSite\",\"@id\":\"http:\/\/gitelozerejavols.com\/#website\",\"url\":\"http:\/\/gitelozerejavols.com\/\",\"name\":\"\",\"description\":\"\",\"potentialAction\":[{\"@type\":\"SearchAction\",\"target\":{\"@type\":\"EntryPoint\",\"urlTemplate\":\"http:\/\/gitelozerejavols.com\/?s={search_term_string}\"},\"query-input\":\"required name=search_term_string\"}],\"inLanguage\":\"en-US\"}]}<\/script>\n<!-- \/ Yoast SEO plugin. -->","yoast_head_json":{"title":"The Burons - Restaurants in Javols near Gite Chez Lea","description":"The burons restaurants: discover the region's culinary specialties during your stay at Gite chez L\u00e9a in Loz\u00e8re, Javols. These restaurants are known in the region for their authenticity and their local products of Loz\u00e8re. Come try the most popular specialties!","robots":{"index":"index","follow":"follow","max-snippet":"max-snippet:-1","max-image-preview":"max-image-preview:large","max-video-preview":"max-video-preview:-1"},"canonical":"http:\/\/gitelozerejavols.com\/en\/the-burons-restaurants-near-cottage-chez-le\/","og_locale":"en_US","og_type":"article","og_title":"The Burons - Restaurants in Javols near Gite Chez Lea","og_description":"The burons restaurants: discover the region's culinary specialties during your stay at Gite chez L\u00e9a in Loz\u00e8re, Javols. These restaurants are known in the region for their authenticity and their local products of Loz\u00e8re. Come try the most popular specialties!","og_url":"http:\/\/gitelozerejavols.com\/en\/the-burons-restaurants-near-cottage-chez-le\/","article_modified_time":"2020-12-07T10:12:07+00:00","og_image":[{"url":"http:\/\/gitelozerejavols.com\/wp-content\/uploads\/2020\/11\/burons-daubrac-restaurants-proche-du-gite-chez-lea-a-Javols-e1606496641917.png"}],"twitter_card":"summary_large_image","twitter_misc":{"Est. reading time":"1 minute"},"schema":{"@context":"https:\/\/schema.org","@graph":[{"@type":"WebPage","@id":"http:\/\/gitelozerejavols.com\/en\/the-burons-restaurants-near-cottage-chez-le\/","url":"http:\/\/gitelozerejavols.com\/en\/the-burons-restaurants-near-cottage-chez-le\/","name":"The Burons - Restaurants in Javols near Gite Chez Lea","isPartOf":{"@id":"http:\/\/gitelozerejavols.com\/#website"},"datePublished":"2020-10-20T13:42:13+00:00","dateModified":"2020-12-07T10:12:07+00:00","description":"The burons restaurants: discover the region's culinary specialties during your stay at Gite chez L\u00e9a in Loz\u00e8re, Javols. These restaurants are known in the region for their authenticity and their local products of Loz\u00e8re. Come try the most popular specialties!","breadcrumb":{"@id":"http:\/\/gitelozerejavols.com\/en\/the-burons-restaurants-near-cottage-chez-le\/#breadcrumb"},"inLanguage":"en-US","potentialAction":[{"@type":"ReadAction","target":["http:\/\/gitelozerejavols.com\/en\/the-burons-restaurants-near-cottage-chez-le\/"]}]},{"@type":"BreadcrumbList","@id":"http:\/\/gitelozerejavols.com\/en\/the-burons-restaurants-near-cottage-chez-le\/#breadcrumb","itemListElement":[{"@type":"ListItem","position":1,"name":"Accueil","item":"https:\/\/gitelozerejavols.com\/en\/"},{"@type":"ListItem","position":2,"name":"The Burons"}]},{"@type":"WebSite","@id":"http:\/\/gitelozerejavols.com\/#website","url":"http:\/\/gitelozerejavols.com\/","name":"","description":"","potentialAction":[{"@type":"SearchAction","target":{"@type":"EntryPoint","urlTemplate":"http:\/\/gitelozerejavols.com\/?s={search_term_string}"},"query-input":"required name=search_term_string"}],"inLanguage":"en-US"}]}},"_links":{"self":[{"href":"http:\/\/gitelozerejavols.com\/en\/wp-json\/wp\/v2\/pages\/226"}],"collection":[{"href":"http:\/\/gitelozerejavols.com\/en\/wp-json\/wp\/v2\/pages"}],"about":[{"href":"http:\/\/gitelozerejavols.com\/en\/wp-json\/wp\/v2\/types\/page"}],"author":[{"embeddable":true,"href":"http:\/\/gitelozerejavols.com\/en\/wp-json\/wp\/v2\/users\/2"}],"replies":[{"embeddable":true,"href":"http:\/\/gitelozerejavols.com\/en\/wp-json\/wp\/v2\/comments?post=226"}],"version-history":[{"count":6,"href":"http:\/\/gitelozerejavols.com\/en\/wp-json\/wp\/v2\/pages\/226\/revisions"}],"predecessor-version":[{"id":1006,"href":"http:\/\/gitelozerejavols.com\/en\/wp-json\/wp\/v2\/pages\/226\/revisions\/1006"}],"wp:attachment":[{"href":"http:\/\/gitelozerejavols.com\/en\/wp-json\/wp\/v2\/media?parent=226"}],"curies":[{"name":"wp","href":"https:\/\/api.w.org\/{rel}","templated":true}]}}