{"id":496,"date":"2020-11-24T15:50:17","date_gmt":"2020-11-24T14:50:17","guid":{"rendered":"http:\/\/gitelozerejavols.com\/cueillir-en-lozere\/"},"modified":"2020-12-09T15:06:24","modified_gmt":"2020-12-09T14:06:24","slug":"cueillir-en-lozere","status":"publish","type":"page","link":"http:\/\/gitelozerejavols.com\/en\/cueillir-en-lozere\/","title":{"rendered":"Picking In Lozere"},"content":{"rendered":"\n<pre id=\"tw-target-text\" class=\"wp-block-preformatted\">*<\/pre>\n\n\n<div id=\"pl-gb496-69d46825c5107\"  class=\"panel-layout\" ><div id=\"pg-gb496-69d46825c5107-0\"  class=\"panel-grid panel-has-style\" ><div style=\"padding: 100px 0; \" data-overlay=\"true\" data-overlay-color=\"#000000\" class=\"panel-row-style panel-row-style-for-gb496-69d46825c5107-0\" ><div id=\"pgc-gb496-69d46825c5107-0-0\"  class=\"panel-grid-cell\" ><div id=\"panel-gb496-69d46825c5107-0-0-0\" class=\"so-panel widget widget_sow-editor panel-first-child\" data-index=\"0\" ><div style=\"text-align: left;\" data-title-color=\"#443f3f\" data-headings-color=\"#443f3f\" class=\"panel-widget-style panel-widget-style-for-gb496-69d46825c5107-0-0-0\" ><div\n\t\t\t\n\t\t\tclass=\"so-widget-sow-editor so-widget-sow-editor-base\"\n\t\t\t\n\t\t><h3 class=\"widget-title\">LOZERE HARVESTS<\/h3>\n<div class=\"siteorigin-widget-tinymce textwidget\">\n\t<h2 style=\"text-align: center;\">Stay in a charming g\u00eete in Javols, Lozere<\/h2>\n<p style=\"text-align: center;\">Discover during your stay in our Lozere javols gite, the vines and the different pickings of the region. In autumn, when the forest begins to lose its leaves and gives way to the autumn colors. It is the perfect time for mushroom picking. Our beautiful Lozere, in addition to its beautiful landscapes will offer you a great variety of mushrooms. Indeed, you will find vine stocks, coulemelles, giroles, monsoons, and lactaires which abound in the forests of Lozere.<\/p>\n<\/div>\n<\/div><\/div><\/div><div id=\"panel-gb496-69d46825c5107-0-0-1\" class=\"so-panel widget widget_sow-image panel-last-child\" data-index=\"1\" ><div style=\"text-align: left;\" data-title-color=\"#443f3f\" data-headings-color=\"#443f3f\" class=\"panel-widget-style panel-widget-style-for-gb496-69d46825c5107-0-0-1\" ><div\n\t\t\t\n\t\t\tclass=\"so-widget-sow-image so-widget-sow-image-default-8b5b6f678277-496\"\n\t\t\t\n\t\t>\n\n<div class=\"sow-image-container\">\n\t\t<img decoding=\"async\" src=\"http:\/\/gitelozerejavols.com\/wp-content\/uploads\/2020\/12\/gite-javols-lozere-champignon.jpg\" width=\"1024\" height=\"533\" srcset=\"http:\/\/gitelozerejavols.com\/wp-content\/uploads\/2020\/12\/gite-javols-lozere-champignon.jpg 1024w, http:\/\/gitelozerejavols.com\/wp-content\/uploads\/2020\/12\/gite-javols-lozere-champignon-300x156.jpg 300w, http:\/\/gitelozerejavols.com\/wp-content\/uploads\/2020\/12\/gite-javols-lozere-champignon-768x400.jpg 768w, http:\/\/gitelozerejavols.com\/wp-content\/uploads\/2020\/12\/gite-javols-lozere-champignon-830x432.jpg 830w, http:\/\/gitelozerejavols.com\/wp-content\/uploads\/2020\/12\/gite-javols-lozere-champignon-230x120.jpg 230w, http:\/\/gitelozerejavols.com\/wp-content\/uploads\/2020\/12\/gite-javols-lozere-champignon-350x182.jpg 350w, http:\/\/gitelozerejavols.com\/wp-content\/uploads\/2020\/12\/gite-javols-lozere-champignon-480x250.jpg 480w\" sizes=\"(max-width: 1024px) 100vw, 1024px\" alt=\"D\u00e9couvrez le gite de charme en Loz\u00e8re \u00e0 Javols\" loading=\"lazy\" \t\tclass=\"so-widget-image\"\/>\n\t<\/div>\n\n<\/div><\/div><\/div><\/div><div id=\"pgc-gb496-69d46825c5107-0-1\"  class=\"panel-grid-cell\" ><div id=\"panel-gb496-69d46825c5107-0-1-0\" class=\"so-panel widget widget_sow-image panel-first-child\" data-index=\"2\" ><div style=\"text-align: left;\" data-title-color=\"#443f3f\" data-headings-color=\"#443f3f\" class=\"panel-widget-style panel-widget-style-for-gb496-69d46825c5107-0-1-0\" ><div\n\t\t\t\n\t\t\tclass=\"so-widget-sow-image so-widget-sow-image-default-8b5b6f678277-496\"\n\t\t\t\n\t\t>\n\n<div class=\"sow-image-container\">\n\t\t<img decoding=\"async\" src=\"http:\/\/gitelozerejavols.com\/wp-content\/uploads\/2020\/12\/gite-javols-lozere-champignons.jpg\" width=\"1000\" height=\"667\" srcset=\"http:\/\/gitelozerejavols.com\/wp-content\/uploads\/2020\/12\/gite-javols-lozere-champignons.jpg 1000w, http:\/\/gitelozerejavols.com\/wp-content\/uploads\/2020\/12\/gite-javols-lozere-champignons-300x200.jpg 300w, http:\/\/gitelozerejavols.com\/wp-content\/uploads\/2020\/12\/gite-javols-lozere-champignons-768x512.jpg 768w, http:\/\/gitelozerejavols.com\/wp-content\/uploads\/2020\/12\/gite-javols-lozere-champignons-830x554.jpg 830w, http:\/\/gitelozerejavols.com\/wp-content\/uploads\/2020\/12\/gite-javols-lozere-champignons-230x153.jpg 230w, http:\/\/gitelozerejavols.com\/wp-content\/uploads\/2020\/12\/gite-javols-lozere-champignons-350x233.jpg 350w, http:\/\/gitelozerejavols.com\/wp-content\/uploads\/2020\/12\/gite-javols-lozere-champignons-480x320.jpg 480w, http:\/\/gitelozerejavols.com\/wp-content\/uploads\/2020\/12\/gite-javols-lozere-champignons-272x182.jpg 272w\" sizes=\"(max-width: 1000px) 100vw, 1000px\" alt=\"S\u00e9journez au gite de charme \u00e0 Javols proche de l&#039;Aubrac\" loading=\"lazy\" \t\tclass=\"so-widget-image\"\/>\n\t<\/div>\n\n<\/div><\/div><\/div><div id=\"panel-gb496-69d46825c5107-0-1-1\" class=\"so-panel widget widget_sow-editor panel-last-child\" data-index=\"3\" ><div style=\"text-align: left;\" data-title-color=\"#443f3f\" data-headings-color=\"#443f3f\" class=\"panel-widget-style panel-widget-style-for-gb496-69d46825c5107-0-1-1\" ><div\n\t\t\t\n\t\t\tclass=\"so-widget-sow-editor so-widget-sow-editor-base\"\n\t\t\t\n\t\t>\n<div class=\"siteorigin-widget-tinymce textwidget\">\n\t<p>&nbsp;<\/p>\n<p style=\"text-align: center;\">During your walks or hikes near the gite in Javols, Lozere, in addition to picking vine stocks and other mushrooms. It is to be noted that the forest is full of other things to pick. Indeed, you can find hazelnuts, wild strawberries, raspberries and wild blackberries. So, make sure to take advantage of this moment of escape in the open air, to meet with family, friends, lovers or even by yourself. To guide you during your pickings, beforehand you can consult books or specialized sites. It is essential to be careful when picking mushrooms that they are not toxic or even deadly. We recommend, for example, the site of the <a href=\"https:\/\/www.onf.fr\/onf\/+\/541::cueillette-des-champignons-oui-mais-avec-moderation.html\" target=\"_blank\" rel=\"noopener noreferrer\">ONF-office national des for\u00eats.<\/a><\/p>\n<p style=\"text-align: center;\">\n<p style=\"text-align: center;\"><a href=\"http:\/\/gitelozerejavols.com\/en\/activities-javols-lozere-cottage\/\">Back to all activities<\/a><\/p>\n<\/div>\n<\/div><\/div><\/div><\/div><\/div><\/div><\/div>","protected":false},"excerpt":{"rendered":"<p>*<\/p>\n","protected":false},"author":6,"featured_media":0,"parent":0,"menu_order":0,"comment_status":"closed","ping_status":"closed","template":"page-templates\/page_front-page.php","meta":{"footnotes":""},"yoast_head":"<!-- This site is optimized with the Yoast SEO plugin v21.6 - https:\/\/yoast.com\/wordpress\/plugins\/seo\/ -->\n<title>Piking cottage Lozere - discover the pickings near the cottage Chez Lea<\/title>\n<meta name=\"description\" content=\"In odred to fully enjoy your stay at the gite chez Lea in Javols in Lozere we propose you discover the different pickings possible nearby\" \/>\n<meta name=\"robots\" content=\"index, follow, max-snippet:-1, max-image-preview:large, max-video-preview:-1\" \/>\n<link rel=\"canonical\" href=\"https:\/\/gitelozerejavols.com\/en\/cueillir-en-lozere\/\" \/>\n<meta property=\"og:locale\" content=\"en_US\" \/>\n<meta property=\"og:type\" content=\"article\" \/>\n<meta property=\"og:title\" content=\"Piking cottage Lozere - discover the pickings near the cottage Chez Lea\" \/>\n<meta property=\"og:description\" content=\"In odred to fully enjoy your stay at the gite chez Lea in Javols in Lozere we propose you discover the different pickings possible nearby\" \/>\n<meta property=\"og:url\" content=\"https:\/\/gitelozerejavols.com\/en\/cueillir-en-lozere\/\" \/>\n<meta property=\"article:modified_time\" content=\"2020-12-09T14:06:24+00:00\" \/>\n<meta property=\"og:image\" content=\"http:\/\/gitelozerejavols.com\/wp-content\/uploads\/2020\/12\/gite-javols-lozere-champignon.jpg\" \/>\n<meta name=\"twitter:card\" content=\"summary_large_image\" \/>\n<meta name=\"twitter:label1\" content=\"Est. reading time\" \/>\n\t<meta name=\"twitter:data1\" content=\"1 minute\" \/>\n<script type=\"application\/ld+json\" class=\"yoast-schema-graph\">{\"@context\":\"https:\/\/schema.org\",\"@graph\":[{\"@type\":\"WebPage\",\"@id\":\"https:\/\/gitelozerejavols.com\/en\/cueillir-en-lozere\/\",\"url\":\"https:\/\/gitelozerejavols.com\/en\/cueillir-en-lozere\/\",\"name\":\"Piking cottage Lozere - discover the pickings near the cottage Chez Lea\",\"isPartOf\":{\"@id\":\"http:\/\/gitelozerejavols.com\/#website\"},\"datePublished\":\"2020-11-24T14:50:17+00:00\",\"dateModified\":\"2020-12-09T14:06:24+00:00\",\"description\":\"In odred to fully enjoy your stay at the gite chez Lea in Javols in Lozere we propose you discover the different pickings possible nearby\",\"breadcrumb\":{\"@id\":\"https:\/\/gitelozerejavols.com\/en\/cueillir-en-lozere\/#breadcrumb\"},\"inLanguage\":\"en-US\",\"potentialAction\":[{\"@type\":\"ReadAction\",\"target\":[\"https:\/\/gitelozerejavols.com\/en\/cueillir-en-lozere\/\"]}]},{\"@type\":\"BreadcrumbList\",\"@id\":\"https:\/\/gitelozerejavols.com\/en\/cueillir-en-lozere\/#breadcrumb\",\"itemListElement\":[{\"@type\":\"ListItem\",\"position\":1,\"name\":\"Accueil\",\"item\":\"https:\/\/gitelozerejavols.com\/en\/\"},{\"@type\":\"ListItem\",\"position\":2,\"name\":\"Picking In Lozere\"}]},{\"@type\":\"WebSite\",\"@id\":\"http:\/\/gitelozerejavols.com\/#website\",\"url\":\"http:\/\/gitelozerejavols.com\/\",\"name\":\"\",\"description\":\"\",\"potentialAction\":[{\"@type\":\"SearchAction\",\"target\":{\"@type\":\"EntryPoint\",\"urlTemplate\":\"http:\/\/gitelozerejavols.com\/?s={search_term_string}\"},\"query-input\":\"required name=search_term_string\"}],\"inLanguage\":\"en-US\"}]}<\/script>\n<!-- \/ Yoast SEO plugin. -->","yoast_head_json":{"title":"Piking cottage Lozere - discover the pickings near the cottage Chez Lea","description":"In odred to fully enjoy your stay at the gite chez Lea in Javols in Lozere we propose you discover the different pickings possible nearby","robots":{"index":"index","follow":"follow","max-snippet":"max-snippet:-1","max-image-preview":"max-image-preview:large","max-video-preview":"max-video-preview:-1"},"canonical":"https:\/\/gitelozerejavols.com\/en\/cueillir-en-lozere\/","og_locale":"en_US","og_type":"article","og_title":"Piking cottage Lozere - discover the pickings near the cottage Chez Lea","og_description":"In odred to fully enjoy your stay at the gite chez Lea in Javols in Lozere we propose you discover the different pickings possible nearby","og_url":"https:\/\/gitelozerejavols.com\/en\/cueillir-en-lozere\/","article_modified_time":"2020-12-09T14:06:24+00:00","og_image":[{"url":"http:\/\/gitelozerejavols.com\/wp-content\/uploads\/2020\/12\/gite-javols-lozere-champignon.jpg"}],"twitter_card":"summary_large_image","twitter_misc":{"Est. reading time":"1 minute"},"schema":{"@context":"https:\/\/schema.org","@graph":[{"@type":"WebPage","@id":"https:\/\/gitelozerejavols.com\/en\/cueillir-en-lozere\/","url":"https:\/\/gitelozerejavols.com\/en\/cueillir-en-lozere\/","name":"Piking cottage Lozere - discover the pickings near the cottage Chez Lea","isPartOf":{"@id":"http:\/\/gitelozerejavols.com\/#website"},"datePublished":"2020-11-24T14:50:17+00:00","dateModified":"2020-12-09T14:06:24+00:00","description":"In odred to fully enjoy your stay at the gite chez Lea in Javols in Lozere we propose you discover the different pickings possible nearby","breadcrumb":{"@id":"https:\/\/gitelozerejavols.com\/en\/cueillir-en-lozere\/#breadcrumb"},"inLanguage":"en-US","potentialAction":[{"@type":"ReadAction","target":["https:\/\/gitelozerejavols.com\/en\/cueillir-en-lozere\/"]}]},{"@type":"BreadcrumbList","@id":"https:\/\/gitelozerejavols.com\/en\/cueillir-en-lozere\/#breadcrumb","itemListElement":[{"@type":"ListItem","position":1,"name":"Accueil","item":"https:\/\/gitelozerejavols.com\/en\/"},{"@type":"ListItem","position":2,"name":"Picking In Lozere"}]},{"@type":"WebSite","@id":"http:\/\/gitelozerejavols.com\/#website","url":"http:\/\/gitelozerejavols.com\/","name":"","description":"","potentialAction":[{"@type":"SearchAction","target":{"@type":"EntryPoint","urlTemplate":"http:\/\/gitelozerejavols.com\/?s={search_term_string}"},"query-input":"required name=search_term_string"}],"inLanguage":"en-US"}]}},"_links":{"self":[{"href":"http:\/\/gitelozerejavols.com\/en\/wp-json\/wp\/v2\/pages\/496"}],"collection":[{"href":"http:\/\/gitelozerejavols.com\/en\/wp-json\/wp\/v2\/pages"}],"about":[{"href":"http:\/\/gitelozerejavols.com\/en\/wp-json\/wp\/v2\/types\/page"}],"author":[{"embeddable":true,"href":"http:\/\/gitelozerejavols.com\/en\/wp-json\/wp\/v2\/users\/6"}],"replies":[{"embeddable":true,"href":"http:\/\/gitelozerejavols.com\/en\/wp-json\/wp\/v2\/comments?post=496"}],"version-history":[{"count":3,"href":"http:\/\/gitelozerejavols.com\/en\/wp-json\/wp\/v2\/pages\/496\/revisions"}],"predecessor-version":[{"id":1039,"href":"http:\/\/gitelozerejavols.com\/en\/wp-json\/wp\/v2\/pages\/496\/revisions\/1039"}],"wp:attachment":[{"href":"http:\/\/gitelozerejavols.com\/en\/wp-json\/wp\/v2\/media?parent=496"}],"curies":[{"name":"wp","href":"https:\/\/api.w.org\/{rel}","templated":true}]}}