{"id":499,"date":"2020-11-24T12:09:05","date_gmt":"2020-11-24T11:09:05","guid":{"rendered":"http:\/\/gitelozerejavols.com\/cascade-deroc\/"},"modified":"2020-12-05T19:16:19","modified_gmt":"2020-12-05T18:16:19","slug":"waterfall-of-the-deroc","status":"publish","type":"page","link":"http:\/\/gitelozerejavols.com\/en\/waterfall-of-the-deroc\/","title":{"rendered":"The Deroc Cascade"},"content":{"rendered":"<div id=\"pl-gb499-69efceb98f26d\"  class=\"panel-layout\" ><div id=\"pg-gb499-69efceb98f26d-0\"  class=\"panel-grid panel-has-style\" ><div style=\"padding: 100px 0; \" data-overlay=\"true\" data-overlay-color=\"#000000\" class=\"panel-row-style panel-row-style-for-gb499-69efceb98f26d-0\" ><div id=\"pgc-gb499-69efceb98f26d-0-0\"  class=\"panel-grid-cell\" ><div id=\"panel-gb499-69efceb98f26d-0-0-0\" class=\"so-panel widget widget_sow-editor panel-first-child panel-last-child\" data-index=\"0\" ><div style=\"text-align: left;\" data-title-color=\"#443f3f\" data-headings-color=\"#443f3f\" class=\"panel-widget-style panel-widget-style-for-gb499-69efceb98f26d-0-0-0\" ><div\n\t\t\t\n\t\t\tclass=\"so-widget-sow-editor so-widget-sow-editor-base\"\n\t\t\t\n\t\t><h3 class=\"widget-title\">Deroc Waterfall<\/h3>\n<div class=\"siteorigin-widget-tinymce textwidget\">\n\t<h2>Walk of the waterfall of the Deroc near the cottage located in Javols, Loz\u00e8re<\/h2>\n<p>We have selected a walk to the waterfall of the Deroc, around our cottage in Javols during your stay in lozere.<\/p>\n<p>The Deroc waterfall is located 3 km from the village of Nasbinals in Aubrac. 30 meters long, it overlooks the small glacial valley of the Gamba\u00efse stream.<br \/>\nThe waterfall is home to one of Aubrac&#8217;s treasures, a small cave. In this cave, the ceilings are formed by basaltic organs which make all the beauty of this place.<\/p>\n<p>However, to access the cave under the waterfall, it is necessary to have good physical conditions because, in fact, it is not easy to access.<br \/>\nTherefore, a walk around the waterfall is possible after a good meal at buron of Nasbinals. The colors of the landscape change according to the seasons and make this spot a must see and visit in Loz\u00e8re.<\/p>\n<p>Regarding the access conditions, a free parking is located at the entrance to the path that leads to the waterfall.<br \/>\nFinally, this little walk will definitely mark your stay at the cottage of Lea in Javols, Lozere!<\/p>\n<p>For more information, visit <a href=\"https:\/\/www.aubrac-gorgesdutarn.com\/decouvrir\/l-aubrac\/panoramas-et-sites-naturels-de-l-aubrac\/cascades-de-l-aubrac\/cascade-du-deroc\" target=\"_blank\" rel=\"noopener noreferrer\">the tourist office website. <\/a><\/p>\n<p style=\"text-align: center;\"><a href=\"http:\/\/gitelozerejavols.com\/activites-saisonnieres-gite-lozere-javols\/\">Back to activities<\/a><\/p>\n<\/div>\n<\/div><\/div><\/div><\/div><div id=\"pgc-gb499-69efceb98f26d-0-1\"  class=\"panel-grid-cell\" ><div id=\"panel-gb499-69efceb98f26d-0-1-0\" class=\"so-panel widget widget_sow-image panel-first-child panel-last-child\" data-index=\"1\" ><div style=\"text-align: left;\" data-title-color=\"#443f3f\" data-headings-color=\"#443f3f\" class=\"panel-widget-style panel-widget-style-for-gb499-69efceb98f26d-0-1-0\" ><div\n\t\t\t\n\t\t\tclass=\"so-widget-sow-image so-widget-sow-image-default-8b5b6f678277-499\"\n\t\t\t\n\t\t>\n\n<div class=\"sow-image-container\">\n\t\t<img decoding=\"async\" src=\"http:\/\/gitelozerejavols.com\/wp-content\/uploads\/2020\/11\/cascade-du-deroc-aux-alentours-du-gite-chez-lea-a-javols-Lozere.jpg\" width=\"1024\" height=\"683\" srcset=\"http:\/\/gitelozerejavols.com\/wp-content\/uploads\/2020\/11\/cascade-du-deroc-aux-alentours-du-gite-chez-lea-a-javols-Lozere.jpg 1024w, http:\/\/gitelozerejavols.com\/wp-content\/uploads\/2020\/11\/cascade-du-deroc-aux-alentours-du-gite-chez-lea-a-javols-Lozere-300x200.jpg 300w, http:\/\/gitelozerejavols.com\/wp-content\/uploads\/2020\/11\/cascade-du-deroc-aux-alentours-du-gite-chez-lea-a-javols-Lozere-768x512.jpg 768w, http:\/\/gitelozerejavols.com\/wp-content\/uploads\/2020\/11\/cascade-du-deroc-aux-alentours-du-gite-chez-lea-a-javols-Lozere-830x554.jpg 830w, http:\/\/gitelozerejavols.com\/wp-content\/uploads\/2020\/11\/cascade-du-deroc-aux-alentours-du-gite-chez-lea-a-javols-Lozere-230x153.jpg 230w, http:\/\/gitelozerejavols.com\/wp-content\/uploads\/2020\/11\/cascade-du-deroc-aux-alentours-du-gite-chez-lea-a-javols-Lozere-350x233.jpg 350w, http:\/\/gitelozerejavols.com\/wp-content\/uploads\/2020\/11\/cascade-du-deroc-aux-alentours-du-gite-chez-lea-a-javols-Lozere-480x320.jpg 480w, http:\/\/gitelozerejavols.com\/wp-content\/uploads\/2020\/11\/cascade-du-deroc-aux-alentours-du-gite-chez-lea-a-javols-Lozere-272x182.jpg 272w\" sizes=\"(max-width: 1024px) 100vw, 1024px\" title=\"cascade du d\u00e9roc aux alentours du gite chez l\u00e9a \u00e0 javols, Loz\u00e8re\" alt=\"Cascade d\u00e9roc proche du gite chez lea a javols en lozere\" loading=\"lazy\" \t\tclass=\"so-widget-image\"\/>\n\t<\/div>\n\n<\/div><\/div><\/div><\/div><\/div><\/div><\/div>","protected":false},"excerpt":{"rendered":"<p>Walk of the waterfall of the Deroc near the cottage located in Javols, Loz\u00e8re We have selected a walk to the waterfall of the Deroc, around our cottage in Javols during your stay in lozere. The Deroc waterfall is located 3 km from the village of Nasbinals in Aubrac. 30 meters long, it overlooks the [&hellip;]<\/p>\n","protected":false},"author":2,"featured_media":0,"parent":0,"menu_order":0,"comment_status":"closed","ping_status":"closed","template":"page-templates\/page_front-page.php","meta":{"footnotes":""},"yoast_head":"<!-- This site is optimized with the Yoast SEO plugin v21.6 - https:\/\/yoast.com\/wordpress\/plugins\/seo\/ -->\n<title>The Deroc Cascade - Gite Chez Lea - Javols, Lozere<\/title>\n<meta name=\"description\" content=\"Walk to the waterfall of the Deroc, around our cottage in Javols during your stay in lozere. The waterfall is home to one of Aubrac&#039;s treasures, a small cave with ceilings formed by basaltic organs.\" \/>\n<meta name=\"robots\" content=\"index, follow, max-snippet:-1, max-image-preview:large, max-video-preview:-1\" \/>\n<link rel=\"canonical\" href=\"http:\/\/gitelozerejavols.com\/en\/waterfall-of-the-deroc\/\" \/>\n<meta property=\"og:locale\" content=\"en_US\" \/>\n<meta property=\"og:type\" content=\"article\" \/>\n<meta property=\"og:title\" content=\"The Deroc Cascade - Gite Chez Lea - Javols, Lozere\" \/>\n<meta property=\"og:description\" content=\"Walk to the waterfall of the Deroc, around our cottage in Javols during your stay in lozere. The waterfall is home to one of Aubrac&#039;s treasures, a small cave with ceilings formed by basaltic organs.\" \/>\n<meta property=\"og:url\" content=\"http:\/\/gitelozerejavols.com\/en\/waterfall-of-the-deroc\/\" \/>\n<meta property=\"article:modified_time\" content=\"2020-12-05T18:16:19+00:00\" \/>\n<meta property=\"og:image\" content=\"http:\/\/gitelozerejavols.com\/wp-content\/uploads\/2020\/11\/cascade-du-deroc-aux-alentours-du-gite-chez-lea-a-javols-Lozere.jpg\" \/>\n<meta name=\"twitter:card\" content=\"summary_large_image\" \/>\n<meta name=\"twitter:label1\" content=\"Est. reading time\" \/>\n\t<meta name=\"twitter:data1\" content=\"1 minute\" \/>\n<script type=\"application\/ld+json\" class=\"yoast-schema-graph\">{\"@context\":\"https:\/\/schema.org\",\"@graph\":[{\"@type\":\"WebPage\",\"@id\":\"http:\/\/gitelozerejavols.com\/en\/waterfall-of-the-deroc\/\",\"url\":\"http:\/\/gitelozerejavols.com\/en\/waterfall-of-the-deroc\/\",\"name\":\"The Deroc Cascade - Gite Chez Lea - Javols, Lozere\",\"isPartOf\":{\"@id\":\"http:\/\/gitelozerejavols.com\/#website\"},\"datePublished\":\"2020-11-24T11:09:05+00:00\",\"dateModified\":\"2020-12-05T18:16:19+00:00\",\"description\":\"Walk to the waterfall of the Deroc, around our cottage in Javols during your stay in lozere. The waterfall is home to one of Aubrac's treasures, a small cave with ceilings formed by basaltic organs.\",\"breadcrumb\":{\"@id\":\"http:\/\/gitelozerejavols.com\/en\/waterfall-of-the-deroc\/#breadcrumb\"},\"inLanguage\":\"en-US\",\"potentialAction\":[{\"@type\":\"ReadAction\",\"target\":[\"http:\/\/gitelozerejavols.com\/en\/waterfall-of-the-deroc\/\"]}]},{\"@type\":\"BreadcrumbList\",\"@id\":\"http:\/\/gitelozerejavols.com\/en\/waterfall-of-the-deroc\/#breadcrumb\",\"itemListElement\":[{\"@type\":\"ListItem\",\"position\":1,\"name\":\"Accueil\",\"item\":\"https:\/\/gitelozerejavols.com\/en\/\"},{\"@type\":\"ListItem\",\"position\":2,\"name\":\"The Deroc Cascade\"}]},{\"@type\":\"WebSite\",\"@id\":\"http:\/\/gitelozerejavols.com\/#website\",\"url\":\"http:\/\/gitelozerejavols.com\/\",\"name\":\"\",\"description\":\"\",\"potentialAction\":[{\"@type\":\"SearchAction\",\"target\":{\"@type\":\"EntryPoint\",\"urlTemplate\":\"http:\/\/gitelozerejavols.com\/?s={search_term_string}\"},\"query-input\":\"required name=search_term_string\"}],\"inLanguage\":\"en-US\"}]}<\/script>\n<!-- \/ Yoast SEO plugin. -->","yoast_head_json":{"title":"The Deroc Cascade - Gite Chez Lea - Javols, Lozere","description":"Walk to the waterfall of the Deroc, around our cottage in Javols during your stay in lozere. The waterfall is home to one of Aubrac's treasures, a small cave with ceilings formed by basaltic organs.","robots":{"index":"index","follow":"follow","max-snippet":"max-snippet:-1","max-image-preview":"max-image-preview:large","max-video-preview":"max-video-preview:-1"},"canonical":"http:\/\/gitelozerejavols.com\/en\/waterfall-of-the-deroc\/","og_locale":"en_US","og_type":"article","og_title":"The Deroc Cascade - Gite Chez Lea - Javols, Lozere","og_description":"Walk to the waterfall of the Deroc, around our cottage in Javols during your stay in lozere. The waterfall is home to one of Aubrac's treasures, a small cave with ceilings formed by basaltic organs.","og_url":"http:\/\/gitelozerejavols.com\/en\/waterfall-of-the-deroc\/","article_modified_time":"2020-12-05T18:16:19+00:00","og_image":[{"url":"http:\/\/gitelozerejavols.com\/wp-content\/uploads\/2020\/11\/cascade-du-deroc-aux-alentours-du-gite-chez-lea-a-javols-Lozere.jpg"}],"twitter_card":"summary_large_image","twitter_misc":{"Est. reading time":"1 minute"},"schema":{"@context":"https:\/\/schema.org","@graph":[{"@type":"WebPage","@id":"http:\/\/gitelozerejavols.com\/en\/waterfall-of-the-deroc\/","url":"http:\/\/gitelozerejavols.com\/en\/waterfall-of-the-deroc\/","name":"The Deroc Cascade - Gite Chez Lea - Javols, Lozere","isPartOf":{"@id":"http:\/\/gitelozerejavols.com\/#website"},"datePublished":"2020-11-24T11:09:05+00:00","dateModified":"2020-12-05T18:16:19+00:00","description":"Walk to the waterfall of the Deroc, around our cottage in Javols during your stay in lozere. The waterfall is home to one of Aubrac's treasures, a small cave with ceilings formed by basaltic organs.","breadcrumb":{"@id":"http:\/\/gitelozerejavols.com\/en\/waterfall-of-the-deroc\/#breadcrumb"},"inLanguage":"en-US","potentialAction":[{"@type":"ReadAction","target":["http:\/\/gitelozerejavols.com\/en\/waterfall-of-the-deroc\/"]}]},{"@type":"BreadcrumbList","@id":"http:\/\/gitelozerejavols.com\/en\/waterfall-of-the-deroc\/#breadcrumb","itemListElement":[{"@type":"ListItem","position":1,"name":"Accueil","item":"https:\/\/gitelozerejavols.com\/en\/"},{"@type":"ListItem","position":2,"name":"The Deroc Cascade"}]},{"@type":"WebSite","@id":"http:\/\/gitelozerejavols.com\/#website","url":"http:\/\/gitelozerejavols.com\/","name":"","description":"","potentialAction":[{"@type":"SearchAction","target":{"@type":"EntryPoint","urlTemplate":"http:\/\/gitelozerejavols.com\/?s={search_term_string}"},"query-input":"required name=search_term_string"}],"inLanguage":"en-US"}]}},"_links":{"self":[{"href":"http:\/\/gitelozerejavols.com\/en\/wp-json\/wp\/v2\/pages\/499"}],"collection":[{"href":"http:\/\/gitelozerejavols.com\/en\/wp-json\/wp\/v2\/pages"}],"about":[{"href":"http:\/\/gitelozerejavols.com\/en\/wp-json\/wp\/v2\/types\/page"}],"author":[{"embeddable":true,"href":"http:\/\/gitelozerejavols.com\/en\/wp-json\/wp\/v2\/users\/2"}],"replies":[{"embeddable":true,"href":"http:\/\/gitelozerejavols.com\/en\/wp-json\/wp\/v2\/comments?post=499"}],"version-history":[{"count":4,"href":"http:\/\/gitelozerejavols.com\/en\/wp-json\/wp\/v2\/pages\/499\/revisions"}],"predecessor-version":[{"id":963,"href":"http:\/\/gitelozerejavols.com\/en\/wp-json\/wp\/v2\/pages\/499\/revisions\/963"}],"wp:attachment":[{"href":"http:\/\/gitelozerejavols.com\/en\/wp-json\/wp\/v2\/media?parent=499"}],"curies":[{"name":"wp","href":"https:\/\/api.w.org\/{rel}","templated":true}]}}