{"id":502,"date":"2020-10-16T16:15:39","date_gmt":"2020-10-16T14:15:39","guid":{"rendered":"http:\/\/gitelozerejavols.com\/les-bisons-deurope\/"},"modified":"2020-12-07T11:29:34","modified_gmt":"2020-12-07T10:29:34","slug":"les-bisons-deurope","status":"publish","type":"page","link":"http:\/\/gitelozerejavols.com\/en\/les-bisons-deurope\/","title":{"rendered":"European Bison and Gevaudan Wolf"},"content":{"rendered":"<div id=\"pl-gb502-69d466132b9d5\"  class=\"panel-layout\" ><div id=\"pg-gb502-69d466132b9d5-0\"  class=\"panel-grid panel-has-style\" ><div style=\"padding: 30px 0; \" data-overlay=\"true\" data-overlay-color=\"#000000\" class=\"panel-row-style panel-row-style-for-gb502-69d466132b9d5-0\" ><div id=\"pgc-gb502-69d466132b9d5-0-0\"  class=\"panel-grid-cell\" ><div id=\"panel-gb502-69d466132b9d5-0-0-0\" class=\"so-panel widget widget_sow-editor panel-first-child panel-last-child\" data-index=\"0\" ><div style=\"text-align: left;\" data-title-color=\"#443f3f\" data-headings-color=\"#443f3f\" class=\"panel-widget-style panel-widget-style-for-gb502-69d466132b9d5-0-0-0\" ><div\n\t\t\t\n\t\t\tclass=\"so-widget-sow-editor so-widget-sow-editor-base\"\n\t\t\t\n\t\t><h3 class=\"widget-title\">THE EUROPEAN BISONS RESERVE<\/h3>\n<div class=\"siteorigin-widget-tinymce textwidget\">\n\t<h3 style=\"text-align: center;\">Unique activities in Loz\u00e8re near the g\u00eete in Javols<\/h3>\n<p>In order to fully enjoy your stay, we have selected unique activities for you near the cottage located in Javols.<\/p>\n<p>In the heart of the Margeride, immerse yourself in an exotic environment without traveling to the other side of the world. Indeed, the European bison reserve offers you a unique experience. Come and meet extraordinary animals during your stay in Loz\u00e8re.<\/p>\n<p>Indeed, the European bison is an animal from prehistoric times having lived in the forests of Europe from the Middle Ages to the present day. From then on, the reserve accompanies you in the discovery of this atypical animal in a protected natural space.<\/p>\n<p>Guided tours are also offered aboard horse-drawn carriages especially when winter covers the landscape with its white coat.<\/p>\n<p>Finally, for more information and reservations, visit <a href=\"https:\/\/www.bisoneurope.com\/\" target=\"_blank\" rel=\"noopener noreferrer\">their website<\/a>.<\/p>\n<\/div>\n<\/div><\/div><\/div><\/div><div id=\"pgc-gb502-69d466132b9d5-0-1\"  class=\"panel-grid-cell\" ><div id=\"panel-gb502-69d466132b9d5-0-1-0\" class=\"so-panel widget widget_sow-editor panel-first-child panel-last-child\" data-index=\"1\" ><div style=\"text-align: left;\" data-title-color=\"#443f3f\" data-headings-color=\"#443f3f\" class=\"panel-widget-style panel-widget-style-for-gb502-69d466132b9d5-0-1-0\" ><div\n\t\t\t\n\t\t\tclass=\"so-widget-sow-editor so-widget-sow-editor-base\"\n\t\t\t\n\t\t><h3 class=\"widget-title\">THE WOLVES OF G\u00c9VAUDAN<\/h3>\n<div class=\"siteorigin-widget-tinymce textwidget\">\n\t<h3 style=\"text-align: center;\">Unique activities in Loz\u00e8re near the g\u00eete in Javols<\/h3>\n<p>The G\u00e9vaudan Wolf Park is located in the town of Saint-L\u00e9ger-de-Peyre near Marvejols, not far from the gite chez L\u00e9a, in Loz\u00e8re. The panorama stretches as far as the eye can see up until Mont-Loz\u00e8re and Aubrac.<\/p>\n<p>In fact, the G\u00e9vaudan Wolf Park is home for around fifty wolves, from all over the world. It has 5 different species: the Siberian wolf, the Canadian wolf, the Polish wolf, the Arctic wolf and the Mongolian wolf.<\/p>\n<p>So get ready to live a unique experience during your stay!<\/p>\n<p>Guided tours are offered to you which will immerse you in the discovery of an animal as mysterious as it is mythical. Total change of scenery guaranteed.<\/p>\n<p>Find all the information about the park <a href=\"https:\/\/www.loupsdugevaudan.com\/\" target=\"_blank\" rel=\"noopener noreferrer\">here<\/a><\/p>\n<p><a href=\"http:\/\/gitelozerejavols.com\/en\/activities-javols-lozere-cottage\/\">Back to seasonal activities<\/a><\/p>\n<\/div>\n<\/div><\/div><\/div><\/div><\/div><\/div><div id=\"pg-gb502-69d466132b9d5-1\"  class=\"panel-grid panel-has-style\" ><div style=\"padding: 20px 0; \" data-overlay=\"true\" data-overlay-color=\"#000000\" class=\"panel-row-style panel-row-style-for-gb502-69d466132b9d5-1\" ><div id=\"pgc-gb502-69d466132b9d5-1-0\"  class=\"panel-grid-cell\" ><div id=\"panel-gb502-69d466132b9d5-1-0-0\" class=\"so-panel widget widget_sow-image panel-first-child panel-last-child\" data-index=\"2\" ><div style=\"text-align: left;\" data-title-color=\"#443f3f\" data-headings-color=\"#443f3f\" class=\"panel-widget-style panel-widget-style-for-gb502-69d466132b9d5-1-0-0\" ><div\n\t\t\t\n\t\t\tclass=\"so-widget-sow-image so-widget-sow-image-default-8b5b6f678277-502\"\n\t\t\t\n\t\t>\n\n<div class=\"sow-image-container\">\n\t\t<img decoding=\"async\" src=\"http:\/\/gitelozerejavols.com\/wp-content\/uploads\/2020\/11\/reserve-des-bisons-dEurope-proche-du-gite-chez-lea-en-lozere-a-javols.jpg\" width=\"760\" height=\"586\" srcset=\"http:\/\/gitelozerejavols.com\/wp-content\/uploads\/2020\/11\/reserve-des-bisons-dEurope-proche-du-gite-chez-lea-en-lozere-a-javols.jpg 760w, http:\/\/gitelozerejavols.com\/wp-content\/uploads\/2020\/11\/reserve-des-bisons-dEurope-proche-du-gite-chez-lea-en-lozere-a-javols-300x231.jpg 300w, http:\/\/gitelozerejavols.com\/wp-content\/uploads\/2020\/11\/reserve-des-bisons-dEurope-proche-du-gite-chez-lea-en-lozere-a-javols-230x177.jpg 230w, http:\/\/gitelozerejavols.com\/wp-content\/uploads\/2020\/11\/reserve-des-bisons-dEurope-proche-du-gite-chez-lea-en-lozere-a-javols-350x270.jpg 350w, http:\/\/gitelozerejavols.com\/wp-content\/uploads\/2020\/11\/reserve-des-bisons-dEurope-proche-du-gite-chez-lea-en-lozere-a-javols-480x370.jpg 480w\" sizes=\"(max-width: 760px) 100vw, 760px\" title=\"reserve des bisons d&#8217;Europe proche du gite chez lea en lozere \u00e0 javols\" alt=\"aux alentours du gite chez lea a javols en lozere, d\u00e9couvrez la r\u00e9serve des bisons d&#039;Europe\" loading=\"lazy\" \t\tclass=\"so-widget-image\"\/>\n\t<\/div>\n\n<\/div><\/div><\/div><\/div><div id=\"pgc-gb502-69d466132b9d5-1-1\"  class=\"panel-grid-cell\" ><div id=\"panel-gb502-69d466132b9d5-1-1-0\" class=\"so-panel widget widget_sow-image panel-first-child panel-last-child\" data-index=\"3\" ><div style=\"text-align: left;\" data-title-color=\"#443f3f\" data-headings-color=\"#443f3f\" class=\"panel-widget-style panel-widget-style-for-gb502-69d466132b9d5-1-1-0\" ><div\n\t\t\t\n\t\t\tclass=\"so-widget-sow-image so-widget-sow-image-default-8b5b6f678277-502\"\n\t\t\t\n\t\t>\n\n<div class=\"sow-image-container\">\n\t\t<img decoding=\"async\" src=\"http:\/\/gitelozerejavols.com\/wp-content\/uploads\/2020\/11\/parc-des-loups-en-Lozere-proche-du-gite-chez-lea-a-javols.jpg\" width=\"760\" height=\"586\" srcset=\"http:\/\/gitelozerejavols.com\/wp-content\/uploads\/2020\/11\/parc-des-loups-en-Lozere-proche-du-gite-chez-lea-a-javols.jpg 760w, http:\/\/gitelozerejavols.com\/wp-content\/uploads\/2020\/11\/parc-des-loups-en-Lozere-proche-du-gite-chez-lea-a-javols-300x231.jpg 300w, http:\/\/gitelozerejavols.com\/wp-content\/uploads\/2020\/11\/parc-des-loups-en-Lozere-proche-du-gite-chez-lea-a-javols-230x177.jpg 230w, http:\/\/gitelozerejavols.com\/wp-content\/uploads\/2020\/11\/parc-des-loups-en-Lozere-proche-du-gite-chez-lea-a-javols-350x270.jpg 350w, http:\/\/gitelozerejavols.com\/wp-content\/uploads\/2020\/11\/parc-des-loups-en-Lozere-proche-du-gite-chez-lea-a-javols-480x370.jpg 480w\" sizes=\"(max-width: 760px) 100vw, 760px\" title=\"parc des loups en Lozere proche du gite chez l\u00e9a \u00e0 javols\" alt=\"Activit\u00e9 le parc des loups lors de votre s\u00e9jour au gite chez lea \u00e0 javols en lozere\" loading=\"lazy\" \t\tclass=\"so-widget-image\"\/>\n\t<\/div>\n\n<\/div><\/div><\/div><\/div><\/div><\/div><\/div>","protected":false},"excerpt":{"rendered":"<p>Unique activities in Loz\u00e8re near the g\u00eete in Javols In order to fully enjoy your stay, we have selected unique activities for you near the cottage located in Javols. In the heart of the Margeride, immerse yourself in an exotic environment without traveling to the other side of the world. Indeed, the European bison reserve [&hellip;]<\/p>\n","protected":false},"author":2,"featured_media":0,"parent":0,"menu_order":0,"comment_status":"closed","ping_status":"closed","template":"page-templates\/page_front-page.php","meta":{"footnotes":""},"yoast_head":"<!-- This site is optimized with the Yoast SEO plugin v21.6 - https:\/\/yoast.com\/wordpress\/plugins\/seo\/ -->\n<title>Bison and wolf cottage - Doscover these animals near the cottage in Javols<\/title>\n<meta name=\"description\" content=\"In order to make your staycation an amazing experience, we propose you to discover bisons and wolves nearby the cottage in Lozere.\" \/>\n<meta name=\"robots\" content=\"index, follow, max-snippet:-1, max-image-preview:large, max-video-preview:-1\" \/>\n<link rel=\"canonical\" href=\"http:\/\/gitelozerejavols.com\/en\/les-bisons-deurope\/\" \/>\n<meta property=\"og:locale\" content=\"en_US\" \/>\n<meta property=\"og:type\" content=\"article\" \/>\n<meta property=\"og:title\" content=\"Bison and wolf cottage - Doscover these animals near the cottage in Javols\" \/>\n<meta property=\"og:description\" content=\"In order to make your staycation an amazing experience, we propose you to discover bisons and wolves nearby the cottage in Lozere.\" \/>\n<meta property=\"og:url\" content=\"http:\/\/gitelozerejavols.com\/en\/les-bisons-deurope\/\" \/>\n<meta property=\"article:modified_time\" content=\"2020-12-07T10:29:34+00:00\" \/>\n<meta property=\"og:image\" content=\"http:\/\/gitelozerejavols.com\/wp-content\/uploads\/2020\/11\/reserve-des-bisons-dEurope-proche-du-gite-chez-lea-en-lozere-a-javols.jpg\" \/>\n<meta name=\"twitter:card\" content=\"summary_large_image\" \/>\n<meta name=\"twitter:label1\" content=\"Est. reading time\" \/>\n\t<meta name=\"twitter:data1\" content=\"1 minute\" \/>\n<script type=\"application\/ld+json\" class=\"yoast-schema-graph\">{\"@context\":\"https:\/\/schema.org\",\"@graph\":[{\"@type\":\"WebPage\",\"@id\":\"http:\/\/gitelozerejavols.com\/en\/les-bisons-deurope\/\",\"url\":\"http:\/\/gitelozerejavols.com\/en\/les-bisons-deurope\/\",\"name\":\"Bison and wolf cottage - Doscover these animals near the cottage in Javols\",\"isPartOf\":{\"@id\":\"http:\/\/gitelozerejavols.com\/#website\"},\"datePublished\":\"2020-10-16T14:15:39+00:00\",\"dateModified\":\"2020-12-07T10:29:34+00:00\",\"description\":\"In order to make your staycation an amazing experience, we propose you to discover bisons and wolves nearby the cottage in Lozere.\",\"breadcrumb\":{\"@id\":\"http:\/\/gitelozerejavols.com\/en\/les-bisons-deurope\/#breadcrumb\"},\"inLanguage\":\"en-US\",\"potentialAction\":[{\"@type\":\"ReadAction\",\"target\":[\"http:\/\/gitelozerejavols.com\/en\/les-bisons-deurope\/\"]}]},{\"@type\":\"BreadcrumbList\",\"@id\":\"http:\/\/gitelozerejavols.com\/en\/les-bisons-deurope\/#breadcrumb\",\"itemListElement\":[{\"@type\":\"ListItem\",\"position\":1,\"name\":\"Accueil\",\"item\":\"https:\/\/gitelozerejavols.com\/en\/\"},{\"@type\":\"ListItem\",\"position\":2,\"name\":\"European Bison and Gevaudan Wolf\"}]},{\"@type\":\"WebSite\",\"@id\":\"http:\/\/gitelozerejavols.com\/#website\",\"url\":\"http:\/\/gitelozerejavols.com\/\",\"name\":\"\",\"description\":\"\",\"potentialAction\":[{\"@type\":\"SearchAction\",\"target\":{\"@type\":\"EntryPoint\",\"urlTemplate\":\"http:\/\/gitelozerejavols.com\/?s={search_term_string}\"},\"query-input\":\"required name=search_term_string\"}],\"inLanguage\":\"en-US\"}]}<\/script>\n<!-- \/ Yoast SEO plugin. -->","yoast_head_json":{"title":"Bison and wolf cottage - Doscover these animals near the cottage in Javols","description":"In order to make your staycation an amazing experience, we propose you to discover bisons and wolves nearby the cottage in Lozere.","robots":{"index":"index","follow":"follow","max-snippet":"max-snippet:-1","max-image-preview":"max-image-preview:large","max-video-preview":"max-video-preview:-1"},"canonical":"http:\/\/gitelozerejavols.com\/en\/les-bisons-deurope\/","og_locale":"en_US","og_type":"article","og_title":"Bison and wolf cottage - Doscover these animals near the cottage in Javols","og_description":"In order to make your staycation an amazing experience, we propose you to discover bisons and wolves nearby the cottage in Lozere.","og_url":"http:\/\/gitelozerejavols.com\/en\/les-bisons-deurope\/","article_modified_time":"2020-12-07T10:29:34+00:00","og_image":[{"url":"http:\/\/gitelozerejavols.com\/wp-content\/uploads\/2020\/11\/reserve-des-bisons-dEurope-proche-du-gite-chez-lea-en-lozere-a-javols.jpg"}],"twitter_card":"summary_large_image","twitter_misc":{"Est. reading time":"1 minute"},"schema":{"@context":"https:\/\/schema.org","@graph":[{"@type":"WebPage","@id":"http:\/\/gitelozerejavols.com\/en\/les-bisons-deurope\/","url":"http:\/\/gitelozerejavols.com\/en\/les-bisons-deurope\/","name":"Bison and wolf cottage - Doscover these animals near the cottage in Javols","isPartOf":{"@id":"http:\/\/gitelozerejavols.com\/#website"},"datePublished":"2020-10-16T14:15:39+00:00","dateModified":"2020-12-07T10:29:34+00:00","description":"In order to make your staycation an amazing experience, we propose you to discover bisons and wolves nearby the cottage in Lozere.","breadcrumb":{"@id":"http:\/\/gitelozerejavols.com\/en\/les-bisons-deurope\/#breadcrumb"},"inLanguage":"en-US","potentialAction":[{"@type":"ReadAction","target":["http:\/\/gitelozerejavols.com\/en\/les-bisons-deurope\/"]}]},{"@type":"BreadcrumbList","@id":"http:\/\/gitelozerejavols.com\/en\/les-bisons-deurope\/#breadcrumb","itemListElement":[{"@type":"ListItem","position":1,"name":"Accueil","item":"https:\/\/gitelozerejavols.com\/en\/"},{"@type":"ListItem","position":2,"name":"European Bison and Gevaudan Wolf"}]},{"@type":"WebSite","@id":"http:\/\/gitelozerejavols.com\/#website","url":"http:\/\/gitelozerejavols.com\/","name":"","description":"","potentialAction":[{"@type":"SearchAction","target":{"@type":"EntryPoint","urlTemplate":"http:\/\/gitelozerejavols.com\/?s={search_term_string}"},"query-input":"required name=search_term_string"}],"inLanguage":"en-US"}]}},"_links":{"self":[{"href":"http:\/\/gitelozerejavols.com\/en\/wp-json\/wp\/v2\/pages\/502"}],"collection":[{"href":"http:\/\/gitelozerejavols.com\/en\/wp-json\/wp\/v2\/pages"}],"about":[{"href":"http:\/\/gitelozerejavols.com\/en\/wp-json\/wp\/v2\/types\/page"}],"author":[{"embeddable":true,"href":"http:\/\/gitelozerejavols.com\/en\/wp-json\/wp\/v2\/users\/2"}],"replies":[{"embeddable":true,"href":"http:\/\/gitelozerejavols.com\/en\/wp-json\/wp\/v2\/comments?post=502"}],"version-history":[{"count":4,"href":"http:\/\/gitelozerejavols.com\/en\/wp-json\/wp\/v2\/pages\/502\/revisions"}],"predecessor-version":[{"id":1017,"href":"http:\/\/gitelozerejavols.com\/en\/wp-json\/wp\/v2\/pages\/502\/revisions\/1017"}],"wp:attachment":[{"href":"http:\/\/gitelozerejavols.com\/en\/wp-json\/wp\/v2\/media?parent=502"}],"curies":[{"name":"wp","href":"https:\/\/api.w.org\/{rel}","templated":true}]}}