{"id":506,"date":"2020-11-24T15:40:43","date_gmt":"2020-11-24T14:40:43","guid":{"rendered":"http:\/\/gitelozerejavols.com\/les-gorges-du-tarn\/"},"modified":"2021-01-03T21:48:08","modified_gmt":"2021-01-03T20:48:08","slug":"les-gorges-du-tarn","status":"publish","type":"page","link":"http:\/\/gitelozerejavols.com\/en\/les-gorges-du-tarn\/","title":{"rendered":"The gorges of the tarn river"},"content":{"rendered":"<div id=\"pl-gb506-69ef92a1c4657\"  class=\"panel-layout\" ><div id=\"pg-gb506-69ef92a1c4657-0\"  class=\"panel-grid panel-has-style\" ><div style=\"padding: 100px 0; \" data-overlay=\"true\" data-overlay-color=\"#000000\" class=\"panel-row-style panel-row-style-for-gb506-69ef92a1c4657-0\" ><div id=\"pgc-gb506-69ef92a1c4657-0-0\"  class=\"panel-grid-cell\" ><div id=\"panel-gb506-69ef92a1c4657-0-0-0\" class=\"so-panel widget widget_sow-editor panel-first-child\" data-index=\"0\" ><div style=\"text-align: left;\" data-title-color=\"#443f3f\" data-headings-color=\"#443f3f\" class=\"panel-widget-style panel-widget-style-for-gb506-69ef92a1c4657-0-0-0\" ><div\n\t\t\t\n\t\t\tclass=\"so-widget-sow-editor so-widget-sow-editor-base\"\n\t\t\t\n\t\t>\n<div class=\"siteorigin-widget-tinymce textwidget\">\n\t<h2 style=\"text-align: center;\">This destination is not to be missed during your stay at G\u00eete chez L\u00e9a in Javols, Loz\u00e8re.<\/h2>\n<p>In order to keep you busy during your stay, we have selected several activities around the gite. Although \u201cLES GORGES DU TARN\u201d are located at about one hour from G\u00eete chez L\u00e9a in Javols. It thus appeared essential to us to recommend to you this destination in order to offer you a complete stay in Lozere.<\/p>\n<p>\u201cLES GORGES DU TARN\u201d are known for their crystal-clear waters, their magnificent landscapes but also for canoe or kayak rides. On both sides of the bank, we can observe a succession of small villages and hamlets.<\/p>\n<p>In addition, several routes are accessible by canoe or kayak to help you discover the beauty of \u201cLES GORGES DU TARN. There are four different starting points. Finally, the circuits are accessible to all, beginners or confirmed, whether you are alone or in a group. On one of the circuits, your path will cross that of the medieval village of Sainte-Enimie, classified among the most beautiful villages of France.<\/p>\n<\/div>\n<\/div><\/div><\/div><div id=\"panel-gb506-69ef92a1c4657-0-0-1\" class=\"so-panel widget widget_sow-image panel-last-child\" data-index=\"1\" ><div style=\"text-align: left;\" data-title-color=\"#443f3f\" data-headings-color=\"#443f3f\" class=\"panel-widget-style panel-widget-style-for-gb506-69ef92a1c4657-0-0-1\" ><div\n\t\t\t\n\t\t\tclass=\"so-widget-sow-image so-widget-sow-image-default-c67d20f9f743-506\"\n\t\t\t\n\t\t>\n\n<div class=\"sow-image-container\">\n\t\t<img decoding=\"async\" src=\"http:\/\/gitelozerejavols.com\/wp-content\/uploads\/2020\/11\/saut-elastique-proche-du-gite-chez-lea-en-lozere-a-javols.jpg\" width=\"1030\" height=\"549\" srcset=\"http:\/\/gitelozerejavols.com\/wp-content\/uploads\/2020\/11\/saut-elastique-proche-du-gite-chez-lea-en-lozere-a-javols.jpg 1030w, http:\/\/gitelozerejavols.com\/wp-content\/uploads\/2020\/11\/saut-elastique-proche-du-gite-chez-lea-en-lozere-a-javols-300x160.jpg 300w, http:\/\/gitelozerejavols.com\/wp-content\/uploads\/2020\/11\/saut-elastique-proche-du-gite-chez-lea-en-lozere-a-javols-1024x546.jpg 1024w, http:\/\/gitelozerejavols.com\/wp-content\/uploads\/2020\/11\/saut-elastique-proche-du-gite-chez-lea-en-lozere-a-javols-768x409.jpg 768w, http:\/\/gitelozerejavols.com\/wp-content\/uploads\/2020\/11\/saut-elastique-proche-du-gite-chez-lea-en-lozere-a-javols-830x442.jpg 830w, http:\/\/gitelozerejavols.com\/wp-content\/uploads\/2020\/11\/saut-elastique-proche-du-gite-chez-lea-en-lozere-a-javols-230x123.jpg 230w, http:\/\/gitelozerejavols.com\/wp-content\/uploads\/2020\/11\/saut-elastique-proche-du-gite-chez-lea-en-lozere-a-javols-350x187.jpg 350w, http:\/\/gitelozerejavols.com\/wp-content\/uploads\/2020\/11\/saut-elastique-proche-du-gite-chez-lea-en-lozere-a-javols-480x256.jpg 480w\" sizes=\"(max-width: 1030px) 100vw, 1030px\" title=\"saut elastique proche du gite chez lea en lozere \u00e0 javols\" alt=\"Lors de votre s\u00e9jour, rendez vous dans les gorges du Tarn pour un saut \u00e0 l&#039;\u00e9lastique\" loading=\"lazy\" \t\tclass=\"so-widget-image\"\/>\n\t<\/div>\n\n<\/div><\/div><\/div><\/div><div id=\"pgc-gb506-69ef92a1c4657-0-1\"  class=\"panel-grid-cell\" ><div id=\"panel-gb506-69ef92a1c4657-0-1-0\" class=\"so-panel widget widget_sow-image panel-first-child\" data-index=\"2\" ><div style=\"text-align: left;\" data-title-color=\"#443f3f\" data-headings-color=\"#443f3f\" class=\"panel-widget-style panel-widget-style-for-gb506-69ef92a1c4657-0-1-0\" ><div\n\t\t\t\n\t\t\tclass=\"so-widget-sow-image so-widget-sow-image-default-c67d20f9f743-506\"\n\t\t\t\n\t\t>\n\n<div class=\"sow-image-container\">\n\t\t<img decoding=\"async\" src=\"http:\/\/gitelozerejavols.com\/wp-content\/uploads\/2020\/11\/canoe-dans-les-gorges-du-tarn-proche-du-gite-chez-lea-en-lozere.jpg\" width=\"1280\" height=\"720\" srcset=\"http:\/\/gitelozerejavols.com\/wp-content\/uploads\/2020\/11\/canoe-dans-les-gorges-du-tarn-proche-du-gite-chez-lea-en-lozere.jpg 1280w, http:\/\/gitelozerejavols.com\/wp-content\/uploads\/2020\/11\/canoe-dans-les-gorges-du-tarn-proche-du-gite-chez-lea-en-lozere-300x169.jpg 300w, http:\/\/gitelozerejavols.com\/wp-content\/uploads\/2020\/11\/canoe-dans-les-gorges-du-tarn-proche-du-gite-chez-lea-en-lozere-1024x576.jpg 1024w, http:\/\/gitelozerejavols.com\/wp-content\/uploads\/2020\/11\/canoe-dans-les-gorges-du-tarn-proche-du-gite-chez-lea-en-lozere-768x432.jpg 768w, http:\/\/gitelozerejavols.com\/wp-content\/uploads\/2020\/11\/canoe-dans-les-gorges-du-tarn-proche-du-gite-chez-lea-en-lozere-830x467.jpg 830w, http:\/\/gitelozerejavols.com\/wp-content\/uploads\/2020\/11\/canoe-dans-les-gorges-du-tarn-proche-du-gite-chez-lea-en-lozere-230x129.jpg 230w, http:\/\/gitelozerejavols.com\/wp-content\/uploads\/2020\/11\/canoe-dans-les-gorges-du-tarn-proche-du-gite-chez-lea-en-lozere-350x197.jpg 350w, http:\/\/gitelozerejavols.com\/wp-content\/uploads\/2020\/11\/canoe-dans-les-gorges-du-tarn-proche-du-gite-chez-lea-en-lozere-480x270.jpg 480w\" sizes=\"(max-width: 1280px) 100vw, 1280px\" title=\"canoe dans les gorges du tarn proche du gite chez lea en lozere\" alt=\"gite chez lea en lozere aux alentours des gorges du tarn \" loading=\"lazy\" \t\tclass=\"so-widget-image\"\/>\n\t<\/div>\n\n<\/div><\/div><\/div><div id=\"panel-gb506-69ef92a1c4657-0-1-1\" class=\"so-panel widget widget_sow-editor panel-last-child\" data-index=\"3\" ><div style=\"text-align: left;\" data-title-color=\"#443f3f\" data-headings-color=\"#443f3f\" class=\"panel-widget-style panel-widget-style-for-gb506-69ef92a1c4657-0-1-1\" ><div\n\t\t\t\n\t\t\tclass=\"so-widget-sow-editor so-widget-sow-editor-base\"\n\t\t\t\n\t\t>\n<div class=\"siteorigin-widget-tinymce textwidget\">\n\t<p>&nbsp;<\/p>\n<h3 style=\"text-align: center;\">\u201cLES GORGES DU TARN\u201d, the destination to visit during your stay at G\u00eete chez L\u00e9a in Javols, Lozere<\/h3>\n<p style=\"text-align: center;\">In addition, for the bravest, a bungee jump of 107 meters is located in the heart of \u201cLES GORGES DU TARN\u201d.<\/p>\n<p style=\"text-align: center;\">However, if you are not a fan of strong sensations. You will still be able to enjoy this magnificent place. Indeed, it is possible to settle down at the water&#8217;s edge to enjoy the sun, to swim or even for a joyful picnic with friends in the middle of the nature.<\/p>\n<p style=\"text-align: center;\">Finally, as you already know by now, \u201cLES GORGES DU TARN\u201d is a not to be missed destination, we highly recommend you visit it during your stay at G\u00eete chez L\u00e9a in Javols, Lozere.<\/p>\n<p style=\"text-align: center;\">We regularly receive the couple of influencers traveling les.colibris we let you discover their pretty photos around the Loz\u00e8re: <a href=\"https:\/\/www.instagram.com\/les.colibris\">https:\/\/www.instagram.com\/les.colibris<\/a><\/p>\n<p style=\"text-align: center;\">Finally, feel free to find more information about \u201cLES GORGES DU TARN\u201d here.<\/p>\n<p style=\"text-align: center;\"><a href=\"http:\/\/gitelozerejavols.com\/en\/activities-javols-lozere-cottage\/\">More activities around the gite.<\/a><\/p>\n<\/div>\n<\/div><\/div><\/div><\/div><\/div><\/div><\/div>","protected":false},"excerpt":{"rendered":"<p>This destination is not to be missed during your stay at G\u00eete chez L\u00e9a in Javols, Loz\u00e8re. In order to keep you busy during your stay, we have selected several activities around the gite. Although \u201cLES GORGES DU TARN\u201d are located at about one hour from G\u00eete chez L\u00e9a in Javols. It thus appeared essential [&hellip;]<\/p>\n","protected":false},"author":6,"featured_media":0,"parent":0,"menu_order":0,"comment_status":"closed","ping_status":"closed","template":"page-templates\/page_front-page.php","meta":{"footnotes":""},"yoast_head":"<!-- This site is optimized with the Yoast SEO plugin v21.6 - https:\/\/yoast.com\/wordpress\/plugins\/seo\/ -->\n<title>Activites nearby cottage Lozere - Discover the &quot;Gorges du Tarn&quot;<\/title>\n<meta name=\"description\" content=\"In the surroundings of the cottage chez Lea in Lozere we have selected a destination that you can&#039;t miss during your stay at the gite\" \/>\n<meta name=\"robots\" content=\"index, follow, max-snippet:-1, max-image-preview:large, max-video-preview:-1\" \/>\n<link rel=\"canonical\" href=\"http:\/\/gitelozerejavols.com\/en\/les-gorges-du-tarn\/\" \/>\n<meta property=\"og:locale\" content=\"en_US\" \/>\n<meta property=\"og:type\" content=\"article\" \/>\n<meta property=\"og:title\" content=\"Activites nearby cottage Lozere - Discover the &quot;Gorges du Tarn&quot;\" \/>\n<meta property=\"og:description\" content=\"In the surroundings of the cottage chez Lea in Lozere we have selected a destination that you can&#039;t miss during your stay at the gite\" \/>\n<meta property=\"og:url\" content=\"http:\/\/gitelozerejavols.com\/en\/les-gorges-du-tarn\/\" \/>\n<meta property=\"article:modified_time\" content=\"2021-01-03T20:48:08+00:00\" \/>\n<meta property=\"og:image\" content=\"http:\/\/gitelozerejavols.com\/wp-content\/uploads\/2020\/11\/saut-elastique-proche-du-gite-chez-lea-en-lozere-a-javols.jpg\" \/>\n<meta name=\"twitter:card\" content=\"summary_large_image\" \/>\n<meta name=\"twitter:label1\" content=\"Est. reading time\" \/>\n\t<meta name=\"twitter:data1\" content=\"2 minutes\" \/>\n<script type=\"application\/ld+json\" class=\"yoast-schema-graph\">{\"@context\":\"https:\/\/schema.org\",\"@graph\":[{\"@type\":\"WebPage\",\"@id\":\"http:\/\/gitelozerejavols.com\/en\/les-gorges-du-tarn\/\",\"url\":\"http:\/\/gitelozerejavols.com\/en\/les-gorges-du-tarn\/\",\"name\":\"Activites nearby cottage Lozere - Discover the \\\"Gorges du Tarn\\\"\",\"isPartOf\":{\"@id\":\"http:\/\/gitelozerejavols.com\/#website\"},\"datePublished\":\"2020-11-24T14:40:43+00:00\",\"dateModified\":\"2021-01-03T20:48:08+00:00\",\"description\":\"In the surroundings of the cottage chez Lea in Lozere we have selected a destination that you can't miss during your stay at the gite\",\"breadcrumb\":{\"@id\":\"http:\/\/gitelozerejavols.com\/en\/les-gorges-du-tarn\/#breadcrumb\"},\"inLanguage\":\"en-US\",\"potentialAction\":[{\"@type\":\"ReadAction\",\"target\":[\"http:\/\/gitelozerejavols.com\/en\/les-gorges-du-tarn\/\"]}]},{\"@type\":\"BreadcrumbList\",\"@id\":\"http:\/\/gitelozerejavols.com\/en\/les-gorges-du-tarn\/#breadcrumb\",\"itemListElement\":[{\"@type\":\"ListItem\",\"position\":1,\"name\":\"Accueil\",\"item\":\"https:\/\/gitelozerejavols.com\/en\/\"},{\"@type\":\"ListItem\",\"position\":2,\"name\":\"The gorges of the tarn river\"}]},{\"@type\":\"WebSite\",\"@id\":\"http:\/\/gitelozerejavols.com\/#website\",\"url\":\"http:\/\/gitelozerejavols.com\/\",\"name\":\"\",\"description\":\"\",\"potentialAction\":[{\"@type\":\"SearchAction\",\"target\":{\"@type\":\"EntryPoint\",\"urlTemplate\":\"http:\/\/gitelozerejavols.com\/?s={search_term_string}\"},\"query-input\":\"required name=search_term_string\"}],\"inLanguage\":\"en-US\"}]}<\/script>\n<!-- \/ Yoast SEO plugin. -->","yoast_head_json":{"title":"Activites nearby cottage Lozere - Discover the \"Gorges du Tarn\"","description":"In the surroundings of the cottage chez Lea in Lozere we have selected a destination that you can't miss during your stay at the gite","robots":{"index":"index","follow":"follow","max-snippet":"max-snippet:-1","max-image-preview":"max-image-preview:large","max-video-preview":"max-video-preview:-1"},"canonical":"http:\/\/gitelozerejavols.com\/en\/les-gorges-du-tarn\/","og_locale":"en_US","og_type":"article","og_title":"Activites nearby cottage Lozere - Discover the \"Gorges du Tarn\"","og_description":"In the surroundings of the cottage chez Lea in Lozere we have selected a destination that you can't miss during your stay at the gite","og_url":"http:\/\/gitelozerejavols.com\/en\/les-gorges-du-tarn\/","article_modified_time":"2021-01-03T20:48:08+00:00","og_image":[{"url":"http:\/\/gitelozerejavols.com\/wp-content\/uploads\/2020\/11\/saut-elastique-proche-du-gite-chez-lea-en-lozere-a-javols.jpg"}],"twitter_card":"summary_large_image","twitter_misc":{"Est. reading time":"2 minutes"},"schema":{"@context":"https:\/\/schema.org","@graph":[{"@type":"WebPage","@id":"http:\/\/gitelozerejavols.com\/en\/les-gorges-du-tarn\/","url":"http:\/\/gitelozerejavols.com\/en\/les-gorges-du-tarn\/","name":"Activites nearby cottage Lozere - Discover the \"Gorges du Tarn\"","isPartOf":{"@id":"http:\/\/gitelozerejavols.com\/#website"},"datePublished":"2020-11-24T14:40:43+00:00","dateModified":"2021-01-03T20:48:08+00:00","description":"In the surroundings of the cottage chez Lea in Lozere we have selected a destination that you can't miss during your stay at the gite","breadcrumb":{"@id":"http:\/\/gitelozerejavols.com\/en\/les-gorges-du-tarn\/#breadcrumb"},"inLanguage":"en-US","potentialAction":[{"@type":"ReadAction","target":["http:\/\/gitelozerejavols.com\/en\/les-gorges-du-tarn\/"]}]},{"@type":"BreadcrumbList","@id":"http:\/\/gitelozerejavols.com\/en\/les-gorges-du-tarn\/#breadcrumb","itemListElement":[{"@type":"ListItem","position":1,"name":"Accueil","item":"https:\/\/gitelozerejavols.com\/en\/"},{"@type":"ListItem","position":2,"name":"The gorges of the tarn river"}]},{"@type":"WebSite","@id":"http:\/\/gitelozerejavols.com\/#website","url":"http:\/\/gitelozerejavols.com\/","name":"","description":"","potentialAction":[{"@type":"SearchAction","target":{"@type":"EntryPoint","urlTemplate":"http:\/\/gitelozerejavols.com\/?s={search_term_string}"},"query-input":"required name=search_term_string"}],"inLanguage":"en-US"}]}},"_links":{"self":[{"href":"http:\/\/gitelozerejavols.com\/en\/wp-json\/wp\/v2\/pages\/506"}],"collection":[{"href":"http:\/\/gitelozerejavols.com\/en\/wp-json\/wp\/v2\/pages"}],"about":[{"href":"http:\/\/gitelozerejavols.com\/en\/wp-json\/wp\/v2\/types\/page"}],"author":[{"embeddable":true,"href":"http:\/\/gitelozerejavols.com\/en\/wp-json\/wp\/v2\/users\/6"}],"replies":[{"embeddable":true,"href":"http:\/\/gitelozerejavols.com\/en\/wp-json\/wp\/v2\/comments?post=506"}],"version-history":[{"count":3,"href":"http:\/\/gitelozerejavols.com\/en\/wp-json\/wp\/v2\/pages\/506\/revisions"}],"predecessor-version":[{"id":1053,"href":"http:\/\/gitelozerejavols.com\/en\/wp-json\/wp\/v2\/pages\/506\/revisions\/1053"}],"wp:attachment":[{"href":"http:\/\/gitelozerejavols.com\/en\/wp-json\/wp\/v2\/media?parent=506"}],"curies":[{"name":"wp","href":"https:\/\/api.w.org\/{rel}","templated":true}]}}