{"id":508,"date":"2020-11-24T16:18:25","date_gmt":"2020-11-24T15:18:25","guid":{"rendered":"http:\/\/gitelozerejavols.com\/les-randonnees\/"},"modified":"2020-12-09T14:57:16","modified_gmt":"2020-12-09T13:57:16","slug":"les-randonnees","status":"publish","type":"page","link":"http:\/\/gitelozerejavols.com\/en\/les-randonnees\/","title":{"rendered":"Hikes"},"content":{"rendered":"<div id=\"pl-gb508-69ef95af73618\"  class=\"panel-layout\" ><div id=\"pg-gb508-69ef95af73618-0\"  class=\"panel-grid panel-has-style\" ><div style=\"padding: 100px 0; \" data-overlay=\"true\" data-overlay-color=\"#000000\" class=\"panel-row-style panel-row-style-for-gb508-69ef95af73618-0\" ><div id=\"pgc-gb508-69ef95af73618-0-0\"  class=\"panel-grid-cell\" ><div id=\"panel-gb508-69ef95af73618-0-0-0\" class=\"so-panel widget widget_sow-editor panel-first-child\" data-index=\"0\" ><div style=\"text-align: left;\" data-title-color=\"#443f3f\" data-headings-color=\"#443f3f\" class=\"panel-widget-style panel-widget-style-for-gb508-69ef95af73618-0-0-0\" ><div\n\t\t\t\n\t\t\tclass=\"so-widget-sow-editor so-widget-sow-editor-base\"\n\t\t\t\n\t\t><h3 class=\"widget-title\">HIKING IN LOZERE<\/h3>\n<div class=\"siteorigin-widget-tinymce textwidget\">\n\t<h2 style=\"text-align: center;\">During your stay discover the hikes around the gite Chez L\u00e9a in Javols, Lozere.<\/h2>\n<p style=\"text-align: center;\">Stay in our gite in Javols, Lozere and discover the hikes in the surroundings. You will find many routes for all levels, more or less long, with high or low altitude. But also famous itineraries such as part of the Way of St Jacques de Compostelle or the Stevenson Way. What&#8217;s more, what better than discovering the landscapes while enjoying the fresh air of our beautiful region on foot.<\/p>\n<\/div>\n<\/div><\/div><\/div><div id=\"panel-gb508-69ef95af73618-0-0-1\" class=\"so-panel widget widget_sow-image panel-last-child\" data-index=\"1\" ><div style=\"text-align: left;\" data-title-color=\"#443f3f\" data-headings-color=\"#443f3f\" class=\"panel-widget-style panel-widget-style-for-gb508-69ef95af73618-0-0-1\" ><div\n\t\t\t\n\t\t\tclass=\"so-widget-sow-image so-widget-sow-image-default-8b5b6f678277-508\"\n\t\t\t\n\t\t>\n\n<div class=\"sow-image-container\">\n\t\t<img decoding=\"async\" src=\"http:\/\/gitelozerejavols.com\/wp-content\/uploads\/2020\/11\/randonnees-lozere-gite-chez-lea.jpg\" width=\"800\" height=\"533\" srcset=\"http:\/\/gitelozerejavols.com\/wp-content\/uploads\/2020\/11\/randonnees-lozere-gite-chez-lea.jpg 800w, http:\/\/gitelozerejavols.com\/wp-content\/uploads\/2020\/11\/randonnees-lozere-gite-chez-lea-300x200.jpg 300w, http:\/\/gitelozerejavols.com\/wp-content\/uploads\/2020\/11\/randonnees-lozere-gite-chez-lea-768x512.jpg 768w, http:\/\/gitelozerejavols.com\/wp-content\/uploads\/2020\/11\/randonnees-lozere-gite-chez-lea-230x153.jpg 230w, http:\/\/gitelozerejavols.com\/wp-content\/uploads\/2020\/11\/randonnees-lozere-gite-chez-lea-350x233.jpg 350w, http:\/\/gitelozerejavols.com\/wp-content\/uploads\/2020\/11\/randonnees-lozere-gite-chez-lea-480x320.jpg 480w, http:\/\/gitelozerejavols.com\/wp-content\/uploads\/2020\/11\/randonnees-lozere-gite-chez-lea-272x182.jpg 272w\" sizes=\"(max-width: 800px) 100vw, 800px\" title=\"randonn\u00e9es-lozere-gite-chez-lea\" alt=\"les randonn\u00e9es pr\u00e8s du gite \u00e0 javols en lozere\" loading=\"lazy\" \t\tclass=\"so-widget-image\"\/>\n\t<\/div>\n\n<\/div><\/div><\/div><\/div><div id=\"pgc-gb508-69ef95af73618-0-1\"  class=\"panel-grid-cell\" ><div id=\"panel-gb508-69ef95af73618-0-1-0\" class=\"so-panel widget widget_sow-image panel-first-child\" data-index=\"2\" ><div style=\"text-align: left;\" data-title-color=\"#443f3f\" data-headings-color=\"#443f3f\" class=\"panel-widget-style panel-widget-style-for-gb508-69ef95af73618-0-1-0\" ><div\n\t\t\t\n\t\t\tclass=\"so-widget-sow-image so-widget-sow-image-default-8b5b6f678277-508\"\n\t\t\t\n\t\t>\n\n<div class=\"sow-image-container\">\n\t\t<img decoding=\"async\" src=\"http:\/\/gitelozerejavols.com\/wp-content\/uploads\/2020\/11\/randonnee-lozere-gite-javols.jpg\" width=\"400\" height=\"267\" srcset=\"http:\/\/gitelozerejavols.com\/wp-content\/uploads\/2020\/11\/randonnee-lozere-gite-javols.jpg 400w, http:\/\/gitelozerejavols.com\/wp-content\/uploads\/2020\/11\/randonnee-lozere-gite-javols-300x200.jpg 300w, http:\/\/gitelozerejavols.com\/wp-content\/uploads\/2020\/11\/randonnee-lozere-gite-javols-230x154.jpg 230w, http:\/\/gitelozerejavols.com\/wp-content\/uploads\/2020\/11\/randonnee-lozere-gite-javols-350x234.jpg 350w, http:\/\/gitelozerejavols.com\/wp-content\/uploads\/2020\/11\/randonnee-lozere-gite-javols-272x182.jpg 272w\" sizes=\"(max-width: 400px) 100vw, 400px\" title=\"randonn\u00e9e-lozere-gite-javols\" alt=\"les randonn\u00e9es aux alentours du gite de lozere\" loading=\"lazy\" \t\tclass=\"so-widget-image\"\/>\n\t<\/div>\n\n<\/div><\/div><\/div><div id=\"panel-gb508-69ef95af73618-0-1-1\" class=\"so-panel widget widget_sow-editor panel-last-child\" data-index=\"3\" ><div style=\"text-align: left;\" data-title-color=\"#443f3f\" data-headings-color=\"#443f3f\" class=\"panel-widget-style panel-widget-style-for-gb508-69ef95af73618-0-1-1\" ><div\n\t\t\t\n\t\t\tclass=\"so-widget-sow-editor so-widget-sow-editor-base\"\n\t\t\t\n\t\t>\n<div class=\"siteorigin-widget-tinymce textwidget\">\n\t<p style=\"text-align: center;\">\n<p>&nbsp;<\/p>\n<p style=\"text-align: center;\">The path\u2019s part of Saint Jacques de Compostelle that crosses la Loz\u00e8re and is more than 257km long. In addition, the part of this itinerary from Nasbinals to St Ch\u00e9ly is classified as a UNESCO World Heritage Site. You will find at less than 10Km from the gite in Javols in Lozere some simpler and shorter hikes. As for example the 14.5 km hike from Aumont-Aubrac to La Chaze de Peyre. Thus an ideal hike for families, of easy level and little difference in altitude. It will allow you to admire the diversity of landscapes that Lozere offers.<\/p>\n<p style=\"text-align: center;\">If you wish to know more, we invite you to take a look at the choices of hikes on Lozere tourisme. This one will perhaps give encourage you to come discover our beautiful lozere, its hikes and the relaxing stay in our G\u00eete.<\/p>\n<p style=\"text-align: center;\"><a href=\"http:\/\/gitelozerejavols.com\/en\/activities-javols-lozere-cottage\/\">Back to activites\u00a0<\/a><\/p>\n<\/div>\n<\/div><\/div><\/div><\/div><\/div><\/div><\/div>","protected":false},"excerpt":{"rendered":"<p>During your stay discover the hikes around the gite Chez L\u00e9a in Javols, Lozere. Stay in our gite in Javols, Lozere and discover the hikes in the surroundings. You will find many routes for all levels, more or less long, with high or low altitude. But also famous itineraries such as part of the Way [&hellip;]<\/p>\n","protected":false},"author":6,"featured_media":0,"parent":0,"menu_order":0,"comment_status":"closed","ping_status":"closed","template":"page-templates\/page_front-page.php","meta":{"footnotes":""},"yoast_head":"<!-- This site is optimized with the Yoast SEO plugin v21.6 - https:\/\/yoast.com\/wordpress\/plugins\/seo\/ -->\n<title>Hikes near cottage in Javols - discover the beauty and diversity of Lozere<\/title>\n<meta name=\"description\" content=\"To fully enjoy your stay there are several hikes to do with your family or as a couple near the cottage Chez Lea located in Javols, Lozere\" \/>\n<meta name=\"robots\" content=\"index, follow, max-snippet:-1, max-image-preview:large, max-video-preview:-1\" \/>\n<link rel=\"canonical\" href=\"http:\/\/gitelozerejavols.com\/en\/les-randonnees\/\" \/>\n<meta property=\"og:locale\" content=\"en_US\" \/>\n<meta property=\"og:type\" content=\"article\" \/>\n<meta property=\"og:title\" content=\"Hikes near cottage in Javols - discover the beauty and diversity of Lozere\" \/>\n<meta property=\"og:description\" content=\"To fully enjoy your stay there are several hikes to do with your family or as a couple near the cottage Chez Lea located in Javols, Lozere\" \/>\n<meta property=\"og:url\" content=\"http:\/\/gitelozerejavols.com\/en\/les-randonnees\/\" \/>\n<meta property=\"article:modified_time\" content=\"2020-12-09T13:57:16+00:00\" \/>\n<meta property=\"og:image\" content=\"http:\/\/gitelozerejavols.com\/wp-content\/uploads\/2020\/11\/randonnees-lozere-gite-chez-lea.jpg\" \/>\n<meta name=\"twitter:card\" content=\"summary_large_image\" \/>\n<meta name=\"twitter:label1\" content=\"Est. reading time\" \/>\n\t<meta name=\"twitter:data1\" content=\"1 minute\" \/>\n<script type=\"application\/ld+json\" class=\"yoast-schema-graph\">{\"@context\":\"https:\/\/schema.org\",\"@graph\":[{\"@type\":\"WebPage\",\"@id\":\"http:\/\/gitelozerejavols.com\/en\/les-randonnees\/\",\"url\":\"http:\/\/gitelozerejavols.com\/en\/les-randonnees\/\",\"name\":\"Hikes near cottage in Javols - discover the beauty and diversity of Lozere\",\"isPartOf\":{\"@id\":\"http:\/\/gitelozerejavols.com\/#website\"},\"datePublished\":\"2020-11-24T15:18:25+00:00\",\"dateModified\":\"2020-12-09T13:57:16+00:00\",\"description\":\"To fully enjoy your stay there are several hikes to do with your family or as a couple near the cottage Chez Lea located in Javols, Lozere\",\"breadcrumb\":{\"@id\":\"http:\/\/gitelozerejavols.com\/en\/les-randonnees\/#breadcrumb\"},\"inLanguage\":\"en-US\",\"potentialAction\":[{\"@type\":\"ReadAction\",\"target\":[\"http:\/\/gitelozerejavols.com\/en\/les-randonnees\/\"]}]},{\"@type\":\"BreadcrumbList\",\"@id\":\"http:\/\/gitelozerejavols.com\/en\/les-randonnees\/#breadcrumb\",\"itemListElement\":[{\"@type\":\"ListItem\",\"position\":1,\"name\":\"Accueil\",\"item\":\"https:\/\/gitelozerejavols.com\/en\/\"},{\"@type\":\"ListItem\",\"position\":2,\"name\":\"Hikes\"}]},{\"@type\":\"WebSite\",\"@id\":\"http:\/\/gitelozerejavols.com\/#website\",\"url\":\"http:\/\/gitelozerejavols.com\/\",\"name\":\"\",\"description\":\"\",\"potentialAction\":[{\"@type\":\"SearchAction\",\"target\":{\"@type\":\"EntryPoint\",\"urlTemplate\":\"http:\/\/gitelozerejavols.com\/?s={search_term_string}\"},\"query-input\":\"required name=search_term_string\"}],\"inLanguage\":\"en-US\"}]}<\/script>\n<!-- \/ Yoast SEO plugin. -->","yoast_head_json":{"title":"Hikes near cottage in Javols - discover the beauty and diversity of Lozere","description":"To fully enjoy your stay there are several hikes to do with your family or as a couple near the cottage Chez Lea located in Javols, Lozere","robots":{"index":"index","follow":"follow","max-snippet":"max-snippet:-1","max-image-preview":"max-image-preview:large","max-video-preview":"max-video-preview:-1"},"canonical":"http:\/\/gitelozerejavols.com\/en\/les-randonnees\/","og_locale":"en_US","og_type":"article","og_title":"Hikes near cottage in Javols - discover the beauty and diversity of Lozere","og_description":"To fully enjoy your stay there are several hikes to do with your family or as a couple near the cottage Chez Lea located in Javols, Lozere","og_url":"http:\/\/gitelozerejavols.com\/en\/les-randonnees\/","article_modified_time":"2020-12-09T13:57:16+00:00","og_image":[{"url":"http:\/\/gitelozerejavols.com\/wp-content\/uploads\/2020\/11\/randonnees-lozere-gite-chez-lea.jpg"}],"twitter_card":"summary_large_image","twitter_misc":{"Est. reading time":"1 minute"},"schema":{"@context":"https:\/\/schema.org","@graph":[{"@type":"WebPage","@id":"http:\/\/gitelozerejavols.com\/en\/les-randonnees\/","url":"http:\/\/gitelozerejavols.com\/en\/les-randonnees\/","name":"Hikes near cottage in Javols - discover the beauty and diversity of Lozere","isPartOf":{"@id":"http:\/\/gitelozerejavols.com\/#website"},"datePublished":"2020-11-24T15:18:25+00:00","dateModified":"2020-12-09T13:57:16+00:00","description":"To fully enjoy your stay there are several hikes to do with your family or as a couple near the cottage Chez Lea located in Javols, Lozere","breadcrumb":{"@id":"http:\/\/gitelozerejavols.com\/en\/les-randonnees\/#breadcrumb"},"inLanguage":"en-US","potentialAction":[{"@type":"ReadAction","target":["http:\/\/gitelozerejavols.com\/en\/les-randonnees\/"]}]},{"@type":"BreadcrumbList","@id":"http:\/\/gitelozerejavols.com\/en\/les-randonnees\/#breadcrumb","itemListElement":[{"@type":"ListItem","position":1,"name":"Accueil","item":"https:\/\/gitelozerejavols.com\/en\/"},{"@type":"ListItem","position":2,"name":"Hikes"}]},{"@type":"WebSite","@id":"http:\/\/gitelozerejavols.com\/#website","url":"http:\/\/gitelozerejavols.com\/","name":"","description":"","potentialAction":[{"@type":"SearchAction","target":{"@type":"EntryPoint","urlTemplate":"http:\/\/gitelozerejavols.com\/?s={search_term_string}"},"query-input":"required name=search_term_string"}],"inLanguage":"en-US"}]}},"_links":{"self":[{"href":"http:\/\/gitelozerejavols.com\/en\/wp-json\/wp\/v2\/pages\/508"}],"collection":[{"href":"http:\/\/gitelozerejavols.com\/en\/wp-json\/wp\/v2\/pages"}],"about":[{"href":"http:\/\/gitelozerejavols.com\/en\/wp-json\/wp\/v2\/types\/page"}],"author":[{"embeddable":true,"href":"http:\/\/gitelozerejavols.com\/en\/wp-json\/wp\/v2\/users\/6"}],"replies":[{"embeddable":true,"href":"http:\/\/gitelozerejavols.com\/en\/wp-json\/wp\/v2\/comments?post=508"}],"version-history":[{"count":2,"href":"http:\/\/gitelozerejavols.com\/en\/wp-json\/wp\/v2\/pages\/508\/revisions"}],"predecessor-version":[{"id":1033,"href":"http:\/\/gitelozerejavols.com\/en\/wp-json\/wp\/v2\/pages\/508\/revisions\/1033"}],"wp:attachment":[{"href":"http:\/\/gitelozerejavols.com\/en\/wp-json\/wp\/v2\/media?parent=508"}],"curies":[{"name":"wp","href":"https:\/\/api.w.org\/{rel}","templated":true}]}}