{"id":510,"date":"2020-11-24T12:20:27","date_gmt":"2020-11-24T11:20:27","guid":{"rendered":"http:\/\/gitelozerejavols.com\/ramassage-des-narcisses\/"},"modified":"2020-12-09T15:41:23","modified_gmt":"2020-12-09T14:41:23","slug":"ramassage-des-narcisses","status":"publish","type":"page","link":"http:\/\/gitelozerejavols.com\/en\/ramassage-des-narcisses\/","title":{"rendered":"Collecting Daffodils"},"content":{"rendered":"<div id=\"pl-gb510-69d467e1a9471\"  class=\"panel-layout\" ><div id=\"pg-gb510-69d467e1a9471-0\"  class=\"panel-grid panel-has-style\" ><div style=\"padding: 100px 0; \" data-overlay=\"true\" data-overlay-color=\"#000000\" class=\"panel-row-style panel-row-style-for-gb510-69d467e1a9471-0\" ><div id=\"pgc-gb510-69d467e1a9471-0-0\"  class=\"panel-grid-cell\" ><div id=\"panel-gb510-69d467e1a9471-0-0-0\" class=\"so-panel widget widget_sow-editor panel-first-child\" data-index=\"0\" ><div style=\"text-align: left;\" data-title-color=\"#443f3f\" data-headings-color=\"#443f3f\" class=\"panel-widget-style panel-widget-style-for-gb510-69d467e1a9471-0-0-0\" ><div\n\t\t\t\n\t\t\tclass=\"so-widget-sow-editor so-widget-sow-editor-base\"\n\t\t\t\n\t\t><h3 class=\"widget-title\">NARCISSUS PICKING IN THE LOZERE REGION<\/h3>\n<div class=\"siteorigin-widget-tinymce textwidget\">\n\t<h2 style=\"text-align: center;\">During spring, we invite you to stay at G\u00eete chez L\u00e9a in Javols, Lozere.<\/h2>\n<p style=\"text-align: center;\">At the end of the spring, stay in our G\u00eete chez L\u00e9a in Javols, Lozere and enjoy a natural show and a unique tradition that takes place once a year: The narcissus harvest! Benoit the manager of our gite and his children take part of this harvest with passion every year. This small natural miracle takes place in the surroundings of the gite but more particularly on the \u201cplateau de l\u2019Aubrac\u201d. The awakening of a wildflower, very fragile, which is harvested in the respect of the environment. Used for generations, the fragrances of the narcissus continue to headline the biggest perfume houses. The Lozerian harvesters sell them by thousands of kilograms each year to local collectors. Flowers are then sent to the Aumont Aubrac factory, which is the only one in France to extract the aroma from the narcissus. The concrete used by the perfumers is then sent to \u201cla ville de grasse\u201d.<\/p>\n<\/div>\n<\/div><\/div><\/div><div id=\"panel-gb510-69d467e1a9471-0-0-1\" class=\"so-panel widget widget_sow-image panel-last-child\" data-index=\"1\" ><div style=\"text-align: left;\" data-title-color=\"#443f3f\" data-headings-color=\"#443f3f\" class=\"panel-widget-style panel-widget-style-for-gb510-69d467e1a9471-0-0-1\" ><div\n\t\t\t\n\t\t\tclass=\"so-widget-sow-image so-widget-sow-image-default-c67d20f9f743-510\"\n\t\t\t\n\t\t>\n\n<div class=\"sow-image-container\">\n\t\t<img decoding=\"async\" src=\"http:\/\/gitelozerejavols.com\/wp-content\/uploads\/2020\/11\/gite-javols-lozere-au-printemps.jpg\" width=\"2048\" height=\"1529\" srcset=\"http:\/\/gitelozerejavols.com\/wp-content\/uploads\/2020\/11\/gite-javols-lozere-au-printemps.jpg 2048w, http:\/\/gitelozerejavols.com\/wp-content\/uploads\/2020\/11\/gite-javols-lozere-au-printemps-300x224.jpg 300w, http:\/\/gitelozerejavols.com\/wp-content\/uploads\/2020\/11\/gite-javols-lozere-au-printemps-1024x765.jpg 1024w, http:\/\/gitelozerejavols.com\/wp-content\/uploads\/2020\/11\/gite-javols-lozere-au-printemps-768x573.jpg 768w, http:\/\/gitelozerejavols.com\/wp-content\/uploads\/2020\/11\/gite-javols-lozere-au-printemps-1536x1147.jpg 1536w, http:\/\/gitelozerejavols.com\/wp-content\/uploads\/2020\/11\/gite-javols-lozere-au-printemps-830x620.jpg 830w, http:\/\/gitelozerejavols.com\/wp-content\/uploads\/2020\/11\/gite-javols-lozere-au-printemps-230x172.jpg 230w, http:\/\/gitelozerejavols.com\/wp-content\/uploads\/2020\/11\/gite-javols-lozere-au-printemps-350x261.jpg 350w, http:\/\/gitelozerejavols.com\/wp-content\/uploads\/2020\/11\/gite-javols-lozere-au-printemps-480x358.jpg 480w\" sizes=\"(max-width: 2048px) 100vw, 2048px\" title=\"gite javols lozere au printemps\" alt=\"G\" loading=\"lazy\" \t\tclass=\"so-widget-image\"\/>\n\t<\/div>\n\n<\/div><\/div><\/div><\/div><div id=\"pgc-gb510-69d467e1a9471-0-1\"  class=\"panel-grid-cell\" ><div id=\"panel-gb510-69d467e1a9471-0-1-0\" class=\"so-panel widget widget_sow-image panel-first-child\" data-index=\"2\" ><div style=\"text-align: left;\" data-title-color=\"#443f3f\" data-headings-color=\"#443f3f\" class=\"panel-widget-style panel-widget-style-for-gb510-69d467e1a9471-0-1-0\" ><div\n\t\t\t\n\t\t\tclass=\"so-widget-sow-image so-widget-sow-image-default-c67d20f9f743-510\"\n\t\t\t\n\t\t>\n\n<div class=\"sow-image-container\">\n\t\t<img decoding=\"async\" src=\"http:\/\/gitelozerejavols.com\/wp-content\/uploads\/2020\/11\/Ramassage-des-narcisses-en-lozere-gite-a-javols-chez-lea-e1606323805485.jpg\" width=\"2048\" height=\"1529\" sizes=\"(max-width: 2048px) 100vw, 2048px\" title=\"Ramassage des narcisses en lozere gite \u00e0 javols chez lea\" alt=\"Gite de groupe Loz\u00e8re proche d&#039;Aumont-aubrac\" loading=\"lazy\" \t\tclass=\"so-widget-image\"\/>\n\t<\/div>\n\n<\/div><\/div><\/div><div id=\"panel-gb510-69d467e1a9471-0-1-1\" class=\"so-panel widget widget_sow-editor panel-last-child\" data-index=\"3\" ><div style=\"text-align: left;\" data-title-color=\"#443f3f\" data-headings-color=\"#443f3f\" class=\"panel-widget-style panel-widget-style-for-gb510-69d467e1a9471-0-1-1\" ><div\n\t\t\t\n\t\t\tclass=\"so-widget-sow-editor so-widget-sow-editor-base\"\n\t\t\t\n\t\t>\n<div class=\"siteorigin-widget-tinymce textwidget\">\n\t<p>&nbsp;<\/p>\n<p>&nbsp;<\/p>\n<p style=\"text-align: center;\">The flowering of the daffodils is a spectacular and ephemeral spectacle: only three weeks a year, millions of flowers cover \u201cle plateau de l\u2019Aubrac\u201d in white. To collect these fragile flowers, you need a suitable tool: a giant comb mounted on wheels. Benoit has made one himself, based on an electric wheelchair motor.<\/p>\n<p style=\"text-align: center;\">If you wish to know more, we invite you to discover this <a href=\"https:\/\/www.youtube.com\/watch?v=BWKKZe0L0dY&amp;feature=emb_logo&amp;ab_channel=France3Occitanie\" target=\"_blank\" rel=\"noopener noreferrer\">report on France 3 Occitanie<\/a>. We hope that it will make you want to come and stay in our gite in Javols to discover our beautiful Lozere.<\/p>\n<p>&nbsp;<\/p>\n<p style=\"text-align: center;\"><a href=\"http:\/\/gitelozerejavols.com\/en\/activities-javols-lozere-cottage\/\">Back to the different seasonal activities<\/a><\/p>\n<\/div>\n<\/div><\/div><\/div><\/div><\/div><\/div><\/div>","protected":false},"excerpt":{"rendered":"<p>During spring, we invite you to stay at G\u00eete chez L\u00e9a in Javols, Lozere. At the end of the spring, stay in our G\u00eete chez L\u00e9a in Javols, Lozere and enjoy a natural show and a unique tradition that takes place once a year: The narcissus harvest! Benoit the manager of our gite and his [&hellip;]<\/p>\n","protected":false},"author":2,"featured_media":0,"parent":0,"menu_order":0,"comment_status":"closed","ping_status":"closed","template":"page-templates\/page_front-page.php","meta":{"footnotes":""},"yoast_head":"<!-- This site is optimized with the Yoast SEO plugin v21.6 - https:\/\/yoast.com\/wordpress\/plugins\/seo\/ -->\n<title>Narcissus cottage lozere Javols - discover the picking of narcissus<\/title>\n<meta name=\"description\" content=\"The narcissus picking takes place in spring and is very famous in Lozere. This is why it&#039;s an activity to discover during your stay in Javols\" \/>\n<meta name=\"robots\" content=\"index, follow, max-snippet:-1, max-image-preview:large, max-video-preview:-1\" \/>\n<link rel=\"canonical\" href=\"https:\/\/gitelozerejavols.com\/en\/ramassage-des-narcisses\/\" \/>\n<meta property=\"og:locale\" content=\"en_US\" \/>\n<meta property=\"og:type\" content=\"article\" \/>\n<meta property=\"og:title\" content=\"Narcissus cottage lozere Javols - discover the picking of narcissus\" \/>\n<meta property=\"og:description\" content=\"The narcissus picking takes place in spring and is very famous in Lozere. This is why it&#039;s an activity to discover during your stay in Javols\" \/>\n<meta property=\"og:url\" content=\"https:\/\/gitelozerejavols.com\/en\/ramassage-des-narcisses\/\" \/>\n<meta property=\"article:modified_time\" content=\"2020-12-09T14:41:23+00:00\" \/>\n<meta property=\"og:image\" content=\"http:\/\/gitelozerejavols.com\/wp-content\/uploads\/2020\/11\/gite-javols-lozere-au-printemps.jpg\" \/>\n<meta name=\"twitter:card\" content=\"summary_large_image\" \/>\n<meta name=\"twitter:label1\" content=\"Est. reading time\" \/>\n\t<meta name=\"twitter:data1\" content=\"1 minute\" \/>\n<script type=\"application\/ld+json\" class=\"yoast-schema-graph\">{\"@context\":\"https:\/\/schema.org\",\"@graph\":[{\"@type\":\"WebPage\",\"@id\":\"https:\/\/gitelozerejavols.com\/en\/ramassage-des-narcisses\/\",\"url\":\"https:\/\/gitelozerejavols.com\/en\/ramassage-des-narcisses\/\",\"name\":\"Narcissus cottage lozere Javols - discover the picking of narcissus\",\"isPartOf\":{\"@id\":\"http:\/\/gitelozerejavols.com\/#website\"},\"datePublished\":\"2020-11-24T11:20:27+00:00\",\"dateModified\":\"2020-12-09T14:41:23+00:00\",\"description\":\"The narcissus picking takes place in spring and is very famous in Lozere. This is why it's an activity to discover during your stay in Javols\",\"breadcrumb\":{\"@id\":\"https:\/\/gitelozerejavols.com\/en\/ramassage-des-narcisses\/#breadcrumb\"},\"inLanguage\":\"en-US\",\"potentialAction\":[{\"@type\":\"ReadAction\",\"target\":[\"https:\/\/gitelozerejavols.com\/en\/ramassage-des-narcisses\/\"]}]},{\"@type\":\"BreadcrumbList\",\"@id\":\"https:\/\/gitelozerejavols.com\/en\/ramassage-des-narcisses\/#breadcrumb\",\"itemListElement\":[{\"@type\":\"ListItem\",\"position\":1,\"name\":\"Accueil\",\"item\":\"https:\/\/gitelozerejavols.com\/en\/\"},{\"@type\":\"ListItem\",\"position\":2,\"name\":\"Collecting Daffodils\"}]},{\"@type\":\"WebSite\",\"@id\":\"http:\/\/gitelozerejavols.com\/#website\",\"url\":\"http:\/\/gitelozerejavols.com\/\",\"name\":\"\",\"description\":\"\",\"potentialAction\":[{\"@type\":\"SearchAction\",\"target\":{\"@type\":\"EntryPoint\",\"urlTemplate\":\"http:\/\/gitelozerejavols.com\/?s={search_term_string}\"},\"query-input\":\"required name=search_term_string\"}],\"inLanguage\":\"en-US\"}]}<\/script>\n<!-- \/ Yoast SEO plugin. -->","yoast_head_json":{"title":"Narcissus cottage lozere Javols - discover the picking of narcissus","description":"The narcissus picking takes place in spring and is very famous in Lozere. This is why it's an activity to discover during your stay in Javols","robots":{"index":"index","follow":"follow","max-snippet":"max-snippet:-1","max-image-preview":"max-image-preview:large","max-video-preview":"max-video-preview:-1"},"canonical":"https:\/\/gitelozerejavols.com\/en\/ramassage-des-narcisses\/","og_locale":"en_US","og_type":"article","og_title":"Narcissus cottage lozere Javols - discover the picking of narcissus","og_description":"The narcissus picking takes place in spring and is very famous in Lozere. This is why it's an activity to discover during your stay in Javols","og_url":"https:\/\/gitelozerejavols.com\/en\/ramassage-des-narcisses\/","article_modified_time":"2020-12-09T14:41:23+00:00","og_image":[{"url":"http:\/\/gitelozerejavols.com\/wp-content\/uploads\/2020\/11\/gite-javols-lozere-au-printemps.jpg"}],"twitter_card":"summary_large_image","twitter_misc":{"Est. reading time":"1 minute"},"schema":{"@context":"https:\/\/schema.org","@graph":[{"@type":"WebPage","@id":"https:\/\/gitelozerejavols.com\/en\/ramassage-des-narcisses\/","url":"https:\/\/gitelozerejavols.com\/en\/ramassage-des-narcisses\/","name":"Narcissus cottage lozere Javols - discover the picking of narcissus","isPartOf":{"@id":"http:\/\/gitelozerejavols.com\/#website"},"datePublished":"2020-11-24T11:20:27+00:00","dateModified":"2020-12-09T14:41:23+00:00","description":"The narcissus picking takes place in spring and is very famous in Lozere. This is why it's an activity to discover during your stay in Javols","breadcrumb":{"@id":"https:\/\/gitelozerejavols.com\/en\/ramassage-des-narcisses\/#breadcrumb"},"inLanguage":"en-US","potentialAction":[{"@type":"ReadAction","target":["https:\/\/gitelozerejavols.com\/en\/ramassage-des-narcisses\/"]}]},{"@type":"BreadcrumbList","@id":"https:\/\/gitelozerejavols.com\/en\/ramassage-des-narcisses\/#breadcrumb","itemListElement":[{"@type":"ListItem","position":1,"name":"Accueil","item":"https:\/\/gitelozerejavols.com\/en\/"},{"@type":"ListItem","position":2,"name":"Collecting Daffodils"}]},{"@type":"WebSite","@id":"http:\/\/gitelozerejavols.com\/#website","url":"http:\/\/gitelozerejavols.com\/","name":"","description":"","potentialAction":[{"@type":"SearchAction","target":{"@type":"EntryPoint","urlTemplate":"http:\/\/gitelozerejavols.com\/?s={search_term_string}"},"query-input":"required name=search_term_string"}],"inLanguage":"en-US"}]}},"_links":{"self":[{"href":"http:\/\/gitelozerejavols.com\/en\/wp-json\/wp\/v2\/pages\/510"}],"collection":[{"href":"http:\/\/gitelozerejavols.com\/en\/wp-json\/wp\/v2\/pages"}],"about":[{"href":"http:\/\/gitelozerejavols.com\/en\/wp-json\/wp\/v2\/types\/page"}],"author":[{"embeddable":true,"href":"http:\/\/gitelozerejavols.com\/en\/wp-json\/wp\/v2\/users\/2"}],"replies":[{"embeddable":true,"href":"http:\/\/gitelozerejavols.com\/en\/wp-json\/wp\/v2\/comments?post=510"}],"version-history":[{"count":3,"href":"http:\/\/gitelozerejavols.com\/en\/wp-json\/wp\/v2\/pages\/510\/revisions"}],"predecessor-version":[{"id":1046,"href":"http:\/\/gitelozerejavols.com\/en\/wp-json\/wp\/v2\/pages\/510\/revisions\/1046"}],"wp:attachment":[{"href":"http:\/\/gitelozerejavols.com\/en\/wp-json\/wp\/v2\/media?parent=510"}],"curies":[{"name":"wp","href":"https:\/\/api.w.org\/{rel}","templated":true}]}}