{"id":521,"date":"2020-10-20T14:58:55","date_gmt":"2020-10-20T12:58:55","guid":{"rendered":"http:\/\/gitelozerejavols.com\/le-musee-de-javols\/"},"modified":"2020-12-07T15:36:06","modified_gmt":"2020-12-07T14:36:06","slug":"le-musee-de-javols","status":"publish","type":"page","link":"http:\/\/gitelozerejavols.com\/en\/le-musee-de-javols\/","title":{"rendered":"The Javols Museum"},"content":{"rendered":"<div id=\"pl-gb521-69d46686a2ff6\"  class=\"panel-layout\" ><div id=\"pg-gb521-69d46686a2ff6-0\"  class=\"panel-grid panel-has-style\" ><div style=\"padding: 100px 0; \" data-overlay=\"true\" data-overlay-color=\"#000000\" class=\"panel-row-style panel-row-style-for-gb521-69d46686a2ff6-0\" ><div id=\"pgc-gb521-69d46686a2ff6-0-0\"  class=\"panel-grid-cell\" ><div id=\"panel-gb521-69d46686a2ff6-0-0-0\" class=\"so-panel widget widget_sow-editor panel-first-child panel-last-child\" data-index=\"0\" ><div style=\"text-align: left;\" data-title-color=\"#443f3f\" data-headings-color=\"#443f3f\" class=\"panel-widget-style panel-widget-style-for-gb521-69d46686a2ff6-0-0-0\" ><div\n\t\t\t\n\t\t\tclass=\"so-widget-sow-editor so-widget-sow-editor-base\"\n\t\t\t\n\t\t><h3 class=\"widget-title\">ARCHAEOLOGICAL MUSEUM OF JAVOLS DURING YOUR STAY IN OUR COTTAGE<\/h3>\n<div class=\"siteorigin-widget-tinymce textwidget\">\n\t<h2 style=\"text-align: center;\">Activities near our accommodation in Loz\u00e8re:<\/h2>\n<h2 style=\"text-align: center;\">The Javols Archaeological Museum!<\/h2>\n<p>During your stay, you will have the opportunity to visit the archaeological museum of Javols. Indeed, created in 1998, the Archaeological Museum of the village focuses its presentation on the daily life of former inhabitants and the principles of archeology. The concept of the Javols Museum is based on two major divisions:<\/p>\n<ul>\n<li>A miliary terminal<\/li>\n<li>A life-size statue of the Gallo-Roman forest god Silvain-Sucellus<\/li>\n<\/ul>\n<p>The museum also offers a great outdoor walk with nineteen panels all around the town of Javols. The town was also recently renamed Peyre en Aubrac. The museum was created under the leadership of L\u00e9on Dalle, former general councilor, the Department of Loz\u00e8re then delegated its management to the community of communes de la Terre de Peyre. In addition, the village of Javols occupies the former location of the Gallo-Roman capital of Gabales: Anderitum.<\/p>\n<p>&nbsp;<\/p>\n<p>For more information, do not hesitate to consult the website of the <a href=\"https:\/\/archeologie-javols.org\/#\" target=\"_blank\" rel=\"noopener noreferrer\">Javols Museum\u00a0<\/a><\/p>\n<p>&nbsp;<\/p>\n<p style=\"text-align: center;\"><a href=\"http:\/\/gitelozerejavols.com\/en\/activities-javols-lozere-cottage\/\">Back to activities<\/a><\/p>\n<\/div>\n<\/div><\/div><\/div><\/div><div id=\"pgc-gb521-69d46686a2ff6-0-1\"  class=\"panel-grid-cell\" ><div id=\"panel-gb521-69d46686a2ff6-0-1-0\" class=\"so-panel widget widget_sow-image panel-first-child panel-last-child\" data-index=\"1\" ><div style=\"text-align: left;\" data-title-color=\"#443f3f\" data-headings-color=\"#443f3f\" class=\"panel-widget-style panel-widget-style-for-gb521-69d46686a2ff6-0-1-0\" ><div\n\t\t\t\n\t\t\tclass=\"so-widget-sow-image so-widget-sow-image-default-c67d20f9f743-521\"\n\t\t\t\n\t\t>\n\n<div class=\"sow-image-container\">\n\t\t<img decoding=\"async\" src=\"http:\/\/gitelozerejavols.com\/wp-content\/uploads\/2020\/11\/musee-de-javols-non-loin-du-gite-chez-lea-en-lozere.jpg\" width=\"640\" height=\"480\" srcset=\"http:\/\/gitelozerejavols.com\/wp-content\/uploads\/2020\/11\/musee-de-javols-non-loin-du-gite-chez-lea-en-lozere.jpg 640w, http:\/\/gitelozerejavols.com\/wp-content\/uploads\/2020\/11\/musee-de-javols-non-loin-du-gite-chez-lea-en-lozere-300x225.jpg 300w, http:\/\/gitelozerejavols.com\/wp-content\/uploads\/2020\/11\/musee-de-javols-non-loin-du-gite-chez-lea-en-lozere-230x173.jpg 230w, http:\/\/gitelozerejavols.com\/wp-content\/uploads\/2020\/11\/musee-de-javols-non-loin-du-gite-chez-lea-en-lozere-350x263.jpg 350w, http:\/\/gitelozerejavols.com\/wp-content\/uploads\/2020\/11\/musee-de-javols-non-loin-du-gite-chez-lea-en-lozere-480x360.jpg 480w\" sizes=\"(max-width: 640px) 100vw, 640px\" title=\"mus\u00e9e de javols non loin du gite chez l\u00e9a en lozere\" alt=\"Lors de votre s\u00e9jour visitez le mus\u00e9e de Javols proche du gite chez lea en lozere\" loading=\"lazy\" \t\tclass=\"so-widget-image\"\/>\n\t<\/div>\n\n<\/div><\/div><\/div><\/div><\/div><\/div><\/div>","protected":false},"excerpt":{"rendered":"<p>Activities near our accommodation in Loz\u00e8re: The Javols Archaeological Museum! During your stay, you will have the opportunity to visit the archaeological museum of Javols. Indeed, created in 1998, the Archaeological Museum of the village focuses its presentation on the daily life of former inhabitants and the principles of archeology. The concept of the Javols [&hellip;]<\/p>\n","protected":false},"author":2,"featured_media":0,"parent":0,"menu_order":0,"comment_status":"closed","ping_status":"closed","template":"page-templates\/page_front-page.php","meta":{"footnotes":""},"yoast_head":"<!-- This site is optimized with the Yoast SEO plugin v21.6 - https:\/\/yoast.com\/wordpress\/plugins\/seo\/ -->\n<title>Gite de groupe lozere: S\u00e9jour au gite chez lea \u00e0 Javols et visite du mus\u00e9e<\/title>\n<meta name=\"description\" content=\"Gite de groupe lozere: S\u00e9jounez dans le gite chez lea \u00e0 Javols et profitez de la visite guid\u00e9e incontournable du mus\u00e9e du village .\" \/>\n<meta name=\"robots\" content=\"index, follow, max-snippet:-1, max-image-preview:large, max-video-preview:-1\" \/>\n<link rel=\"canonical\" href=\"http:\/\/gitelozerejavols.com\/en\/le-musee-de-javols\/\" \/>\n<meta property=\"og:locale\" content=\"en_US\" \/>\n<meta property=\"og:type\" content=\"article\" \/>\n<meta property=\"og:title\" content=\"Gite de groupe lozere: S\u00e9jour au gite chez lea \u00e0 Javols et visite du mus\u00e9e\" \/>\n<meta property=\"og:description\" content=\"Gite de groupe lozere: S\u00e9jounez dans le gite chez lea \u00e0 Javols et profitez de la visite guid\u00e9e incontournable du mus\u00e9e du village .\" \/>\n<meta property=\"og:url\" content=\"http:\/\/gitelozerejavols.com\/en\/le-musee-de-javols\/\" \/>\n<meta property=\"article:modified_time\" content=\"2020-12-07T14:36:06+00:00\" \/>\n<meta property=\"og:image\" content=\"http:\/\/gitelozerejavols.com\/wp-content\/uploads\/2020\/11\/musee-de-javols-non-loin-du-gite-chez-lea-en-lozere.jpg\" \/>\n<meta name=\"twitter:card\" content=\"summary_large_image\" \/>\n<meta name=\"twitter:label1\" content=\"Est. reading time\" \/>\n\t<meta name=\"twitter:data1\" content=\"1 minute\" \/>\n<script type=\"application\/ld+json\" class=\"yoast-schema-graph\">{\"@context\":\"https:\/\/schema.org\",\"@graph\":[{\"@type\":\"WebPage\",\"@id\":\"http:\/\/gitelozerejavols.com\/en\/le-musee-de-javols\/\",\"url\":\"http:\/\/gitelozerejavols.com\/en\/le-musee-de-javols\/\",\"name\":\"Gite de groupe lozere: S\u00e9jour au gite chez lea \u00e0 Javols et visite du mus\u00e9e\",\"isPartOf\":{\"@id\":\"http:\/\/gitelozerejavols.com\/#website\"},\"datePublished\":\"2020-10-20T12:58:55+00:00\",\"dateModified\":\"2020-12-07T14:36:06+00:00\",\"description\":\"Gite de groupe lozere: S\u00e9jounez dans le gite chez lea \u00e0 Javols et profitez de la visite guid\u00e9e incontournable du mus\u00e9e du village .\",\"breadcrumb\":{\"@id\":\"http:\/\/gitelozerejavols.com\/en\/le-musee-de-javols\/#breadcrumb\"},\"inLanguage\":\"en-US\",\"potentialAction\":[{\"@type\":\"ReadAction\",\"target\":[\"http:\/\/gitelozerejavols.com\/en\/le-musee-de-javols\/\"]}]},{\"@type\":\"BreadcrumbList\",\"@id\":\"http:\/\/gitelozerejavols.com\/en\/le-musee-de-javols\/#breadcrumb\",\"itemListElement\":[{\"@type\":\"ListItem\",\"position\":1,\"name\":\"Accueil\",\"item\":\"https:\/\/gitelozerejavols.com\/en\/\"},{\"@type\":\"ListItem\",\"position\":2,\"name\":\"The Javols Museum\"}]},{\"@type\":\"WebSite\",\"@id\":\"http:\/\/gitelozerejavols.com\/#website\",\"url\":\"http:\/\/gitelozerejavols.com\/\",\"name\":\"\",\"description\":\"\",\"potentialAction\":[{\"@type\":\"SearchAction\",\"target\":{\"@type\":\"EntryPoint\",\"urlTemplate\":\"http:\/\/gitelozerejavols.com\/?s={search_term_string}\"},\"query-input\":\"required name=search_term_string\"}],\"inLanguage\":\"en-US\"}]}<\/script>\n<!-- \/ Yoast SEO plugin. -->","yoast_head_json":{"title":"Gite de groupe lozere: S\u00e9jour au gite chez lea \u00e0 Javols et visite du mus\u00e9e","description":"Gite de groupe lozere: S\u00e9jounez dans le gite chez lea \u00e0 Javols et profitez de la visite guid\u00e9e incontournable du mus\u00e9e du village .","robots":{"index":"index","follow":"follow","max-snippet":"max-snippet:-1","max-image-preview":"max-image-preview:large","max-video-preview":"max-video-preview:-1"},"canonical":"http:\/\/gitelozerejavols.com\/en\/le-musee-de-javols\/","og_locale":"en_US","og_type":"article","og_title":"Gite de groupe lozere: S\u00e9jour au gite chez lea \u00e0 Javols et visite du mus\u00e9e","og_description":"Gite de groupe lozere: S\u00e9jounez dans le gite chez lea \u00e0 Javols et profitez de la visite guid\u00e9e incontournable du mus\u00e9e du village .","og_url":"http:\/\/gitelozerejavols.com\/en\/le-musee-de-javols\/","article_modified_time":"2020-12-07T14:36:06+00:00","og_image":[{"url":"http:\/\/gitelozerejavols.com\/wp-content\/uploads\/2020\/11\/musee-de-javols-non-loin-du-gite-chez-lea-en-lozere.jpg"}],"twitter_card":"summary_large_image","twitter_misc":{"Est. reading time":"1 minute"},"schema":{"@context":"https:\/\/schema.org","@graph":[{"@type":"WebPage","@id":"http:\/\/gitelozerejavols.com\/en\/le-musee-de-javols\/","url":"http:\/\/gitelozerejavols.com\/en\/le-musee-de-javols\/","name":"Gite de groupe lozere: S\u00e9jour au gite chez lea \u00e0 Javols et visite du mus\u00e9e","isPartOf":{"@id":"http:\/\/gitelozerejavols.com\/#website"},"datePublished":"2020-10-20T12:58:55+00:00","dateModified":"2020-12-07T14:36:06+00:00","description":"Gite de groupe lozere: S\u00e9jounez dans le gite chez lea \u00e0 Javols et profitez de la visite guid\u00e9e incontournable du mus\u00e9e du village .","breadcrumb":{"@id":"http:\/\/gitelozerejavols.com\/en\/le-musee-de-javols\/#breadcrumb"},"inLanguage":"en-US","potentialAction":[{"@type":"ReadAction","target":["http:\/\/gitelozerejavols.com\/en\/le-musee-de-javols\/"]}]},{"@type":"BreadcrumbList","@id":"http:\/\/gitelozerejavols.com\/en\/le-musee-de-javols\/#breadcrumb","itemListElement":[{"@type":"ListItem","position":1,"name":"Accueil","item":"https:\/\/gitelozerejavols.com\/en\/"},{"@type":"ListItem","position":2,"name":"The Javols Museum"}]},{"@type":"WebSite","@id":"http:\/\/gitelozerejavols.com\/#website","url":"http:\/\/gitelozerejavols.com\/","name":"","description":"","potentialAction":[{"@type":"SearchAction","target":{"@type":"EntryPoint","urlTemplate":"http:\/\/gitelozerejavols.com\/?s={search_term_string}"},"query-input":"required name=search_term_string"}],"inLanguage":"en-US"}]}},"_links":{"self":[{"href":"http:\/\/gitelozerejavols.com\/en\/wp-json\/wp\/v2\/pages\/521"}],"collection":[{"href":"http:\/\/gitelozerejavols.com\/en\/wp-json\/wp\/v2\/pages"}],"about":[{"href":"http:\/\/gitelozerejavols.com\/en\/wp-json\/wp\/v2\/types\/page"}],"author":[{"embeddable":true,"href":"http:\/\/gitelozerejavols.com\/en\/wp-json\/wp\/v2\/users\/2"}],"replies":[{"embeddable":true,"href":"http:\/\/gitelozerejavols.com\/en\/wp-json\/wp\/v2\/comments?post=521"}],"version-history":[{"count":6,"href":"http:\/\/gitelozerejavols.com\/en\/wp-json\/wp\/v2\/pages\/521\/revisions"}],"predecessor-version":[{"id":1020,"href":"http:\/\/gitelozerejavols.com\/en\/wp-json\/wp\/v2\/pages\/521\/revisions\/1020"}],"wp:attachment":[{"href":"http:\/\/gitelozerejavols.com\/en\/wp-json\/wp\/v2\/media?parent=521"}],"curies":[{"name":"wp","href":"https:\/\/api.w.org\/{rel}","templated":true}]}}