{"id":168,"date":"2020-10-16T11:56:06","date_gmt":"2020-10-16T09:56:06","guid":{"rendered":"http:\/\/gitelozerejavols.com\/contact\/"},"modified":"2020-12-07T10:58:18","modified_gmt":"2020-12-07T09:58:18","slug":"book-now-contact-us-email-adress","status":"publish","type":"page","link":"https:\/\/gitelozerejavols.com\/en\/book-now-contact-us-email-adress\/","title":{"rendered":"Book"},"content":{"rendered":"<div id=\"pl-gb168-69d44baee6e91\"  class=\"panel-layout\" ><div id=\"pg-gb168-69d44baee6e91-0\"  class=\"panel-grid panel-has-style\" ><div style=\"padding: 100px 0; \" data-overlay=\"true\" data-overlay-color=\"#000000\" class=\"panel-row-style panel-row-style-for-gb168-69d44baee6e91-0\" ><div id=\"pgc-gb168-69d44baee6e91-0-0\"  class=\"panel-grid-cell\" ><div id=\"panel-gb168-69d44baee6e91-0-0-0\" class=\"so-panel widget widget_sow-editor panel-first-child panel-last-child\" data-index=\"0\" ><div style=\"text-align: left;\" data-title-color=\"#443f3f\" data-headings-color=\"#443f3f\" class=\"panel-widget-style panel-widget-style-for-gb168-69d44baee6e91-0-0-0\" ><div\n\t\t\t\n\t\t\tclass=\"so-widget-sow-editor so-widget-sow-editor-base\"\n\t\t\t\n\t\t><h3 class=\"widget-title\">BOOK YOUR G\u00ceTE IN LOZ\u00c8RE!<\/h3>\n<div class=\"siteorigin-widget-tinymce textwidget\">\n\t<p>[contact-form-7 id=&#8221;104&#8243; title=&#8221;Formulaire de contact EN&#8221;]<\/p>\n<p>&nbsp;<\/p>\n<p style=\"text-align: center;\"><a href=\"http:\/\/gitelozerejavols.com\/en\/activities-javols-lozere-cottage\/\">Discover the activities in the surroundings <\/a><\/p>\n<\/div>\n<\/div><\/div><\/div><\/div><div id=\"pgc-gb168-69d44baee6e91-0-1\"  class=\"panel-grid-cell\" ><div id=\"panel-gb168-69d44baee6e91-0-1-0\" class=\"so-panel widget widget_sow-image panel-first-child panel-last-child\" data-index=\"1\" ><div style=\"text-align: left;\" data-title-color=\"#443f3f\" data-headings-color=\"#443f3f\" class=\"panel-widget-style panel-widget-style-for-gb168-69d44baee6e91-0-1-0\" ><div\n\t\t\t\n\t\t\tclass=\"so-widget-sow-image so-widget-sow-image-default-8b5b6f678277-168\"\n\t\t\t\n\t\t>\n\n<div class=\"sow-image-container\">\n\t\t<img decoding=\"async\" src=\"https:\/\/gitelozerejavols.com\/wp-content\/uploads\/2020\/10\/Logo-Gite-lozere-chez-lea-javols-1-e1603049921448.png\" width=\"450\" height=\"450\" sizes=\"(max-width: 450px) 100vw, 450px\" title=\"r\u00e9server votre  gite en Loz\u00e8re : Gite chez l\u00e9a \u00e0 javols proche d&#8217;amont aubrac\" alt=\"R\u00e9servez Le gite de groupe chez L\u00e9a \u00e0 Javols en Loz\u00e8re\" loading=\"lazy\" \t\tclass=\"so-widget-image\"\/>\n\t<\/div>\n\n<\/div><\/div><\/div><\/div><\/div><\/div><\/div>","protected":false},"excerpt":{"rendered":"<p>[contact-form-7 id=&#8221;104&#8243; title=&#8221;Formulaire de contact EN&#8221;] &nbsp; Discover the activities in the surroundings<\/p>\n","protected":false},"author":2,"featured_media":0,"parent":0,"menu_order":0,"comment_status":"closed","ping_status":"closed","template":"page-templates\/page_front-page.php","meta":{"footnotes":""},"yoast_head":"<!-- This site is optimized with the Yoast SEO plugin v21.6 - https:\/\/yoast.com\/wordpress\/plugins\/seo\/ -->\n<title>Book stay cottage Lozere - enter your contact information<\/title>\n<meta name=\"description\" content=\"Book now at Gite Chez Lea. Enter your contact details and send us a message with your booking dates and email adress.\" \/>\n<meta name=\"robots\" content=\"index, follow, max-snippet:-1, max-image-preview:large, max-video-preview:-1\" \/>\n<link rel=\"canonical\" href=\"http:\/\/gitelozerejavols.com\/en\/book-now-contact-us-email-adress\/\" \/>\n<meta property=\"og:locale\" content=\"en_US\" \/>\n<meta property=\"og:type\" content=\"article\" \/>\n<meta property=\"og:title\" content=\"Book stay cottage Lozere - enter your contact information\" \/>\n<meta property=\"og:description\" content=\"Book now at Gite Chez Lea. Enter your contact details and send us a message with your booking dates and email adress.\" \/>\n<meta property=\"og:url\" content=\"http:\/\/gitelozerejavols.com\/en\/book-now-contact-us-email-adress\/\" \/>\n<meta property=\"article:modified_time\" content=\"2020-12-07T09:58:18+00:00\" \/>\n<meta property=\"og:image\" content=\"http:\/\/gitelozerejavols.com\/wp-content\/uploads\/2020\/10\/Logo-Gite-lozere-chez-lea-javols-1-e1603049921448.png\" \/>\n<meta name=\"twitter:card\" content=\"summary_large_image\" \/>\n<script type=\"application\/ld+json\" class=\"yoast-schema-graph\">{\"@context\":\"https:\/\/schema.org\",\"@graph\":[{\"@type\":\"WebPage\",\"@id\":\"http:\/\/gitelozerejavols.com\/en\/book-now-contact-us-email-adress\/\",\"url\":\"http:\/\/gitelozerejavols.com\/en\/book-now-contact-us-email-adress\/\",\"name\":\"Book stay cottage Lozere - enter your contact information\",\"isPartOf\":{\"@id\":\"http:\/\/gitelozerejavols.com\/#website\"},\"datePublished\":\"2020-10-16T09:56:06+00:00\",\"dateModified\":\"2020-12-07T09:58:18+00:00\",\"description\":\"Book now at Gite Chez Lea. Enter your contact details and send us a message with your booking dates and email adress.\",\"breadcrumb\":{\"@id\":\"http:\/\/gitelozerejavols.com\/en\/book-now-contact-us-email-adress\/#breadcrumb\"},\"inLanguage\":\"en-US\",\"potentialAction\":[{\"@type\":\"ReadAction\",\"target\":[\"http:\/\/gitelozerejavols.com\/en\/book-now-contact-us-email-adress\/\"]}]},{\"@type\":\"BreadcrumbList\",\"@id\":\"http:\/\/gitelozerejavols.com\/en\/book-now-contact-us-email-adress\/#breadcrumb\",\"itemListElement\":[{\"@type\":\"ListItem\",\"position\":1,\"name\":\"Accueil\",\"item\":\"https:\/\/gitelozerejavols.com\/en\/\"},{\"@type\":\"ListItem\",\"position\":2,\"name\":\"Book\"}]},{\"@type\":\"WebSite\",\"@id\":\"http:\/\/gitelozerejavols.com\/#website\",\"url\":\"http:\/\/gitelozerejavols.com\/\",\"name\":\"\",\"description\":\"\",\"potentialAction\":[{\"@type\":\"SearchAction\",\"target\":{\"@type\":\"EntryPoint\",\"urlTemplate\":\"http:\/\/gitelozerejavols.com\/?s={search_term_string}\"},\"query-input\":\"required name=search_term_string\"}],\"inLanguage\":\"en-US\"}]}<\/script>\n<!-- \/ Yoast SEO plugin. -->","yoast_head_json":{"title":"Book stay cottage Lozere - enter your contact information","description":"Book now at Gite Chez Lea. Enter your contact details and send us a message with your booking dates and email adress.","robots":{"index":"index","follow":"follow","max-snippet":"max-snippet:-1","max-image-preview":"max-image-preview:large","max-video-preview":"max-video-preview:-1"},"canonical":"http:\/\/gitelozerejavols.com\/en\/book-now-contact-us-email-adress\/","og_locale":"en_US","og_type":"article","og_title":"Book stay cottage Lozere - enter your contact information","og_description":"Book now at Gite Chez Lea. Enter your contact details and send us a message with your booking dates and email adress.","og_url":"http:\/\/gitelozerejavols.com\/en\/book-now-contact-us-email-adress\/","article_modified_time":"2020-12-07T09:58:18+00:00","og_image":[{"url":"http:\/\/gitelozerejavols.com\/wp-content\/uploads\/2020\/10\/Logo-Gite-lozere-chez-lea-javols-1-e1603049921448.png"}],"twitter_card":"summary_large_image","schema":{"@context":"https:\/\/schema.org","@graph":[{"@type":"WebPage","@id":"http:\/\/gitelozerejavols.com\/en\/book-now-contact-us-email-adress\/","url":"http:\/\/gitelozerejavols.com\/en\/book-now-contact-us-email-adress\/","name":"Book stay cottage Lozere - enter your contact information","isPartOf":{"@id":"http:\/\/gitelozerejavols.com\/#website"},"datePublished":"2020-10-16T09:56:06+00:00","dateModified":"2020-12-07T09:58:18+00:00","description":"Book now at Gite Chez Lea. Enter your contact details and send us a message with your booking dates and email adress.","breadcrumb":{"@id":"http:\/\/gitelozerejavols.com\/en\/book-now-contact-us-email-adress\/#breadcrumb"},"inLanguage":"en-US","potentialAction":[{"@type":"ReadAction","target":["http:\/\/gitelozerejavols.com\/en\/book-now-contact-us-email-adress\/"]}]},{"@type":"BreadcrumbList","@id":"http:\/\/gitelozerejavols.com\/en\/book-now-contact-us-email-adress\/#breadcrumb","itemListElement":[{"@type":"ListItem","position":1,"name":"Accueil","item":"https:\/\/gitelozerejavols.com\/en\/"},{"@type":"ListItem","position":2,"name":"Book"}]},{"@type":"WebSite","@id":"http:\/\/gitelozerejavols.com\/#website","url":"http:\/\/gitelozerejavols.com\/","name":"","description":"","potentialAction":[{"@type":"SearchAction","target":{"@type":"EntryPoint","urlTemplate":"http:\/\/gitelozerejavols.com\/?s={search_term_string}"},"query-input":"required name=search_term_string"}],"inLanguage":"en-US"}]}},"_links":{"self":[{"href":"https:\/\/gitelozerejavols.com\/en\/wp-json\/wp\/v2\/pages\/168"}],"collection":[{"href":"https:\/\/gitelozerejavols.com\/en\/wp-json\/wp\/v2\/pages"}],"about":[{"href":"https:\/\/gitelozerejavols.com\/en\/wp-json\/wp\/v2\/types\/page"}],"author":[{"embeddable":true,"href":"https:\/\/gitelozerejavols.com\/en\/wp-json\/wp\/v2\/users\/2"}],"replies":[{"embeddable":true,"href":"https:\/\/gitelozerejavols.com\/en\/wp-json\/wp\/v2\/comments?post=168"}],"version-history":[{"count":7,"href":"https:\/\/gitelozerejavols.com\/en\/wp-json\/wp\/v2\/pages\/168\/revisions"}],"predecessor-version":[{"id":996,"href":"https:\/\/gitelozerejavols.com\/en\/wp-json\/wp\/v2\/pages\/168\/revisions\/996"}],"wp:attachment":[{"href":"https:\/\/gitelozerejavols.com\/en\/wp-json\/wp\/v2\/media?parent=168"}],"curies":[{"name":"wp","href":"https:\/\/api.w.org\/{rel}","templated":true}]}}