{"id":171,"date":"2020-10-16T11:57:05","date_gmt":"2020-10-16T09:57:05","guid":{"rendered":"http:\/\/gitelozerejavols.com\/notre-histoire\/"},"modified":"2020-12-07T10:46:10","modified_gmt":"2020-12-07T09:46:10","slug":"our-story-cottage","status":"publish","type":"page","link":"https:\/\/gitelozerejavols.com\/en\/our-story-cottage\/","title":{"rendered":"Our Story"},"content":{"rendered":"<div id=\"pl-gb171-69d44d35f2786\"  class=\"panel-layout\" ><div id=\"pg-gb171-69d44d35f2786-0\"  class=\"panel-grid panel-has-style\" ><div style=\"padding: 100px 0; \" data-overlay=\"true\" data-overlay-color=\"#000000\" class=\"panel-row-style panel-row-style-for-gb171-69d44d35f2786-0\" ><div id=\"pgc-gb171-69d44d35f2786-0-0\"  class=\"panel-grid-cell\" ><div id=\"panel-gb171-69d44d35f2786-0-0-0\" class=\"so-panel widget widget_sow-editor panel-first-child panel-last-child\" data-index=\"0\" ><div style=\"text-align: left;\" data-title-color=\"#443f3f\" data-headings-color=\"#443f3f\" class=\"panel-widget-style panel-widget-style-for-gb171-69d44d35f2786-0-0-0\" ><div\n\t\t\t\n\t\t\tclass=\"so-widget-sow-editor so-widget-sow-editor-base\"\n\t\t\t\n\t\t><h3 class=\"widget-title\">WHY &#8220;G\u00ceTE Chez L\u00c9A&#8221;?<\/h3>\n<div class=\"siteorigin-widget-tinymce textwidget\">\n\t<h3 style=\"text-align: center;\">The story of G\u00eete Chez L\u00e9a in Loz\u00e8re in Javols<\/h3>\n<p>&#8220;The cottage is located in the heart of the village of <a href=\"https:\/\/javols.fr\/\" target=\"_blank\" rel=\"noopener noreferrer\">Javols<\/a> in Loz\u00e8re. Before being renovated, the <span style=\"color: #339966;\"> <strong>Gite<\/strong><\/span> was a farm inhabited by an old lady named L\u00e9a. She lived alone in this farmhouse, surrounded by her many Aubrac dogs and cows.<\/p>\n<p>The gite is next to our holiday home, and then became later on our home. <span style=\"color: #339966;\">We have therefore always known <strong>L\u00e9a<\/strong>, the owner of the place<\/span>.<\/p>\n<p>All the more so, bonds have been created between our family and <span style=\"color: #339966;\">L\u00e9a<\/span>. Before she died, we first promised her to take care of her dog &#8220;Negrou&#8221;. Then we quickly made the decision to buy this crumbling farmhouse and bring it back to life. Since L\u00e9a was the soul of the small Javolese hamlet, we decided at the same time to pay her a last tribute. This is why we naturally gave her first name to our cottage.<\/p>\n<p>I have completely renovated the cottage, with a few friends of mine during holidays and weekends for five years long.<\/p>\n<p>My wife and I will be delighted to share with you in more detail the history of your future peaceful vacation spot in <span style=\"color: #339966;\">our cottage in Javols<strong> in Loz\u00e8re.&#8221;<\/strong><\/span>.<\/p>\n<p><em>Pascale &amp; Benoit.<\/em><\/p>\n<p>&nbsp;<\/p>\n<p style=\"text-align: center;\"><a href=\"http:\/\/gitelozerejavols.com\/en\/le-gite\/\"><em><strong>Find out more about the g\u00eete<\/strong><\/em><\/a><\/p>\n<\/div>\n<\/div><\/div><\/div><\/div><div id=\"pgc-gb171-69d44d35f2786-0-1\"  class=\"panel-grid-cell\" ><div id=\"panel-gb171-69d44d35f2786-0-1-0\" class=\"so-panel widget widget_sow-image panel-first-child panel-last-child\" data-index=\"1\" ><div style=\"text-align: left;\" data-title-color=\"#443f3f\" data-headings-color=\"#443f3f\" class=\"panel-widget-style panel-widget-style-for-gb171-69d44d35f2786-0-1-0\" ><div\n\t\t\t\n\t\t\tclass=\"so-widget-sow-image so-widget-sow-image-default-c67d20f9f743-171\"\n\t\t\t\n\t\t>\n\n<div class=\"sow-image-container\">\n\t\t<img decoding=\"async\" src=\"https:\/\/gitelozerejavols.com\/wp-content\/uploads\/2020\/10\/Gite-a-javols-en-lozere-chez-lea-e1602853459381.jpg\" width=\"504\" height=\"687\" sizes=\"(max-width: 504px) 100vw, 504px\" title=\"Gite \u00e0 javols en Loz\u00e8re chez l\u00e9a &#8211; S\u00e9jour Nature\" alt=\"S\u00e9journez dans le g\u00eete chez L\u00e9a \u00e0 Javols en Loz\u00e8re\" loading=\"lazy\" \t\tclass=\"so-widget-image\"\/>\n\t<\/div>\n\n<\/div><\/div><\/div><\/div><\/div><\/div><\/div>","protected":false},"excerpt":{"rendered":"<p>The story of G\u00eete Chez L\u00e9a in Loz\u00e8re in Javols &#8220;The cottage is located in the heart of the village of Javols in Loz\u00e8re. Before being renovated, the Gite was a farm inhabited by an old lady named L\u00e9a. She lived alone in this farmhouse, surrounded by her many Aubrac dogs and cows. The gite [&hellip;]<\/p>\n","protected":false},"author":2,"featured_media":0,"parent":0,"menu_order":0,"comment_status":"closed","ping_status":"closed","template":"page-templates\/page_front-page.php","meta":{"footnotes":""},"yoast_head":"<!-- This site is optimized with the Yoast SEO plugin v21.6 - https:\/\/yoast.com\/wordpress\/plugins\/seo\/ -->\n<title>g\u00eete Lozere javols - Discover the cottage near Aumont-Aubrac<\/title>\n<meta name=\"description\" content=\"The story behind: G\u00ceTE Chez Lea. It is located in Lozere in he heart of the village of Javols, near Aumont-Aubrac.\" \/>\n<meta name=\"robots\" content=\"index, follow, max-snippet:-1, max-image-preview:large, max-video-preview:-1\" \/>\n<link rel=\"canonical\" href=\"https:\/\/gitelozerejavols.com\/en\/our-story-cottage\/\" \/>\n<meta property=\"og:locale\" content=\"en_US\" \/>\n<meta property=\"og:type\" content=\"article\" \/>\n<meta property=\"og:title\" content=\"g\u00eete Lozere javols - Discover the cottage near Aumont-Aubrac\" \/>\n<meta property=\"og:description\" content=\"The story behind: G\u00ceTE Chez Lea. It is located in Lozere in he heart of the village of Javols, near Aumont-Aubrac.\" \/>\n<meta property=\"og:url\" content=\"https:\/\/gitelozerejavols.com\/en\/our-story-cottage\/\" \/>\n<meta property=\"article:modified_time\" content=\"2020-12-07T09:46:10+00:00\" \/>\n<meta property=\"og:image\" content=\"http:\/\/gitelozerejavols.com\/wp-content\/uploads\/2020\/10\/Gite-a-javols-en-lozere-chez-lea-e1602853459381.jpg\" \/>\n<meta name=\"twitter:card\" content=\"summary_large_image\" \/>\n<meta name=\"twitter:label1\" content=\"Est. reading time\" \/>\n\t<meta name=\"twitter:data1\" content=\"1 minute\" \/>\n<script type=\"application\/ld+json\" class=\"yoast-schema-graph\">{\"@context\":\"https:\/\/schema.org\",\"@graph\":[{\"@type\":\"WebPage\",\"@id\":\"https:\/\/gitelozerejavols.com\/en\/our-story-cottage\/\",\"url\":\"https:\/\/gitelozerejavols.com\/en\/our-story-cottage\/\",\"name\":\"g\u00eete Lozere javols - Discover the cottage near Aumont-Aubrac\",\"isPartOf\":{\"@id\":\"http:\/\/gitelozerejavols.com\/#website\"},\"datePublished\":\"2020-10-16T09:57:05+00:00\",\"dateModified\":\"2020-12-07T09:46:10+00:00\",\"description\":\"The story behind: G\u00ceTE Chez Lea. It is located in Lozere in he heart of the village of Javols, near Aumont-Aubrac.\",\"breadcrumb\":{\"@id\":\"https:\/\/gitelozerejavols.com\/en\/our-story-cottage\/#breadcrumb\"},\"inLanguage\":\"en-US\",\"potentialAction\":[{\"@type\":\"ReadAction\",\"target\":[\"https:\/\/gitelozerejavols.com\/en\/our-story-cottage\/\"]}]},{\"@type\":\"BreadcrumbList\",\"@id\":\"https:\/\/gitelozerejavols.com\/en\/our-story-cottage\/#breadcrumb\",\"itemListElement\":[{\"@type\":\"ListItem\",\"position\":1,\"name\":\"Accueil\",\"item\":\"https:\/\/gitelozerejavols.com\/en\/\"},{\"@type\":\"ListItem\",\"position\":2,\"name\":\"Our Story\"}]},{\"@type\":\"WebSite\",\"@id\":\"http:\/\/gitelozerejavols.com\/#website\",\"url\":\"http:\/\/gitelozerejavols.com\/\",\"name\":\"\",\"description\":\"\",\"potentialAction\":[{\"@type\":\"SearchAction\",\"target\":{\"@type\":\"EntryPoint\",\"urlTemplate\":\"http:\/\/gitelozerejavols.com\/?s={search_term_string}\"},\"query-input\":\"required name=search_term_string\"}],\"inLanguage\":\"en-US\"}]}<\/script>\n<!-- \/ Yoast SEO plugin. -->","yoast_head_json":{"title":"g\u00eete Lozere javols - Discover the cottage near Aumont-Aubrac","description":"The story behind: G\u00ceTE Chez Lea. It is located in Lozere in he heart of the village of Javols, near Aumont-Aubrac.","robots":{"index":"index","follow":"follow","max-snippet":"max-snippet:-1","max-image-preview":"max-image-preview:large","max-video-preview":"max-video-preview:-1"},"canonical":"https:\/\/gitelozerejavols.com\/en\/our-story-cottage\/","og_locale":"en_US","og_type":"article","og_title":"g\u00eete Lozere javols - Discover the cottage near Aumont-Aubrac","og_description":"The story behind: G\u00ceTE Chez Lea. It is located in Lozere in he heart of the village of Javols, near Aumont-Aubrac.","og_url":"https:\/\/gitelozerejavols.com\/en\/our-story-cottage\/","article_modified_time":"2020-12-07T09:46:10+00:00","og_image":[{"url":"http:\/\/gitelozerejavols.com\/wp-content\/uploads\/2020\/10\/Gite-a-javols-en-lozere-chez-lea-e1602853459381.jpg"}],"twitter_card":"summary_large_image","twitter_misc":{"Est. reading time":"1 minute"},"schema":{"@context":"https:\/\/schema.org","@graph":[{"@type":"WebPage","@id":"https:\/\/gitelozerejavols.com\/en\/our-story-cottage\/","url":"https:\/\/gitelozerejavols.com\/en\/our-story-cottage\/","name":"g\u00eete Lozere javols - Discover the cottage near Aumont-Aubrac","isPartOf":{"@id":"http:\/\/gitelozerejavols.com\/#website"},"datePublished":"2020-10-16T09:57:05+00:00","dateModified":"2020-12-07T09:46:10+00:00","description":"The story behind: G\u00ceTE Chez Lea. It is located in Lozere in he heart of the village of Javols, near Aumont-Aubrac.","breadcrumb":{"@id":"https:\/\/gitelozerejavols.com\/en\/our-story-cottage\/#breadcrumb"},"inLanguage":"en-US","potentialAction":[{"@type":"ReadAction","target":["https:\/\/gitelozerejavols.com\/en\/our-story-cottage\/"]}]},{"@type":"BreadcrumbList","@id":"https:\/\/gitelozerejavols.com\/en\/our-story-cottage\/#breadcrumb","itemListElement":[{"@type":"ListItem","position":1,"name":"Accueil","item":"https:\/\/gitelozerejavols.com\/en\/"},{"@type":"ListItem","position":2,"name":"Our Story"}]},{"@type":"WebSite","@id":"http:\/\/gitelozerejavols.com\/#website","url":"http:\/\/gitelozerejavols.com\/","name":"","description":"","potentialAction":[{"@type":"SearchAction","target":{"@type":"EntryPoint","urlTemplate":"http:\/\/gitelozerejavols.com\/?s={search_term_string}"},"query-input":"required name=search_term_string"}],"inLanguage":"en-US"}]}},"_links":{"self":[{"href":"https:\/\/gitelozerejavols.com\/en\/wp-json\/wp\/v2\/pages\/171"}],"collection":[{"href":"https:\/\/gitelozerejavols.com\/en\/wp-json\/wp\/v2\/pages"}],"about":[{"href":"https:\/\/gitelozerejavols.com\/en\/wp-json\/wp\/v2\/types\/page"}],"author":[{"embeddable":true,"href":"https:\/\/gitelozerejavols.com\/en\/wp-json\/wp\/v2\/users\/2"}],"replies":[{"embeddable":true,"href":"https:\/\/gitelozerejavols.com\/en\/wp-json\/wp\/v2\/comments?post=171"}],"version-history":[{"count":6,"href":"https:\/\/gitelozerejavols.com\/en\/wp-json\/wp\/v2\/pages\/171\/revisions"}],"predecessor-version":[{"id":991,"href":"https:\/\/gitelozerejavols.com\/en\/wp-json\/wp\/v2\/pages\/171\/revisions\/991"}],"wp:attachment":[{"href":"https:\/\/gitelozerejavols.com\/en\/wp-json\/wp\/v2\/media?parent=171"}],"curies":[{"name":"wp","href":"https:\/\/api.w.org\/{rel}","templated":true}]}}