{"id":173,"date":"2020-10-16T11:57:32","date_gmt":"2020-10-16T09:57:32","guid":{"rendered":"http:\/\/gitelozerejavols.com\/tarifs-et-disponibilites\/"},"modified":"2020-12-07T10:52:48","modified_gmt":"2020-12-07T09:52:48","slug":"tarifs-et-disponibilites","status":"publish","type":"page","link":"https:\/\/gitelozerejavols.com\/en\/tarifs-et-disponibilites\/","title":{"rendered":"Rates and Availability"},"content":{"rendered":"<div id=\"pl-gb173-69d466c03d30e\"  class=\"panel-layout\" ><div id=\"pg-gb173-69d466c03d30e-0\"  class=\"panel-grid panel-has-style\" ><div style=\"padding: 35px 0; \" data-overlay=\"true\" data-overlay-color=\"#000000\" class=\"panel-row-style panel-row-style-for-gb173-69d466c03d30e-0\" ><div id=\"pgc-gb173-69d466c03d30e-0-0\"  class=\"panel-grid-cell\" ><div id=\"panel-gb173-69d466c03d30e-0-0-0\" class=\"so-panel widget widget_sow-editor panel-first-child panel-last-child\" data-index=\"0\" ><div style=\"text-align: left;\" data-title-color=\"#443f3f\" data-headings-color=\"#443f3f\" class=\"panel-widget-style panel-widget-style-for-gb173-69d466c03d30e-0-0-0\" ><div\n\t\t\t\n\t\t\tclass=\"so-widget-sow-editor so-widget-sow-editor-base\"\n\t\t\t\n\t\t><h3 class=\"widget-title\">Rates and Availabilities<\/h3>\n<div class=\"siteorigin-widget-tinymce textwidget\">\n\t<h2 style=\"text-align: center;\">Find the tarifs and availabilities for your stay in the cottage in Lozere<\/h2>\n<h3 style=\"text-align: center;\"><strong><span class=\"Style1361\">The prices for a week in the cottage in Javols, Loz\u00e8re:<\/span><\/strong><\/h3>\n<p style=\"text-align: center;\">To stay in our cottage in Javols, Loz\u00e8re, please find below our different rates according to the different booking seasons:<\/p>\n<p style=\"text-align: center;\"><span style=\"color: #339966;\"><span class=\"Style112\">During the middle season: <\/span> the weekly rate is <strong>380\u20ac<\/strong><\/span><\/p>\n<p style=\"text-align: center;\"><span style=\"color: #339966;\"><span class=\"Style112\">During the high season (From <em>July 01 to August 23 <\/em>) :<\/span> A price of <strong>400\u20ac<\/strong> is applied per week<\/span><\/p>\n<p style=\"text-align: center;\"><span style=\"color: #339966;\">The rates per night are between <strong>\u20ac 57 to \u20ac 80<\/strong><\/span><\/p>\n<p style=\"text-align: center;\"><span style=\"color: #339966;\">The cleaning costs are 50 \u20ac if you do not want to do it yourself.<\/span><\/p>\n<p style=\"text-align: center;\">Finally, also note that in high season weekly reservations are made from Saturday to Saturday.<\/p>\n<p style=\"text-align: center;\">The cottage is ideally designed for six people but can accommodate up to eight people.<\/p>\n<\/div>\n<\/div><\/div><\/div><\/div><div id=\"pgc-gb173-69d466c03d30e-0-1\"  class=\"panel-grid-cell\" ><div id=\"panel-gb173-69d466c03d30e-0-1-0\" class=\"so-panel widget widget_sow-image panel-first-child panel-last-child\" data-index=\"1\" ><div style=\"text-align: left;\" data-title-color=\"#443f3f\" data-headings-color=\"#443f3f\" class=\"panel-widget-style panel-widget-style-for-gb173-69d466c03d30e-0-1-0\" ><div\n\t\t\t\n\t\t\tclass=\"so-widget-sow-image so-widget-sow-image-default-c67d20f9f743-173\"\n\t\t\t\n\t\t>\n\n<div class=\"sow-image-container\">\n\t\t<img decoding=\"async\" src=\"https:\/\/gitelozerejavols.com\/wp-content\/uploads\/2020\/10\/Chez-Lea-gite-javols-en-lozere-e1603052968251.jpg\" width=\"448\" height=\"334\" sizes=\"(max-width: 448px) 100vw, 448px\" title=\"Chez Lea gite de groupe Javols en Loz\u00e8re\" alt=\"S\u00e9journer dans votre g\u00eete de Loz\u00e8re \u00e0 Javols\" loading=\"lazy\" \t\tclass=\"so-widget-image\"\/>\n\t<\/div>\n\n<\/div><\/div><\/div><\/div><\/div><\/div><div id=\"pg-gb173-69d466c03d30e-1\"  class=\"panel-grid panel-has-style\" ><div style=\"padding: 30px 0; \" data-overlay=\"true\" data-overlay-color=\"#000000\" class=\"panel-row-style panel-row-style-for-gb173-69d466c03d30e-1\" ><div id=\"pgc-gb173-69d466c03d30e-1-0\"  class=\"panel-grid-cell\" ><div id=\"panel-gb173-69d466c03d30e-1-0-0\" class=\"so-panel widget widget_sow-editor panel-first-child panel-last-child\" data-index=\"2\" ><div style=\"text-align: left;\" data-title-color=\"#443f3f\" data-headings-color=\"#443f3f\" class=\"panel-widget-style panel-widget-style-for-gb173-69d466c03d30e-1-0-0\" ><div\n\t\t\t\n\t\t\tclass=\"so-widget-sow-editor so-widget-sow-editor-base\"\n\t\t\t\n\t\t>\n<div class=\"siteorigin-widget-tinymce textwidget\">\n\t<h4 style=\"text-align: center;\">To view the different availabilities of the g\u00eete throughout the year, please click on the link below:<\/h4>\n<p style=\"text-align: center;\"><span class=\"Style1310\"><a href=\"http:\/\/www.pour-les-vacances.com\/site\/planning-iframe.php?id=14337\" target=\"_blank\" rel=\"noopener noreferrer\">http:\/\/www.pour-les-vacances.com\/site\/planning-iframe.php?id=14337<\/a><br \/>\n<\/span><\/p>\n<p>&nbsp;<\/p>\n<p style=\"text-align: center;\"><b>Also, to download the rental contract and send it back to us directly by email or by post accompanied by the deposit check if you wish:\u00a0<\/b><\/p>\n<p style=\"text-align: center;\"><a href=\"http:\/\/gitelozerejavols.com\/wp-content\/uploads\/2020\/10\/CONTRAT-DE-LOCATION.pdf\" target=\"_blank\" rel=\"noopener noreferrer\">Rental agreement<\/a><\/p>\n<p>&nbsp;<\/p>\n<p style=\"text-align: center;\">Otherwise, for more convenience, do not hesitate to call us, so we will be happy to discuss with you your plans for a stay in Loz\u00e8re!<\/p>\n<\/div>\n<\/div><\/div><\/div><\/div><\/div><\/div><\/div>\n\n\n<p><\/p>\n","protected":false},"excerpt":{"rendered":"<p>Find the tarifs and availabilities for your stay in the cottage in Lozere The prices for a week in the cottage in Javols, Loz\u00e8re: To stay in our cottage in Javols, Loz\u00e8re, please find below our different rates according to the different booking seasons: During the middle season: the weekly rate is 380\u20ac During the [&hellip;]<\/p>\n","protected":false},"author":2,"featured_media":0,"parent":0,"menu_order":0,"comment_status":"closed","ping_status":"closed","template":"page-templates\/page_front-page.php","meta":{"footnotes":""},"yoast_head":"<!-- This site is optimized with the Yoast SEO plugin v21.6 - https:\/\/yoast.com\/wordpress\/plugins\/seo\/ -->\n<title>cottage tarifs and availabilities - Javols in Lozere near Aumont-Aubrac<\/title>\n<meta name=\"description\" content=\"Find the tarfis and availiabilities for your staycation in the cottage in Lozere located in the Javols village close to Aumont-Aubrac\" \/>\n<meta name=\"robots\" content=\"index, follow, max-snippet:-1, max-image-preview:large, max-video-preview:-1\" \/>\n<link rel=\"canonical\" href=\"http:\/\/gitelozerejavols.com\/en\/tarifs-et-disponibilites\/\" \/>\n<meta property=\"og:locale\" content=\"en_US\" \/>\n<meta property=\"og:type\" content=\"article\" \/>\n<meta property=\"og:title\" content=\"cottage tarifs and availabilities - Javols in Lozere near Aumont-Aubrac\" \/>\n<meta property=\"og:description\" content=\"Find the tarfis and availiabilities for your staycation in the cottage in Lozere located in the Javols village close to Aumont-Aubrac\" \/>\n<meta property=\"og:url\" content=\"http:\/\/gitelozerejavols.com\/en\/tarifs-et-disponibilites\/\" \/>\n<meta property=\"article:modified_time\" content=\"2020-12-07T09:52:48+00:00\" \/>\n<meta property=\"og:image\" content=\"http:\/\/gitelozerejavols.com\/wp-content\/uploads\/2020\/10\/Chez-Lea-gite-javols-en-lozere-e1603052968251.jpg\" \/>\n<meta name=\"twitter:card\" content=\"summary_large_image\" \/>\n<meta name=\"twitter:label1\" content=\"Est. reading time\" \/>\n\t<meta name=\"twitter:data1\" content=\"1 minute\" \/>\n<script type=\"application\/ld+json\" class=\"yoast-schema-graph\">{\"@context\":\"https:\/\/schema.org\",\"@graph\":[{\"@type\":\"WebPage\",\"@id\":\"http:\/\/gitelozerejavols.com\/en\/tarifs-et-disponibilites\/\",\"url\":\"http:\/\/gitelozerejavols.com\/en\/tarifs-et-disponibilites\/\",\"name\":\"cottage tarifs and availabilities - Javols in Lozere near Aumont-Aubrac\",\"isPartOf\":{\"@id\":\"http:\/\/gitelozerejavols.com\/#website\"},\"datePublished\":\"2020-10-16T09:57:32+00:00\",\"dateModified\":\"2020-12-07T09:52:48+00:00\",\"description\":\"Find the tarfis and availiabilities for your staycation in the cottage in Lozere located in the Javols village close to Aumont-Aubrac\",\"breadcrumb\":{\"@id\":\"http:\/\/gitelozerejavols.com\/en\/tarifs-et-disponibilites\/#breadcrumb\"},\"inLanguage\":\"en-US\",\"potentialAction\":[{\"@type\":\"ReadAction\",\"target\":[\"http:\/\/gitelozerejavols.com\/en\/tarifs-et-disponibilites\/\"]}]},{\"@type\":\"BreadcrumbList\",\"@id\":\"http:\/\/gitelozerejavols.com\/en\/tarifs-et-disponibilites\/#breadcrumb\",\"itemListElement\":[{\"@type\":\"ListItem\",\"position\":1,\"name\":\"Accueil\",\"item\":\"https:\/\/gitelozerejavols.com\/en\/\"},{\"@type\":\"ListItem\",\"position\":2,\"name\":\"Rates and Availability\"}]},{\"@type\":\"WebSite\",\"@id\":\"http:\/\/gitelozerejavols.com\/#website\",\"url\":\"http:\/\/gitelozerejavols.com\/\",\"name\":\"\",\"description\":\"\",\"potentialAction\":[{\"@type\":\"SearchAction\",\"target\":{\"@type\":\"EntryPoint\",\"urlTemplate\":\"http:\/\/gitelozerejavols.com\/?s={search_term_string}\"},\"query-input\":\"required name=search_term_string\"}],\"inLanguage\":\"en-US\"}]}<\/script>\n<!-- \/ Yoast SEO plugin. -->","yoast_head_json":{"title":"cottage tarifs and availabilities - Javols in Lozere near Aumont-Aubrac","description":"Find the tarfis and availiabilities for your staycation in the cottage in Lozere located in the Javols village close to Aumont-Aubrac","robots":{"index":"index","follow":"follow","max-snippet":"max-snippet:-1","max-image-preview":"max-image-preview:large","max-video-preview":"max-video-preview:-1"},"canonical":"http:\/\/gitelozerejavols.com\/en\/tarifs-et-disponibilites\/","og_locale":"en_US","og_type":"article","og_title":"cottage tarifs and availabilities - Javols in Lozere near Aumont-Aubrac","og_description":"Find the tarfis and availiabilities for your staycation in the cottage in Lozere located in the Javols village close to Aumont-Aubrac","og_url":"http:\/\/gitelozerejavols.com\/en\/tarifs-et-disponibilites\/","article_modified_time":"2020-12-07T09:52:48+00:00","og_image":[{"url":"http:\/\/gitelozerejavols.com\/wp-content\/uploads\/2020\/10\/Chez-Lea-gite-javols-en-lozere-e1603052968251.jpg"}],"twitter_card":"summary_large_image","twitter_misc":{"Est. reading time":"1 minute"},"schema":{"@context":"https:\/\/schema.org","@graph":[{"@type":"WebPage","@id":"http:\/\/gitelozerejavols.com\/en\/tarifs-et-disponibilites\/","url":"http:\/\/gitelozerejavols.com\/en\/tarifs-et-disponibilites\/","name":"cottage tarifs and availabilities - Javols in Lozere near Aumont-Aubrac","isPartOf":{"@id":"http:\/\/gitelozerejavols.com\/#website"},"datePublished":"2020-10-16T09:57:32+00:00","dateModified":"2020-12-07T09:52:48+00:00","description":"Find the tarfis and availiabilities for your staycation in the cottage in Lozere located in the Javols village close to Aumont-Aubrac","breadcrumb":{"@id":"http:\/\/gitelozerejavols.com\/en\/tarifs-et-disponibilites\/#breadcrumb"},"inLanguage":"en-US","potentialAction":[{"@type":"ReadAction","target":["http:\/\/gitelozerejavols.com\/en\/tarifs-et-disponibilites\/"]}]},{"@type":"BreadcrumbList","@id":"http:\/\/gitelozerejavols.com\/en\/tarifs-et-disponibilites\/#breadcrumb","itemListElement":[{"@type":"ListItem","position":1,"name":"Accueil","item":"https:\/\/gitelozerejavols.com\/en\/"},{"@type":"ListItem","position":2,"name":"Rates and Availability"}]},{"@type":"WebSite","@id":"http:\/\/gitelozerejavols.com\/#website","url":"http:\/\/gitelozerejavols.com\/","name":"","description":"","potentialAction":[{"@type":"SearchAction","target":{"@type":"EntryPoint","urlTemplate":"http:\/\/gitelozerejavols.com\/?s={search_term_string}"},"query-input":"required name=search_term_string"}],"inLanguage":"en-US"}]}},"_links":{"self":[{"href":"https:\/\/gitelozerejavols.com\/en\/wp-json\/wp\/v2\/pages\/173"}],"collection":[{"href":"https:\/\/gitelozerejavols.com\/en\/wp-json\/wp\/v2\/pages"}],"about":[{"href":"https:\/\/gitelozerejavols.com\/en\/wp-json\/wp\/v2\/types\/page"}],"author":[{"embeddable":true,"href":"https:\/\/gitelozerejavols.com\/en\/wp-json\/wp\/v2\/users\/2"}],"replies":[{"embeddable":true,"href":"https:\/\/gitelozerejavols.com\/en\/wp-json\/wp\/v2\/comments?post=173"}],"version-history":[{"count":4,"href":"https:\/\/gitelozerejavols.com\/en\/wp-json\/wp\/v2\/pages\/173\/revisions"}],"predecessor-version":[{"id":993,"href":"https:\/\/gitelozerejavols.com\/en\/wp-json\/wp\/v2\/pages\/173\/revisions\/993"}],"wp:attachment":[{"href":"https:\/\/gitelozerejavols.com\/en\/wp-json\/wp\/v2\/media?parent=173"}],"curies":[{"name":"wp","href":"https:\/\/api.w.org\/{rel}","templated":true}]}}