{"id":175,"date":"2020-10-16T11:55:13","date_gmt":"2020-10-16T09:55:13","guid":{"rendered":"http:\/\/gitelozerejavols.com\/accueil\/"},"modified":"2020-12-09T14:25:55","modified_gmt":"2020-12-09T13:25:55","slug":"accueil","status":"publish","type":"page","link":"https:\/\/gitelozerejavols.com\/en\/","title":{"rendered":"HOME"},"content":{"rendered":"<div id=\"pl-gb175-69e02bf5c587e\"  class=\"panel-layout\" ><div id=\"pg-gb175-69e02bf5c587e-0\"  class=\"panel-grid panel-has-style\" ><div style=\"padding: 100px 0; \" data-overlay=\"true\" data-overlay-color=\"#000000\" class=\"panel-row-style panel-row-style-for-gb175-69e02bf5c587e-0\" ><div id=\"pgc-gb175-69e02bf5c587e-0-0\"  class=\"panel-grid-cell\" ><div id=\"panel-gb175-69e02bf5c587e-0-0-0\" class=\"so-panel widget widget_sow-editor panel-first-child panel-last-child\" data-index=\"0\" ><div style=\"text-align: left;\" data-title-color=\"#443f3f\" data-headings-color=\"#443f3f\" class=\"panel-widget-style panel-widget-style-for-gb175-69e02bf5c587e-0-0-0\" ><div\n\t\t\t\n\t\t\tclass=\"so-widget-sow-editor so-widget-sow-editor-base\"\n\t\t\t\n\t\t><h3 class=\"widget-title\">Your G\u00eete in Javols <\/h3>\n<div class=\"siteorigin-widget-tinymce textwidget\">\n\t<h3 style=\"text-align: center;\">Chez L\u00e9a, your lodging located in Lozere, Javols.<\/h3>\n<p>Ideally located in an authentic framework, our lodging in Lozere, Javols offers all the modern comfort needed to ensure a pleasant stay in the middle of the nature.<\/p>\n<p>It is in a warm atmosphere in the heart of the small Javolais hamlet and in the greatest respect of their environment, at the doors of Aubrac, Margeride and not far from the Causses, that Pascale and Benoit will be delighted to welcome you.<\/p>\n<p>They will also be pleased to share with you the story of the renovation of the g\u00eete over more than 5 years. But also, the story of the former inhabitant of place: L\u00e9a.<\/p>\n<p>Also, note that the gite includes three bedrooms with five beds, a garage, and a garden. You can find all these features and more here.<\/p>\n<p>We are waiting for you to stay in our old farmhouse during any season you desire. Finally, if you wish to enjoy your time during the stay, in the heart of a wild and preserved nature, we invite you to discover the various activities around the g\u00eete.<\/p>\n<h5 style=\"text-align: center;\"><a href=\"http:\/\/gitelozerejavols.com\/en\/tarifs-et-disponibilites\/\">-To book, Check now our calender availability and our prices &#8211;<\/a><\/h5>\n<\/div>\n<\/div><\/div><\/div><\/div><\/div><\/div><div id=\"pg-gb175-69e02bf5c587e-1\"  class=\"panel-grid panel-has-style\" ><div class=\"siteorigin-panels-stretch panel-row-style panel-row-style-for-gb175-69e02bf5c587e-1\" style=\"border-bottom: 1px solid #39ba48;color: #ffffff;text-align: center;padding: 50px 0; \" data-stretch-type=\"full-stretched\" data-hascolor=\"hascolor\" data-overlay=\"true\" data-overlay-color=\"#000000\" ><div id=\"pgc-gb175-69e02bf5c587e-1-0\"  class=\"panel-grid-cell\" ><div id=\"panel-gb175-69e02bf5c587e-1-0-0\" class=\"so-panel widget widget_fp_social panel-first-child panel-last-child\" data-index=\"1\" ><div style=\"text-align: left;\" data-title-color=\"#ffffff\" data-headings-color=\"#443f3f\" class=\"panel-widget-style panel-widget-style-for-gb175-69e02bf5c587e-1-0-0\" >\t\t\t\t\t\t<div class=\"menu-reseaux-sociaux-container\"><ul id=\"menu-reseaux-sociaux\" class=\"menu social-menu-widget clearfix\"><li id=\"menu-item-139\" class=\"menu-item menu-item-type-custom menu-item-object-custom menu-item-139\"><a href=\"https:\/\/www.facebook.com\/gitejavols\"><span class=\"screen-reader-text\">\u00c9l\u00e9ment de menu<\/span><\/a><\/li>\n<li id=\"menu-item-245\" class=\"menu-item menu-item-type-custom menu-item-object-custom menu-item-245\"><a href=\"https:\/\/www.instagram.com\/gitelozerechezlea\/\"><span class=\"screen-reader-text\">\u00c9l\u00e9ment de menu<\/span><\/a><\/li>\n<\/ul><\/div>\t\r\n\t\t<\/div><\/div><\/div><\/div><\/div><div id=\"pg-gb175-69e02bf5c587e-2\"  class=\"panel-grid panel-has-style\" ><div style=\"padding: 50px 0; \" data-overlay=\"true\" data-overlay-color=\"#000000\" class=\"panel-row-style panel-row-style-for-gb175-69e02bf5c587e-2\" ><div id=\"pgc-gb175-69e02bf5c587e-2-0\"  class=\"panel-grid-cell\" ><div id=\"panel-gb175-69e02bf5c587e-2-0-0\" class=\"so-panel widget widget_sow-editor panel-first-child panel-last-child\" data-index=\"2\" ><div style=\"text-align: left;\" data-title-color=\"#443f3f\" data-headings-color=\"#443f3f\" class=\"panel-widget-style panel-widget-style-for-gb175-69e02bf5c587e-2-0-0\" ><div\n\t\t\t\n\t\t\tclass=\"so-widget-sow-editor so-widget-sow-editor-base\"\n\t\t\t\n\t\t><h3 class=\"widget-title\">You will stay in the heart of the old capital Gabale: Javols.<\/h3>\n<div class=\"siteorigin-widget-tinymce textwidget\">\n\t<div id=\"grid-gallery-2-53073\" data-gg-id=\"2\" data-title=\"Accueil\" data-grid-type=\"0\" data-offset=\"7.3\" data-area-position=\"center\" data-icons=\"false\" data-preloader=\"true\" data-width=\"215\" data-height=\"215\" data-padding=\"0\" data-quicksand=\"disabled\" data-quicksand-duration=\"none\" data-popup-theme=\"theme_6\" data-popup-type=\"pretty-photo\" data-popup-image-text=\"data-description\" data-popup-widthsize=\"auto\" data-popup-heightsize=\"auto\" data-popup-i18n-words=\"{&quot;close&quot;:&quot;close&quot;,&quot;next&quot;:&quot;next&quot;,&quot;previous&quot;:&quot;previous&quot;,&quot;start_slideshow&quot;:&quot;start slideshow&quot;,&quot;stop_slideshow&quot;:&quot;stop slideshow&quot;,&quot;image&quot;:&quot;image&quot;,&quot;of&quot;:&quot;of&quot;,&quot;prev&quot;:&quot;prev&quot;,&quot;cExpand&quot;:&quot;Expand&quot;,&quot;cPrevious&quot;:&quot;Previous&quot;,&quot;cNext&quot;:&quot;Next&quot;,&quot;cExpandStr&quot;:&quot;Expand the image&quot;,&quot;cRotate&quot;:&quot;Rotate&quot;,&quot;cDetails&quot;:&quot;Details&quot;}\" data-popup-slideshow=\"false\" data-popup-slideshow-speed=\"2500\" data-popup-hoverstop=\"true\" data-popup-slideshow-auto=\"false\" data-popup-background=\"\" data-popup-transparency=\"30\" data-popup-disable-history=\"\" data-popup-disable-changed-url=\"\" data-popup-border-type=\"solid\" data-popup-border-color=\"\" data-popup-border-width=\"\" data-popup-border-enable=\"\" data-fullscreen=\"false\" data-hide-tooltip=\"false\" data-caption-font-family=\"Default\" data-caption-text-size=\"140\" data-is-mobile=\"0\" data-caption-mobile=\"false\" data-hide-long-tltp-title=\"0\" data-caption-disabled-on-mobile=\"false\" data-lazyload-enable='1' data-lazyload-effect=\"show\" data-lazyload-effect-duration=\"400\" data-popup-placement-type=\"0\" data-social-sharing=\"{&quot;enabled&quot;:&quot;&quot;,&quot;gallerySharing&quot;:{&quot;enabled&quot;:null,&quot;position&quot;:null},&quot;imageSharing&quot;:{&quot;enabled&quot;:null,&quot;wrapperClass&quot;:&quot; vertical &quot;},&quot;popupSharing&quot;:{&quot;enabled&quot;:null,&quot;wrapperClass&quot;:&quot; vertical &quot;}}\" class=\"grid-gallery grid-gallery-fixed \" style=\" width:100%; height:auto; margin-left:auto; margin-right:auto;position:relative;\"> <div class=\"gallery-loading\"> <div class=\"blocks\"> <div class=\"block\"><\/div> <div class=\"block\"><\/div> <div class=\"block\"><\/div> <div class=\"block\"><\/div> <\/div> <\/div> <div class=\"gallery-sharing-top\"><\/div> <div id=\"photos-2\" class=\"grid-gallery-photos\"><a id=\"gg-2-5\" class=\"gg-link \" data-attachment-id=\"163\" href=\"https:\/\/gitelozerejavols.com\/wp-content\/uploads\/2020\/10\/GITE-JAVOLS-NEIGE-LOZERE.png?gid=2\" target=\"_self\" title=\"Le g\u00eete chez L\u00e9a en Loz\u00e8re, offre un cadre magnifique en hiver lorsque la neige recouvre les toits et les rues, s\u00e9jour chaleureux dans le plus grand respect de l&amp;#039;environnement, Javols, aux portes de l&amp;#039;Aubrac.\" data-rel=\"prettyPhoto[pp_gal]\" style=\"border-radius:100%;\" ><FIGURE class=\"grid-gallery-caption\" data-grid-gallery-type=\"center\" data-index=\"0\" style=\"display:none;border:5pxsolid#ffffff; border-radius:100%; box-shadow:0px 0px 10px #000000;; margin:7.3px; width:2150;\" ><div class=\"crop\" style=\" width:2150; height:2150; overflow:hidden;\"><img decoding=\"async\" data-gg-real-image-href=\"http:\/\/gitelozerejavols.com\/wp-content\/uploads\/2020\/10\/GITE-JAVOLS-NEIGE-LOZERE-215x215.png\" src=\"http:\/\/gitelozerejavols.com\/wp-content\/plugins\/gallery-by-supsystic\/src\/GridGallery\/Galleries\/assets\/img\/loading.gif\" class=\"ggImg ggLazyImg\" alt=\"S\u00e9journer au gite chez L\u00e9a \u00e0 Javols en Loz\u00e8re sous la neige\" title=\"Le g\u00eete chez L\u00e9a en Loz\u00e8re, offre un cadre magnifique en hiver lorsque la neige recouvre les toits et les rues, s\u00e9jour chaleureux dans le plus grand respect de l&#039;environnement, Javols, aux portes de l&#039;Aubrac.\" data-description=\"Le g\u00eete chez L\u00e9a en Loz\u00e8re, offre un cadre magnifique en hiver lorsque la neige recouvre les toits et les rues, s\u00e9jour chaleureux dans le plus grand respect de l&#039;environnement, Javols, aux portes de l&#039;Aubrac.\" data-caption=\"Gite agr\u00e9able \u00e0 Javols en Loz\u00e8re\" data-title=\"Gite agr\u00e9able \u00e0 Javols en Loz\u00e8re\" style=\" width:215px; height:215px;\" \/><\/div><FIGCAPTION class=\"\" data-alpha=\"10\" style=\"color:#ffffff; background-color:#3498db; font-size:140; text-align:left; font-family:Default;\" ><div class=\"grid-gallery-figcaption-wrap\" style=\" vertical-align:top;\"><\/div><\/FIGCAPTION><\/FIGURE><\/a><a id=\"gg-2-6\" class=\"gg-link \" data-attachment-id=\"123\" href=\"https:\/\/gitelozerejavols.com\/wp-content\/uploads\/2020\/10\/Chez-Lea-gite-javols-en-lozere-e1603052968251.jpg?gid=2\" target=\"_self\" title=\"D\u00e9couvrez le g\u00eete chez L\u00e9a, s\u00e9jour apaisant au coeur de la nature en Loz\u00e8re, Javols.\" data-rel=\"prettyPhoto[pp_gal]\" style=\"border-radius:100%;\" ><FIGURE class=\"grid-gallery-caption\" data-grid-gallery-type=\"center\" data-index=\"1\" style=\"display:none;border:5pxsolid#ffffff; border-radius:100%; box-shadow:0px 0px 10px #000000;; margin:7.3px; width:2150;\" ><div class=\"crop\" style=\" width:2150; height:2150; overflow:hidden;\"><img decoding=\"async\" data-gg-real-image-href=\"http:\/\/gitelozerejavols.com\/wp-content\/uploads\/2020\/10\/Chez-Lea-gite-javols-en-lozere-215x215.jpg\" src=\"http:\/\/gitelozerejavols.com\/wp-content\/plugins\/gallery-by-supsystic\/src\/GridGallery\/Galleries\/assets\/img\/loading.gif\" class=\"ggImg ggLazyImg\" alt=\"S\u00e9journer dans votre g\u00eete de Loz\u00e8re \u00e0 Javols\" title=\"D\u00e9couvrez le g\u00eete chez L\u00e9a, s\u00e9jour apaisant au coeur de la nature en Loz\u00e8re, Javols. \" data-description=\"D\u00e9couvrez le g\u00eete chez L\u00e9a, s\u00e9jour apaisant au coeur de la nature en Loz\u00e8re, Javols. \" data-caption=\"Chez Lea gite de groupe Javols en Loz\u00e8re\" data-title=\"Chez Lea gite de groupe Javols en Loz\u00e8re\" style=\" width:215px; height:215px;\" \/><\/div><FIGCAPTION class=\"\" data-alpha=\"10\" style=\"color:#ffffff; background-color:#3498db; font-size:140; text-align:left; font-family:Default;\" ><div class=\"grid-gallery-figcaption-wrap\" style=\" vertical-align:top;\"><\/div><\/FIGCAPTION><\/FIGURE><\/a><a id=\"gg-2-7\" class=\"gg-link \" data-attachment-id=\"205\" href=\"https:\/\/gitelozerejavols.com\/wp-content\/uploads\/2020\/10\/Plan-acces-gite-lozere-chez-lea-e1603114771673.png?gid=2\" target=\"_self\" title=\"S\u00e9journez dans notre gite chaleureux chez L\u00e9a \u00e0 Javols en Loz\u00e8re proche d&amp;#039;Aumont-Aubrac et d\u00e9couvrez les jolies paysage qui l&amp;#039;entoure.\" data-rel=\"prettyPhoto[pp_gal]\" style=\"border-radius:100%;\" ><FIGURE class=\"grid-gallery-caption\" data-grid-gallery-type=\"center\" data-index=\"2\" style=\"display:none;border:5pxsolid#ffffff; border-radius:100%; box-shadow:0px 0px 10px #000000;; margin:7.3px; width:2150;\" ><div class=\"crop\" style=\" width:2150; height:2150; overflow:hidden;\"><img decoding=\"async\" data-gg-real-image-href=\"http:\/\/gitelozerejavols.com\/wp-content\/uploads\/2020\/10\/Plan-acces-gite-lozere-chez-lea-e1603114771673-215x215.png\" src=\"http:\/\/gitelozerejavols.com\/wp-content\/plugins\/gallery-by-supsystic\/src\/GridGallery\/Galleries\/assets\/img\/loading.gif\" class=\"ggImg ggLazyImg\" alt=\"D\u00e9couvrez votre gite Loz\u00e8re Peyre en Aubrac Javols\" title=\"S\u00e9journez dans notre gite chaleureux chez L\u00e9a \u00e0 Javols en Loz\u00e8re proche d&#039;Aumont-Aubrac et d\u00e9couvrez les jolies paysage qui l&#039;entoure.\" data-description=\"S\u00e9journez dans notre gite chaleureux chez L\u00e9a \u00e0 Javols en Loz\u00e8re proche d&#039;Aumont-Aubrac et d\u00e9couvrez les jolies paysage qui l&#039;entoure.\" data-caption=\"Acc\u00e8s gite lozere chez lea \u00e0 javols\" data-title=\"Acc\u00e8s gite lozere chez lea \u00e0 javols\" style=\" width:215px; height:215px;\" \/><\/div><FIGCAPTION class=\"\" data-alpha=\"10\" style=\"color:#ffffff; background-color:#3498db; font-size:140; text-align:left; font-family:Default;\" ><div class=\"grid-gallery-figcaption-wrap\" style=\" vertical-align:top;\"><\/div><\/FIGCAPTION><\/FIGURE><\/a><a id=\"gg-2-13\" class=\"gg-link \" data-attachment-id=\"593\" href=\"https:\/\/gitelozerejavols.com\/wp-content\/uploads\/2020\/11\/vue-du-gite-chez-lea-a-javols-en-lozere-scaled-e1606315476643.jpg?gid=2\" target=\"_self\" title=\"D\u00e9couvrez l&amp;#039;un des jolie panorama nature de Loz\u00e8re que vous pouvez trouver aux alentours du gite de charme de Loz\u00e8re \u00e0 Javols, proche Aumont-Aubrac.\" data-rel=\"prettyPhoto[pp_gal]\" style=\"border-radius:100%;\" ><FIGURE class=\"grid-gallery-caption\" data-grid-gallery-type=\"center\" data-index=\"3\" style=\"display:none;border:5pxsolid#ffffff; border-radius:100%; box-shadow:0px 0px 10px #000000;; margin:7.3px; width:2150;\" ><div class=\"crop\" style=\" width:2150; height:2150; overflow:hidden;\"><img decoding=\"async\" data-gg-real-image-href=\"http:\/\/gitelozerejavols.com\/wp-content\/uploads\/2020\/11\/vue-du-gite-chez-lea-a-javols-en-lozere-scaled-e1606315476643-215x215.jpg\" src=\"http:\/\/gitelozerejavols.com\/wp-content\/plugins\/gallery-by-supsystic\/src\/GridGallery\/Galleries\/assets\/img\/loading.gif\" class=\"ggImg ggLazyImg\" alt=\"Gite en Lozere \u00e0 Javols\" title=\"D\u00e9couvrez l&#039;un des jolie panorama nature de Loz\u00e8re que vous pouvez trouver aux alentours du gite de charme de Loz\u00e8re \u00e0 Javols, proche Aumont-Aubrac.\" data-description=\"D\u00e9couvrez l&#039;un des jolie panorama nature de Loz\u00e8re que vous pouvez trouver aux alentours du gite de charme de Loz\u00e8re \u00e0 Javols, proche Aumont-Aubrac.\" data-caption=\"vue-du-gite-chez-lea-\u00e0-javols-en-lozere\" data-title=\"vue-du-gite-chez-lea-\u00e0-javols-en-lozere\" style=\" width:215px; height:215px;\" \/><\/div><FIGCAPTION class=\"\" data-alpha=\"10\" style=\"color:#ffffff; background-color:#3498db; font-size:140; text-align:left; font-family:Default;\" ><div class=\"grid-gallery-figcaption-wrap\" style=\" vertical-align:top;\"><\/div><\/FIGCAPTION><\/FIGURE><\/a><a id=\"gg-2-16\" class=\"gg-link \" data-attachment-id=\"859\" href=\"https:\/\/gitelozerejavols.com\/wp-content\/uploads\/2020\/11\/Lozere-gite-javols-lozere-13-scaled-e1606729645389.jpg?gid=2\" target=\"_self\" title=\"S\u00e9journez dans notre agr\u00e9able gite de groupe chez L\u00e9a \u00e0 Javols proche Aumont Aubrac et passer un s\u00e9jour chaleureux et paisible en plein coeur de la Loz\u00e8re.\" data-rel=\"prettyPhoto[pp_gal]\" style=\"border-radius:100%;\" ><FIGURE class=\"grid-gallery-caption\" data-grid-gallery-type=\"center\" data-index=\"4\" style=\"display:none;border:5pxsolid#ffffff; border-radius:100%; box-shadow:0px 0px 10px #000000;; margin:7.3px; width:2150;\" ><div class=\"crop\" style=\" width:2150; height:2150; overflow:hidden;\"><img decoding=\"async\" data-gg-real-image-href=\"http:\/\/gitelozerejavols.com\/wp-content\/uploads\/2020\/11\/Lozere-gite-javols-lozere-13-scaled-e1606729645389-215x215.jpg\" src=\"http:\/\/gitelozerejavols.com\/wp-content\/plugins\/gallery-by-supsystic\/src\/GridGallery\/Galleries\/assets\/img\/loading.gif\" class=\"ggImg ggLazyImg\" alt=\"D\u00e9couvrez le gite de charme \u00e0 Javols en Loz\u00e8re\" title=\"S\u00e9journez dans notre agr\u00e9able gite de groupe chez L\u00e9a \u00e0 Javols proche Aumont Aubrac et passer un s\u00e9jour chaleureux et paisible en plein coeur de la Loz\u00e8re.\" data-description=\"S\u00e9journez dans notre agr\u00e9able gite de groupe chez L\u00e9a \u00e0 Javols proche Aumont Aubrac et passer un s\u00e9jour chaleureux et paisible en plein coeur de la Loz\u00e8re.\" data-caption=\"D\u00e9couvrez en Loz\u00e8re le joli gite de Javols Loz\u00e8re\" data-title=\"D\u00e9couvrez en Loz\u00e8re le joli gite de Javols Loz\u00e8re\" style=\" width:215px; height:215px;\" \/><\/div><FIGCAPTION class=\"\" data-alpha=\"10\" style=\"color:#ffffff; background-color:#3498db; font-size:140; text-align:left; font-family:Default;\" ><div class=\"grid-gallery-figcaption-wrap\" style=\" vertical-align:top;\"><\/div><\/FIGCAPTION><\/FIGURE><\/a> <div class=\"grid-gallery-clearfix\"><\/div> <\/div> <div class=\"gallery-sharing-bottom\"><\/div> <div class=\"grid-gallery-clearfix\"><\/div> <\/div> <!-- Gallery by Supsystic plugin1.15.14 --><a title=\"WordPress Image Gallery Plugin\" style=\"display:none;\" href=\"https:\/\/supsystic.com\/plugins\/photo-gallery\/?utm_medium=love_link\" target=\"_blank\">WordPress Image Gallery Plugin<\/a>\n<\/div>\n<\/div><\/div><\/div><\/div><\/div><\/div><\/div>\n\n\n<p><\/p>\n","protected":false},"excerpt":{"rendered":"<p>Chez L\u00e9a, your lodging located in Lozere, Javols. Ideally located in an authentic framework, our lodging in Lozere, Javols offers all the modern comfort needed to ensure a pleasant stay in the middle of the nature. It is in a warm atmosphere in the heart of the small Javolais hamlet and in the greatest respect [&hellip;]<\/p>\n","protected":false},"author":2,"featured_media":0,"parent":0,"menu_order":0,"comment_status":"closed","ping_status":"closed","template":"page-templates\/page_front-page.php","meta":{"footnotes":""},"yoast_head":"<!-- This site is optimized with the Yoast SEO plugin v21.6 - https:\/\/yoast.com\/wordpress\/plugins\/seo\/ -->\n<title>Cottage Javols - Discover the natural atmosphere of the cottage Chez L\u00e9a<\/title>\n<meta name=\"description\" content=\"Discover the cottage Chez L\u00e9a located in Javols, close to Aumont-Aubrac in the beautiful departement of Lozere.\" \/>\n<meta name=\"robots\" content=\"index, follow, max-snippet:-1, max-image-preview:large, max-video-preview:-1\" \/>\n<link rel=\"canonical\" href=\"https:\/\/gitelozerejavols.com\/en\/\" \/>\n<meta property=\"og:locale\" content=\"en_US\" \/>\n<meta property=\"og:type\" content=\"article\" \/>\n<meta property=\"og:title\" content=\"Cottage Javols - Discover the natural atmosphere of the cottage Chez L\u00e9a\" \/>\n<meta property=\"og:description\" content=\"Discover the cottage Chez L\u00e9a located in Javols, close to Aumont-Aubrac in the beautiful departement of Lozere.\" \/>\n<meta property=\"og:url\" content=\"https:\/\/gitelozerejavols.com\/en\/\" \/>\n<meta property=\"article:modified_time\" content=\"2020-12-09T13:25:55+00:00\" \/>\n<meta property=\"og:image\" content=\"http:\/\/gitelozerejavols.com\/wp-content\/plugins\/gallery-by-supsystic\/src\/GridGallery\/Galleries\/assets\/img\/loading.gif\" \/>\n<meta name=\"twitter:card\" content=\"summary_large_image\" \/>\n<meta name=\"twitter:label1\" content=\"Est. reading time\" \/>\n\t<meta name=\"twitter:data1\" content=\"1 minute\" \/>\n<script type=\"application\/ld+json\" class=\"yoast-schema-graph\">{\"@context\":\"https:\/\/schema.org\",\"@graph\":[{\"@type\":\"WebPage\",\"@id\":\"https:\/\/gitelozerejavols.com\/en\/\",\"url\":\"https:\/\/gitelozerejavols.com\/en\/\",\"name\":\"Cottage Javols - Discover the natural atmosphere of the cottage Chez L\u00e9a\",\"isPartOf\":{\"@id\":\"https:\/\/gitelozerejavols.com\/en\/#website\"},\"datePublished\":\"2020-10-16T09:55:13+00:00\",\"dateModified\":\"2020-12-09T13:25:55+00:00\",\"description\":\"Discover the cottage Chez L\u00e9a located in Javols, close to Aumont-Aubrac in the beautiful departement of Lozere.\",\"breadcrumb\":{\"@id\":\"https:\/\/gitelozerejavols.com\/en\/#breadcrumb\"},\"inLanguage\":\"en-US\",\"potentialAction\":[{\"@type\":\"ReadAction\",\"target\":[\"https:\/\/gitelozerejavols.com\/en\/\"]}]},{\"@type\":\"BreadcrumbList\",\"@id\":\"https:\/\/gitelozerejavols.com\/en\/#breadcrumb\",\"itemListElement\":[{\"@type\":\"ListItem\",\"position\":1,\"name\":\"Accueil\",\"item\":\"https:\/\/gitelozerejavols.com\/en\/\"},{\"@type\":\"ListItem\",\"position\":2,\"name\":\"HOME\"}]},{\"@type\":\"WebSite\",\"@id\":\"https:\/\/gitelozerejavols.com\/en\/#website\",\"url\":\"https:\/\/gitelozerejavols.com\/en\/\",\"name\":\"\",\"description\":\"\",\"potentialAction\":[{\"@type\":\"SearchAction\",\"target\":{\"@type\":\"EntryPoint\",\"urlTemplate\":\"https:\/\/gitelozerejavols.com\/en\/?s={search_term_string}\"},\"query-input\":\"required name=search_term_string\"}],\"inLanguage\":\"en-US\"}]}<\/script>\n<!-- \/ Yoast SEO plugin. -->","yoast_head_json":{"title":"Cottage Javols - Discover the natural atmosphere of the cottage Chez L\u00e9a","description":"Discover the cottage Chez L\u00e9a located in Javols, close to Aumont-Aubrac in the beautiful departement of Lozere.","robots":{"index":"index","follow":"follow","max-snippet":"max-snippet:-1","max-image-preview":"max-image-preview:large","max-video-preview":"max-video-preview:-1"},"canonical":"https:\/\/gitelozerejavols.com\/en\/","og_locale":"en_US","og_type":"article","og_title":"Cottage Javols - Discover the natural atmosphere of the cottage Chez L\u00e9a","og_description":"Discover the cottage Chez L\u00e9a located in Javols, close to Aumont-Aubrac in the beautiful departement of Lozere.","og_url":"https:\/\/gitelozerejavols.com\/en\/","article_modified_time":"2020-12-09T13:25:55+00:00","og_image":[{"url":"http:\/\/gitelozerejavols.com\/wp-content\/plugins\/gallery-by-supsystic\/src\/GridGallery\/Galleries\/assets\/img\/loading.gif"}],"twitter_card":"summary_large_image","twitter_misc":{"Est. reading time":"1 minute"},"schema":{"@context":"https:\/\/schema.org","@graph":[{"@type":"WebPage","@id":"https:\/\/gitelozerejavols.com\/en\/","url":"https:\/\/gitelozerejavols.com\/en\/","name":"Cottage Javols - Discover the natural atmosphere of the cottage Chez L\u00e9a","isPartOf":{"@id":"https:\/\/gitelozerejavols.com\/en\/#website"},"datePublished":"2020-10-16T09:55:13+00:00","dateModified":"2020-12-09T13:25:55+00:00","description":"Discover the cottage Chez L\u00e9a located in Javols, close to Aumont-Aubrac in the beautiful departement of Lozere.","breadcrumb":{"@id":"https:\/\/gitelozerejavols.com\/en\/#breadcrumb"},"inLanguage":"en-US","potentialAction":[{"@type":"ReadAction","target":["https:\/\/gitelozerejavols.com\/en\/"]}]},{"@type":"BreadcrumbList","@id":"https:\/\/gitelozerejavols.com\/en\/#breadcrumb","itemListElement":[{"@type":"ListItem","position":1,"name":"Accueil","item":"https:\/\/gitelozerejavols.com\/en\/"},{"@type":"ListItem","position":2,"name":"HOME"}]},{"@type":"WebSite","@id":"https:\/\/gitelozerejavols.com\/en\/#website","url":"https:\/\/gitelozerejavols.com\/en\/","name":"","description":"","potentialAction":[{"@type":"SearchAction","target":{"@type":"EntryPoint","urlTemplate":"https:\/\/gitelozerejavols.com\/en\/?s={search_term_string}"},"query-input":"required name=search_term_string"}],"inLanguage":"en-US"}]}},"_links":{"self":[{"href":"https:\/\/gitelozerejavols.com\/en\/wp-json\/wp\/v2\/pages\/175"}],"collection":[{"href":"https:\/\/gitelozerejavols.com\/en\/wp-json\/wp\/v2\/pages"}],"about":[{"href":"https:\/\/gitelozerejavols.com\/en\/wp-json\/wp\/v2\/types\/page"}],"author":[{"embeddable":true,"href":"https:\/\/gitelozerejavols.com\/en\/wp-json\/wp\/v2\/users\/2"}],"replies":[{"embeddable":true,"href":"https:\/\/gitelozerejavols.com\/en\/wp-json\/wp\/v2\/comments?post=175"}],"version-history":[{"count":4,"href":"https:\/\/gitelozerejavols.com\/en\/wp-json\/wp\/v2\/pages\/175\/revisions"}],"predecessor-version":[{"id":1025,"href":"https:\/\/gitelozerejavols.com\/en\/wp-json\/wp\/v2\/pages\/175\/revisions\/1025"}],"wp:attachment":[{"href":"https:\/\/gitelozerejavols.com\/en\/wp-json\/wp\/v2\/media?parent=175"}],"curies":[{"name":"wp","href":"https:\/\/api.w.org\/{rel}","templated":true}]}}