{"id":179,"date":"2020-10-16T11:57:58","date_gmt":"2020-10-16T09:57:58","guid":{"rendered":"http:\/\/gitelozerejavols.com\/activites-saisonnieres\/"},"modified":"2020-12-09T15:02:31","modified_gmt":"2020-12-09T14:02:31","slug":"activities-javols-lozere-cottage","status":"publish","type":"page","link":"https:\/\/gitelozerejavols.com\/en\/activities-javols-lozere-cottage\/","title":{"rendered":"Seasonnal activities"},"content":{"rendered":"<div id=\"pl-gb179-69d44bbbd63f7\"  class=\"panel-layout\" ><div id=\"pg-gb179-69d44bbbd63f7-0\"  class=\"panel-grid panel-has-style\" ><div style=\"padding: 100px 0; \" data-overlay=\"true\" data-overlay-color=\"#000000\" class=\"panel-row-style panel-row-style-for-gb179-69d44bbbd63f7-0\" ><div id=\"pgc-gb179-69d44bbbd63f7-0-0\"  class=\"panel-grid-cell\" ><div id=\"panel-gb179-69d44bbbd63f7-0-0-0\" class=\"so-panel widget widget_sow-editor panel-first-child\" data-index=\"0\" ><div style=\"text-align: left;\" data-title-color=\"#443f3f\" data-headings-color=\"#443f3f\" class=\"panel-widget-style panel-widget-style-for-gb179-69d44bbbd63f7-0-0-0\" ><div\n\t\t\t\n\t\t\tclass=\"so-widget-sow-editor so-widget-sow-editor-base\"\n\t\t\t\n\t\t><h3 class=\"widget-title\">Seasonal activities<\/h3>\n<div class=\"siteorigin-widget-tinymce textwidget\">\n\t<h2 style=\"text-align: center;\">ACTIVITIES NEARBY THE COTTAGE IN LOZERE<\/h2>\n<p>How to entertain yourself during your stay in our g\u00eete chez L\u00e9a near Aumont-Aubrac?<\/p>\n<p>In order to offer you a complete stay, we have selected several activites nearby the cottage in Lozere. Indeed, our department has a significant seasonality depending on the period in which you come to stay. From then on, discover here our selection of typical restaurants, museums, lakes, waterfalls, hikes on the famous road to Saint Jacques de Compostelle for example but also many other activities nearby the cottage to make you fully enjoy our beautiful region in Loz\u00e8re.<\/p>\n<p>Note that the cottage is located nearby each of the activities offered below.<\/p>\n<p>Finally, if you want to explore more leisure, we also give you an appointment on the <a href=\"https:\/\/www.lozere-tourisme.com\/\" target=\"_blank\" rel=\"noopener noreferrer\">Loz\u00e8re Tourisme website<\/a> or you can take an appointment with the various local tourist offices. Actually, you will find something to take care of during your stay at the gite near Aumont-Aubrac in Loz\u00e8re!<\/p>\n<p>Show all Fall Summer Winter Spring<\/p>\n<p>&nbsp;<\/p>\n<\/div>\n<\/div><\/div><\/div><div id=\"panel-gb179-69d44bbbd63f7-0-0-1\" class=\"so-panel widget widget_sydney_portfolio sydney_portfolio_widget panel-last-child\" data-index=\"1\" ><div style=\"text-align: left;\" data-title-color=\"#443f3f\" data-headings-color=\"#443f3f\" class=\"panel-widget-style panel-widget-style-for-gb179-69d44bbbd63f7-0-0-1\" ><div class=\"project-wrap\"><ul class=\"project-filter\" id=\"filters\"><li><a href=\"#\" data-filter=\"*\">Tout afficher<\/a><\/li><li><a href='#' data-filter='.automne-en'>Autumn<\/a><\/li>\n<li><a href='#' data-filter='.printemps-en'>Spring<\/a><\/li>\n<li><a href='#' data-filter='.ete'>Summer<\/a><\/li>\n<li><a href='#' data-filter='.hiver-en'>Winter<\/a><\/li>\n<\/ul><div class=\"roll-project fullwidth\"><div class=\"isotope-container\" data-portfolio-effect=\"fadeInUp\"><div class=\"project-item item isotope-item automne-en \"><a class=\"project-pop-wrap\" href=\"http:\/\/gitelozerejavols.com\/le-brame-du-cerf\/\"><div class=\"project-pop\"><\/div><div class=\"project-title-wrap\"><div class=\"project-title\"><span>The deer&#8217;s slab<\/span><\/div><\/div><\/a><a href=\"http:\/\/gitelozerejavols.com\/le-brame-du-cerf\/\"><img loading=\"lazy\" decoding=\"async\" width=\"300\" height=\"300\" src=\"https:\/\/gitelozerejavols.com\/wp-content\/uploads\/2023\/12\/Sejour-chaleureux-en-Lozere-au-gite-chez-Lea-a-Javols-1.png\" class=\"attachment-sydney-mas-thumb size-sydney-mas-thumb wp-post-image\" alt=\"D\u00e9couvrez votre gite de charme en Loz\u00e8re Javols\" srcset=\"https:\/\/gitelozerejavols.com\/wp-content\/uploads\/2023\/12\/Sejour-chaleureux-en-Lozere-au-gite-chez-Lea-a-Javols-1.png 300w, https:\/\/gitelozerejavols.com\/wp-content\/uploads\/2023\/12\/Sejour-chaleureux-en-Lozere-au-gite-chez-Lea-a-Javols-1-150x150.png 150w, https:\/\/gitelozerejavols.com\/wp-content\/uploads\/2023\/12\/Sejour-chaleureux-en-Lozere-au-gite-chez-Lea-a-Javols-1-230x230.png 230w\" sizes=\"(max-width: 300px) 100vw, 300px\" \/><\/a><\/div><div class=\"project-item item isotope-item automne-en printemps-en ete \"><a class=\"project-pop-wrap\" href=\"http:\/\/gitelozerejavols.com\/les-randonnees\/\"><div class=\"project-pop\"><\/div><div class=\"project-title-wrap\"><div class=\"project-title\"><span>The Hikes<\/span><\/div><\/div><\/a><a href=\"http:\/\/gitelozerejavols.com\/les-randonnees\/\"><img loading=\"lazy\" decoding=\"async\" width=\"300\" height=\"300\" src=\"https:\/\/gitelozerejavols.com\/wp-content\/uploads\/2023\/12\/Gite-de-charme-Javols-en-Lozere.png\" class=\"attachment-sydney-mas-thumb size-sydney-mas-thumb wp-post-image\" alt=\"S\u00e9jour au g\u00eete chaleureux chez L\u00e9a en Loz\u00e8re\" srcset=\"https:\/\/gitelozerejavols.com\/wp-content\/uploads\/2023\/12\/Gite-de-charme-Javols-en-Lozere.png 300w, https:\/\/gitelozerejavols.com\/wp-content\/uploads\/2023\/12\/Gite-de-charme-Javols-en-Lozere-150x150.png 150w, https:\/\/gitelozerejavols.com\/wp-content\/uploads\/2023\/12\/Gite-de-charme-Javols-en-Lozere-230x230.png 230w\" sizes=\"(max-width: 300px) 100vw, 300px\" \/><\/a><\/div><div class=\"project-item item isotope-item automne-en \"><a class=\"project-pop-wrap\" href=\"http:\/\/gitelozerejavols.com\/cueillir-en-lozere\/\"><div class=\"project-pop\"><\/div><div class=\"project-title-wrap\"><div class=\"project-title\"><span>Picking in Lozere<\/span><\/div><\/div><\/a><a href=\"http:\/\/gitelozerejavols.com\/cueillir-en-lozere\/\"><img loading=\"lazy\" decoding=\"async\" width=\"300\" height=\"300\" src=\"https:\/\/gitelozerejavols.com\/wp-content\/uploads\/2023\/12\/Sejourner-en-Lozere-gite-a-Javols-proche-Aumont-Aubrac-cepes.png\" class=\"attachment-sydney-mas-thumb size-sydney-mas-thumb wp-post-image\" alt=\"G\u00eete Aumont-Aubrac javols lozere - cueillette des c\u00e8pes\" srcset=\"https:\/\/gitelozerejavols.com\/wp-content\/uploads\/2023\/12\/Sejourner-en-Lozere-gite-a-Javols-proche-Aumont-Aubrac-cepes.png 300w, https:\/\/gitelozerejavols.com\/wp-content\/uploads\/2023\/12\/Sejourner-en-Lozere-gite-a-Javols-proche-Aumont-Aubrac-cepes-150x150.png 150w, https:\/\/gitelozerejavols.com\/wp-content\/uploads\/2023\/12\/Sejourner-en-Lozere-gite-a-Javols-proche-Aumont-Aubrac-cepes-230x230.png 230w\" sizes=\"(max-width: 300px) 100vw, 300px\" \/><\/a><\/div><div class=\"project-item item isotope-item ete \"><a class=\"project-pop-wrap\" href=\"http:\/\/gitelozerejavols.com\/les-gorges-du-tarn\/\"><div class=\"project-pop\"><\/div><div class=\"project-title-wrap\"><div class=\"project-title\"><span>The gorges of the tarn river<\/span><\/div><\/div><\/a><a href=\"http:\/\/gitelozerejavols.com\/les-gorges-du-tarn\/\"><img loading=\"lazy\" decoding=\"async\" width=\"300\" height=\"300\" src=\"https:\/\/gitelozerejavols.com\/wp-content\/uploads\/2023\/12\/Gite-de-charmer-en-Lozere-proche-Aubrac.png\" class=\"attachment-sydney-mas-thumb size-sydney-mas-thumb wp-post-image\" alt=\"S\u00e9journez dans votre gite de charme \u00e0 Javols en Loz\u00e8re\" srcset=\"https:\/\/gitelozerejavols.com\/wp-content\/uploads\/2023\/12\/Gite-de-charmer-en-Lozere-proche-Aubrac.png 300w, https:\/\/gitelozerejavols.com\/wp-content\/uploads\/2023\/12\/Gite-de-charmer-en-Lozere-proche-Aubrac-150x150.png 150w, https:\/\/gitelozerejavols.com\/wp-content\/uploads\/2023\/12\/Gite-de-charmer-en-Lozere-proche-Aubrac-230x230.png 230w\" sizes=\"(max-width: 300px) 100vw, 300px\" \/><\/a><\/div><div class=\"project-item item isotope-item printemps-en \"><a class=\"project-pop-wrap\" href=\"http:\/\/gitelozerejavols.com\/ramassage-des-narcisses\/\"><div class=\"project-pop\"><\/div><div class=\"project-title-wrap\"><div class=\"project-title\"><span>Collecting daffodils<\/span><\/div><\/div><\/a><a href=\"http:\/\/gitelozerejavols.com\/ramassage-des-narcisses\/\"><img loading=\"lazy\" decoding=\"async\" width=\"300\" height=\"300\" src=\"https:\/\/gitelozerejavols.com\/wp-content\/uploads\/2023\/12\/Gite-de-groupe-a-Javols-en-Lozere-proche-daumont-Aubrac.png\" class=\"attachment-sydney-mas-thumb size-sydney-mas-thumb wp-post-image\" alt=\"D\u00e9couvrez en Loz\u00e8re votre gite de charme \u00e0 Javols proche d&#039;aumont aubrac\" srcset=\"https:\/\/gitelozerejavols.com\/wp-content\/uploads\/2023\/12\/Gite-de-groupe-a-Javols-en-Lozere-proche-daumont-Aubrac.png 300w, https:\/\/gitelozerejavols.com\/wp-content\/uploads\/2023\/12\/Gite-de-groupe-a-Javols-en-Lozere-proche-daumont-Aubrac-150x150.png 150w, https:\/\/gitelozerejavols.com\/wp-content\/uploads\/2023\/12\/Gite-de-groupe-a-Javols-en-Lozere-proche-daumont-Aubrac-230x230.png 230w\" sizes=\"(max-width: 300px) 100vw, 300px\" \/><\/a><\/div><div class=\"project-item item isotope-item automne-en printemps-en ete \"><a class=\"project-pop-wrap\" href=\"http:\/\/gitelozerejavols.com\/cascade-deroc\/\"><div class=\"project-pop\"><\/div><div class=\"project-title-wrap\"><div class=\"project-title\"><span>Deroc Waterfall<\/span><\/div><\/div><\/a><a href=\"http:\/\/gitelozerejavols.com\/cascade-deroc\/\"><img loading=\"lazy\" decoding=\"async\" width=\"300\" height=\"300\" src=\"https:\/\/gitelozerejavols.com\/wp-content\/uploads\/2020\/11\/cascade-deroc-proche-du-gite-chez-lea-en-lozere-a-javols.jpg\" class=\"attachment-sydney-mas-thumb size-sydney-mas-thumb wp-post-image\" alt=\"s\u00e9journez au gite chez lea a javols et d\u00e9couvrez la cascade du d\u00e9roc en lozere\" srcset=\"https:\/\/gitelozerejavols.com\/wp-content\/uploads\/2020\/11\/cascade-deroc-proche-du-gite-chez-lea-en-lozere-a-javols.jpg 300w, https:\/\/gitelozerejavols.com\/wp-content\/uploads\/2020\/11\/cascade-deroc-proche-du-gite-chez-lea-en-lozere-a-javols-150x150.jpg 150w, https:\/\/gitelozerejavols.com\/wp-content\/uploads\/2020\/11\/cascade-deroc-proche-du-gite-chez-lea-en-lozere-a-javols-230x230.jpg 230w\" sizes=\"(max-width: 300px) 100vw, 300px\" \/><\/a><\/div><div class=\"project-item item isotope-item printemps-en ete \"><a class=\"project-pop-wrap\" href=\"http:\/\/gitelozerejavols.com\/les-burons\/\"><div class=\"project-pop\"><\/div><div class=\"project-title-wrap\"><div class=\"project-title\"><span>Burons<\/span><\/div><\/div><\/a><a href=\"http:\/\/gitelozerejavols.com\/les-burons\/\"><img loading=\"lazy\" decoding=\"async\" width=\"300\" height=\"300\" src=\"https:\/\/gitelozerejavols.com\/wp-content\/uploads\/2023\/12\/Sejour-au-gite-de-groupe-chez-Lea-a-Javols-en-Lozere.png\" class=\"attachment-sydney-mas-thumb size-sydney-mas-thumb wp-post-image\" alt=\"D\u00e9couvrez les sp\u00e9cialit\u00e9s de la Loz\u00e8re pr\u00e8s du gite \u00e0 Javols\" srcset=\"https:\/\/gitelozerejavols.com\/wp-content\/uploads\/2023\/12\/Sejour-au-gite-de-groupe-chez-Lea-a-Javols-en-Lozere.png 300w, https:\/\/gitelozerejavols.com\/wp-content\/uploads\/2023\/12\/Sejour-au-gite-de-groupe-chez-Lea-a-Javols-en-Lozere-150x150.png 150w, https:\/\/gitelozerejavols.com\/wp-content\/uploads\/2023\/12\/Sejour-au-gite-de-groupe-chez-Lea-a-Javols-en-Lozere-230x230.png 230w\" sizes=\"(max-width: 300px) 100vw, 300px\" \/><\/a><\/div><div class=\"project-item item isotope-item automne-en printemps-en ete hiver-en \"><a class=\"project-pop-wrap\" href=\"http:\/\/gitelozerejavols.com\/le-musee-de-javols\/\"><div class=\"project-pop\"><\/div><div class=\"project-title-wrap\"><div class=\"project-title\"><span>The Javols Museum<\/span><\/div><\/div><\/a><a href=\"http:\/\/gitelozerejavols.com\/le-musee-de-javols\/\"><img loading=\"lazy\" decoding=\"async\" width=\"300\" height=\"300\" src=\"https:\/\/gitelozerejavols.com\/wp-content\/uploads\/2023\/12\/Activites-proche-du-gite-chez-Lea-en-Lozere.png\" class=\"attachment-sydney-mas-thumb size-sydney-mas-thumb wp-post-image\" alt=\"D\u00e9couvrez votre gite de charme \u00e0 Javols, Loz\u00e8re\" srcset=\"https:\/\/gitelozerejavols.com\/wp-content\/uploads\/2023\/12\/Activites-proche-du-gite-chez-Lea-en-Lozere.png 300w, https:\/\/gitelozerejavols.com\/wp-content\/uploads\/2023\/12\/Activites-proche-du-gite-chez-Lea-en-Lozere-150x150.png 150w, https:\/\/gitelozerejavols.com\/wp-content\/uploads\/2023\/12\/Activites-proche-du-gite-chez-Lea-en-Lozere-230x230.png 230w\" sizes=\"(max-width: 300px) 100vw, 300px\" \/><\/a><\/div><div class=\"project-item item isotope-item automne-en printemps-en ete hiver-en \"><a class=\"project-pop-wrap\" href=\"http:\/\/gitelozerejavols.com\/le-lac-de-charpal\/\"><div class=\"project-pop\"><\/div><div class=\"project-title-wrap\"><div class=\"project-title\"><span>The lake of charpal<\/span><\/div><\/div><\/a><a href=\"http:\/\/gitelozerejavols.com\/le-lac-de-charpal\/\"><img loading=\"lazy\" decoding=\"async\" width=\"480\" height=\"480\" src=\"https:\/\/gitelozerejavols.com\/wp-content\/uploads\/2020\/10\/gite-chez-lea-javols-lozere-lac-charpal-480x480.png\" class=\"attachment-sydney-mas-thumb size-sydney-mas-thumb wp-post-image\" alt=\"Le lac de charpal non loin du g\u00eete lozere Javols\" srcset=\"https:\/\/gitelozerejavols.com\/wp-content\/uploads\/2020\/10\/gite-chez-lea-javols-lozere-lac-charpal-480x480.png 480w, https:\/\/gitelozerejavols.com\/wp-content\/uploads\/2020\/10\/gite-chez-lea-javols-lozere-lac-charpal-300x300.png 300w, https:\/\/gitelozerejavols.com\/wp-content\/uploads\/2020\/10\/gite-chez-lea-javols-lozere-lac-charpal-1024x1024.png 1024w, https:\/\/gitelozerejavols.com\/wp-content\/uploads\/2020\/10\/gite-chez-lea-javols-lozere-lac-charpal-150x150.png 150w, https:\/\/gitelozerejavols.com\/wp-content\/uploads\/2020\/10\/gite-chez-lea-javols-lozere-lac-charpal-768x768.png 768w, https:\/\/gitelozerejavols.com\/wp-content\/uploads\/2020\/10\/gite-chez-lea-javols-lozere-lac-charpal-830x830.png 830w, https:\/\/gitelozerejavols.com\/wp-content\/uploads\/2020\/10\/gite-chez-lea-javols-lozere-lac-charpal-230x230.png 230w, https:\/\/gitelozerejavols.com\/wp-content\/uploads\/2020\/10\/gite-chez-lea-javols-lozere-lac-charpal-350x350.png 350w, https:\/\/gitelozerejavols.com\/wp-content\/uploads\/2020\/10\/gite-chez-lea-javols-lozere-lac-charpal.png 1080w\" sizes=\"(max-width: 480px) 100vw, 480px\" \/><\/a><\/div><div class=\"project-item item isotope-item automne-en printemps-en ete hiver-en \"><a class=\"project-pop-wrap\" href=\"http:\/\/gitelozerejavols.com\/les-bisons-deurope\/\"><div class=\"project-pop\"><\/div><div class=\"project-title-wrap\"><div class=\"project-title\"><span>European Bisons and Gevaudan Wolf<\/span><\/div><\/div><\/a><a href=\"http:\/\/gitelozerejavols.com\/les-bisons-deurope\/\"><img loading=\"lazy\" decoding=\"async\" width=\"480\" height=\"480\" src=\"https:\/\/gitelozerejavols.com\/wp-content\/uploads\/2020\/11\/loup-du-gevaudan-parc-animalier-proche-du-gite-javols-lozere-480x480.jpg\" class=\"attachment-sydney-mas-thumb size-sydney-mas-thumb wp-post-image\" alt=\"Gite javols lozere activit\u00e9 du parc des loup du G\u00e9vaudan\" srcset=\"https:\/\/gitelozerejavols.com\/wp-content\/uploads\/2020\/11\/loup-du-gevaudan-parc-animalier-proche-du-gite-javols-lozere-480x480.jpg 480w, https:\/\/gitelozerejavols.com\/wp-content\/uploads\/2020\/11\/loup-du-gevaudan-parc-animalier-proche-du-gite-javols-lozere-300x300.jpg 300w, https:\/\/gitelozerejavols.com\/wp-content\/uploads\/2020\/11\/loup-du-gevaudan-parc-animalier-proche-du-gite-javols-lozere-150x150.jpg 150w, https:\/\/gitelozerejavols.com\/wp-content\/uploads\/2020\/11\/loup-du-gevaudan-parc-animalier-proche-du-gite-javols-lozere-230x230.jpg 230w, https:\/\/gitelozerejavols.com\/wp-content\/uploads\/2020\/11\/loup-du-gevaudan-parc-animalier-proche-du-gite-javols-lozere-350x350.jpg 350w, https:\/\/gitelozerejavols.com\/wp-content\/uploads\/2020\/11\/loup-du-gevaudan-parc-animalier-proche-du-gite-javols-lozere.jpg 550w\" sizes=\"(max-width: 480px) 100vw, 480px\" \/><\/a><\/div><\/div><\/div><\/div><!-- \/.project-wrap --><\/div><\/div><\/div><\/div><\/div><\/div>\n\n\n<p><\/p>\n","protected":false},"excerpt":{"rendered":"","protected":false},"author":2,"featured_media":0,"parent":0,"menu_order":0,"comment_status":"closed","ping_status":"closed","template":"page-templates\/page_front-page.php","meta":{"footnotes":""},"yoast_head":"<!-- This site is optimized with the Yoast SEO plugin v21.6 - https:\/\/yoast.com\/wordpress\/plugins\/seo\/ -->\n<title>activities nearby the cottage in lozere - enjoy your stay in Javols<\/title>\n<meta name=\"description\" content=\"We have selected activities nearby the cottage in lozere according to the different seasons, to offer you a complete stay.\" \/>\n<meta name=\"robots\" content=\"index, follow, max-snippet:-1, max-image-preview:large, max-video-preview:-1\" \/>\n<link rel=\"canonical\" href=\"http:\/\/gitelozerejavols.com\/en\/activities-javols-lozere-cottage\/\" \/>\n<meta property=\"og:locale\" content=\"en_US\" \/>\n<meta property=\"og:type\" content=\"article\" \/>\n<meta property=\"og:title\" content=\"activities nearby the cottage in lozere - enjoy your stay in Javols\" \/>\n<meta property=\"og:description\" content=\"We have selected activities nearby the cottage in lozere according to the different seasons, to offer you a complete stay.\" \/>\n<meta property=\"og:url\" content=\"http:\/\/gitelozerejavols.com\/en\/activities-javols-lozere-cottage\/\" \/>\n<meta property=\"article:modified_time\" content=\"2020-12-09T14:02:31+00:00\" \/>\n<meta property=\"og:image\" content=\"http:\/\/gitelozerejavols.com\/wp-content\/uploads\/2020\/11\/Sans-titre-5-480x480.png\" \/>\n<meta name=\"twitter:card\" content=\"summary_large_image\" \/>\n<meta name=\"twitter:label1\" content=\"Est. reading time\" \/>\n\t<meta name=\"twitter:data1\" content=\"1 minute\" \/>\n<script type=\"application\/ld+json\" class=\"yoast-schema-graph\">{\"@context\":\"https:\/\/schema.org\",\"@graph\":[{\"@type\":\"WebPage\",\"@id\":\"http:\/\/gitelozerejavols.com\/en\/activities-javols-lozere-cottage\/\",\"url\":\"http:\/\/gitelozerejavols.com\/en\/activities-javols-lozere-cottage\/\",\"name\":\"activities nearby the cottage in lozere - enjoy your stay in Javols\",\"isPartOf\":{\"@id\":\"http:\/\/gitelozerejavols.com\/#website\"},\"datePublished\":\"2020-10-16T09:57:58+00:00\",\"dateModified\":\"2020-12-09T14:02:31+00:00\",\"description\":\"We have selected activities nearby the cottage in lozere according to the different seasons, to offer you a complete stay.\",\"breadcrumb\":{\"@id\":\"http:\/\/gitelozerejavols.com\/en\/activities-javols-lozere-cottage\/#breadcrumb\"},\"inLanguage\":\"en-US\",\"potentialAction\":[{\"@type\":\"ReadAction\",\"target\":[\"http:\/\/gitelozerejavols.com\/en\/activities-javols-lozere-cottage\/\"]}]},{\"@type\":\"BreadcrumbList\",\"@id\":\"http:\/\/gitelozerejavols.com\/en\/activities-javols-lozere-cottage\/#breadcrumb\",\"itemListElement\":[{\"@type\":\"ListItem\",\"position\":1,\"name\":\"Accueil\",\"item\":\"https:\/\/gitelozerejavols.com\/en\/\"},{\"@type\":\"ListItem\",\"position\":2,\"name\":\"Seasonnal activities\"}]},{\"@type\":\"WebSite\",\"@id\":\"http:\/\/gitelozerejavols.com\/#website\",\"url\":\"http:\/\/gitelozerejavols.com\/\",\"name\":\"\",\"description\":\"\",\"potentialAction\":[{\"@type\":\"SearchAction\",\"target\":{\"@type\":\"EntryPoint\",\"urlTemplate\":\"http:\/\/gitelozerejavols.com\/?s={search_term_string}\"},\"query-input\":\"required name=search_term_string\"}],\"inLanguage\":\"en-US\"}]}<\/script>\n<!-- \/ Yoast SEO plugin. -->","yoast_head_json":{"title":"activities nearby the cottage in lozere - enjoy your stay in Javols","description":"We have selected activities nearby the cottage in lozere according to the different seasons, to offer you a complete stay.","robots":{"index":"index","follow":"follow","max-snippet":"max-snippet:-1","max-image-preview":"max-image-preview:large","max-video-preview":"max-video-preview:-1"},"canonical":"http:\/\/gitelozerejavols.com\/en\/activities-javols-lozere-cottage\/","og_locale":"en_US","og_type":"article","og_title":"activities nearby the cottage in lozere - enjoy your stay in Javols","og_description":"We have selected activities nearby the cottage in lozere according to the different seasons, to offer you a complete stay.","og_url":"http:\/\/gitelozerejavols.com\/en\/activities-javols-lozere-cottage\/","article_modified_time":"2020-12-09T14:02:31+00:00","og_image":[{"url":"http:\/\/gitelozerejavols.com\/wp-content\/uploads\/2020\/11\/Sans-titre-5-480x480.png"}],"twitter_card":"summary_large_image","twitter_misc":{"Est. reading time":"1 minute"},"schema":{"@context":"https:\/\/schema.org","@graph":[{"@type":"WebPage","@id":"http:\/\/gitelozerejavols.com\/en\/activities-javols-lozere-cottage\/","url":"http:\/\/gitelozerejavols.com\/en\/activities-javols-lozere-cottage\/","name":"activities nearby the cottage in lozere - enjoy your stay in Javols","isPartOf":{"@id":"http:\/\/gitelozerejavols.com\/#website"},"datePublished":"2020-10-16T09:57:58+00:00","dateModified":"2020-12-09T14:02:31+00:00","description":"We have selected activities nearby the cottage in lozere according to the different seasons, to offer you a complete stay.","breadcrumb":{"@id":"http:\/\/gitelozerejavols.com\/en\/activities-javols-lozere-cottage\/#breadcrumb"},"inLanguage":"en-US","potentialAction":[{"@type":"ReadAction","target":["http:\/\/gitelozerejavols.com\/en\/activities-javols-lozere-cottage\/"]}]},{"@type":"BreadcrumbList","@id":"http:\/\/gitelozerejavols.com\/en\/activities-javols-lozere-cottage\/#breadcrumb","itemListElement":[{"@type":"ListItem","position":1,"name":"Accueil","item":"https:\/\/gitelozerejavols.com\/en\/"},{"@type":"ListItem","position":2,"name":"Seasonnal activities"}]},{"@type":"WebSite","@id":"http:\/\/gitelozerejavols.com\/#website","url":"http:\/\/gitelozerejavols.com\/","name":"","description":"","potentialAction":[{"@type":"SearchAction","target":{"@type":"EntryPoint","urlTemplate":"http:\/\/gitelozerejavols.com\/?s={search_term_string}"},"query-input":"required name=search_term_string"}],"inLanguage":"en-US"}]}},"_links":{"self":[{"href":"https:\/\/gitelozerejavols.com\/en\/wp-json\/wp\/v2\/pages\/179"}],"collection":[{"href":"https:\/\/gitelozerejavols.com\/en\/wp-json\/wp\/v2\/pages"}],"about":[{"href":"https:\/\/gitelozerejavols.com\/en\/wp-json\/wp\/v2\/types\/page"}],"author":[{"embeddable":true,"href":"https:\/\/gitelozerejavols.com\/en\/wp-json\/wp\/v2\/users\/2"}],"replies":[{"embeddable":true,"href":"https:\/\/gitelozerejavols.com\/en\/wp-json\/wp\/v2\/comments?post=179"}],"version-history":[{"count":8,"href":"https:\/\/gitelozerejavols.com\/en\/wp-json\/wp\/v2\/pages\/179\/revisions"}],"predecessor-version":[{"id":1036,"href":"https:\/\/gitelozerejavols.com\/en\/wp-json\/wp\/v2\/pages\/179\/revisions\/1036"}],"wp:attachment":[{"href":"https:\/\/gitelozerejavols.com\/en\/wp-json\/wp\/v2\/media?parent=179"}],"curies":[{"name":"wp","href":"https:\/\/api.w.org\/{rel}","templated":true}]}}